{"id":102429,"date":"2025-09-09T11:35:48","date_gmt":"2025-09-09T09:35:48","guid":{"rendered":"https:\/\/visit-rt.de\/?page_id=102429"},"modified":"2026-03-17T17:22:30","modified_gmt":"2026-03-17T16:22:30","slug":"wohnmobile-camping","status":"publish","type":"page","link":"https:\/\/visitreutlingen.de\/es\/buchen\/wohnmobile-camping\/","title":{"rendered":"Wohnmobile &#038; Camping"},"content":{"rendered":"\t\t<div data-elementor-type=\"wp-page\" data-elementor-id=\"102429\" class=\"elementor elementor-102429\" data-elementor-post-type=\"page\">\n\t\t\t\t<div class=\"elementor-element elementor-element-e3c5e66 e-flex e-con-boxed e-con e-parent\" data-id=\"e3c5e66\" data-element_type=\"container\" data-e-type=\"container\">\n\t\t\t\t\t<div class=\"e-con-inner\">\n\t\t<div class=\"elementor-element elementor-element-37d739eb e-con-full animated-fast e-flex elementor-invisible e-con e-child\" data-id=\"37d739eb\" data-element_type=\"container\" data-e-type=\"container\" data-settings=\"{&quot;animation&quot;:&quot;fadeInDown&quot;}\">\n\t\t\t\t<div class=\"elementor-element elementor-element-55df144d elementor-widget elementor-widget-heading\" data-id=\"55df144d\" data-element_type=\"widget\" data-e-type=\"widget\" data-widget_type=\"heading.default\">\n\t\t\t\t<div class=\"elementor-widget-container\">\n\t\t\t\t\t<h1 class=\"elementor-heading-title elementor-size-default\">Wohnmobile &amp; Camping<\/h1>\t\t\t\t<\/div>\n\t\t\t\t<\/div>\n\t\t\t\t<div class=\"elementor-element elementor-element-776108c2 elementor-widget elementor-widget-heading\" data-id=\"776108c2\" data-element_type=\"widget\" data-e-type=\"widget\" data-widget_type=\"heading.default\">\n\t\t\t\t<div class=\"elementor-widget-container\">\n\t\t\t\t\t<h3 class=\"elementor-heading-title elementor-size-default\">Heimat auf vier R\u00e4dern...<\/h3>\t\t\t\t<\/div>\n\t\t\t\t<\/div>\n\t\t\t\t<div class=\"elementor-element elementor-element-31cf9158 elementor-widget elementor-widget-text-editor\" data-id=\"31cf9158\" data-element_type=\"widget\" data-e-type=\"widget\" data-widget_type=\"text-editor.default\">\n\t\t\t\t<div class=\"elementor-widget-container\">\n\t\t\t\t\t\t\t\t\t<p>Es gibt viele Wege zum Gl\u00fcck, und einer davon ist Camping. Diese Seite f\u00fchrt dich durch eine Welt voller einzigartiger \u00dcbernachtungsm\u00f6glichkeiten im Wohnmobil und idyllischer Campingpl\u00e4tze in der Umgebung von Reutlingen.<\/p>\t\t\t\t\t\t\t\t<\/div>\n\t\t\t\t<\/div>\n\t\t\t\t<\/div>\n\t\t<div class=\"elementor-element elementor-element-3d0f0b67 e-con-full animated-fast e-flex elementor-invisible e-con e-child\" data-id=\"3d0f0b67\" data-element_type=\"container\" data-e-type=\"container\" data-settings=\"{&quot;animation&quot;:&quot;fadeInDown&quot;,&quot;animation_delay&quot;:200}\">\n\t\t\t\t<div class=\"elementor-element elementor-element-703eab14 elementor-widget elementor-widget-image\" data-id=\"703eab14\" data-element_type=\"widget\" data-e-type=\"widget\" data-widget_type=\"image.default\">\n\t\t\t\t<div class=\"elementor-widget-container\">\n\t\t\t\t\t\t\t\t\t\t\t\t\t\t\t<img fetchpriority=\"high\" decoding=\"async\" width=\"1080\" height=\"720\" src=\"https:\/\/visitreutlingen.de\/wp-content\/uploads\/2025\/09\/wohnmobile-camping-reutlingen.webp\" class=\"attachment-full size-full wp-image-102178\" alt=\"Reutlingen entdecken\" srcset=\"https:\/\/visitreutlingen.de\/wp-content\/uploads\/2025\/09\/wohnmobile-camping-reutlingen.webp 1080w, https:\/\/visitreutlingen.de\/wp-content\/uploads\/2025\/09\/wohnmobile-camping-reutlingen-300x200.webp 300w, https:\/\/visitreutlingen.de\/wp-content\/uploads\/2025\/09\/wohnmobile-camping-reutlingen-1024x683.webp 1024w, https:\/\/visitreutlingen.de\/wp-content\/uploads\/2025\/09\/wohnmobile-camping-reutlingen-768x512.webp 768w\" sizes=\"(max-width: 1080px) 100vw, 1080px\" title=\"Reutlingen. Kannst du nur lieben.\">\t\t\t\t\t\t\t\t\t\t\t\t\t\t\t<\/div>\n\t\t\t\t<\/div>\n\t\t\t\t<\/div>\n\t\t\t\t\t<\/div>\n\t\t\t\t<\/div>\n\t\t<div class=\"elementor-element elementor-element-c55190e e-flex e-con-boxed e-con e-parent\" data-id=\"c55190e\" data-element_type=\"container\" data-e-type=\"container\">\n\t\t\t\t\t<div class=\"e-con-inner\">\n\t\t\t\t<div class=\"elementor-element elementor-element-44f1fd40 elementor-widget elementor-widget-spacer\" data-id=\"44f1fd40\" data-element_type=\"widget\" data-e-type=\"widget\" data-widget_type=\"spacer.default\">\n\t\t\t\t<div class=\"elementor-widget-container\">\n\t\t\t\t\t\t\t<div class=\"elementor-spacer\">\n\t\t\t<div class=\"elementor-spacer-inner\"><\/div>\n\t\t<\/div>\n\t\t\t\t\t\t<\/div>\n\t\t\t\t<\/div>\n\t\t\t\t\t<\/div>\n\t\t\t\t<\/div>\n\t\t<div class=\"elementor-element elementor-element-21fff1d0 animated-fast e-flex e-con-boxed elementor-invisible e-con e-parent\" data-id=\"21fff1d0\" data-element_type=\"container\" data-e-type=\"container\" data-settings=\"{&quot;animation&quot;:&quot;fadeInUp&quot;}\">\n\t\t\t\t\t<div class=\"e-con-inner\">\n\t\t<div class=\"elementor-element elementor-element-764d209d e-con-full e-flex e-con e-child\" data-id=\"764d209d\" data-element_type=\"container\" data-e-type=\"container\">\n\t\t\t\t<div class=\"elementor-element elementor-element-2ac574a elementor-widget elementor-widget-heading\" data-id=\"2ac574a\" data-element_type=\"widget\" data-e-type=\"widget\" data-widget_type=\"heading.default\">\n\t\t\t\t<div class=\"elementor-widget-container\">\n\t\t\t\t\t<h2 class=\"elementor-heading-title elementor-size-default\">Reutlinger Wohnmobilstellplatz<\/h2>\t\t\t\t<\/div>\n\t\t\t\t<\/div>\n\t\t\t\t<div class=\"elementor-element elementor-element-3b9623ff elementor-widget elementor-widget-text-editor\" data-id=\"3b9623ff\" data-element_type=\"widget\" data-e-type=\"widget\" data-widget_type=\"text-editor.default\">\n\t\t\t\t<div class=\"elementor-widget-container\">\n\t\t\t\t\t\t\t\t\t<p>Stadterlebnis, Kulturangebote und Erholung direkt vor ihrer mobilen Haust\u00fcr. Einfach ankommen und genie\u00dfen!<\/p>\t\t\t\t\t\t\t\t<\/div>\n\t\t\t\t<\/div>\n\t\t\t\t<\/div>\n\t\t\t\t\t<\/div>\n\t\t\t\t<\/div>\n\t\t<div class=\"elementor-element elementor-element-dcf1da6 e-flex e-con-boxed e-con e-parent\" data-id=\"dcf1da6\" data-element_type=\"container\" data-e-type=\"container\">\n\t\t\t\t\t<div class=\"e-con-inner\">\n\t\t\t\t<div class=\"elementor-element elementor-element-d19dc3d elementor-widget elementor-widget-spacer\" data-id=\"d19dc3d\" data-element_type=\"widget\" data-e-type=\"widget\" data-widget_type=\"spacer.default\">\n\t\t\t\t<div class=\"elementor-widget-container\">\n\t\t\t\t\t\t\t<div class=\"elementor-spacer\">\n\t\t\t<div class=\"elementor-spacer-inner\"><\/div>\n\t\t<\/div>\n\t\t\t\t\t\t<\/div>\n\t\t\t\t<\/div>\n\t\t\t\t\t<\/div>\n\t\t\t\t<\/div>\n\t\t<div class=\"elementor-element elementor-element-f455ada animated-fast e-flex e-con-boxed elementor-invisible e-con e-parent\" data-id=\"f455ada\" data-element_type=\"container\" data-e-type=\"container\" data-settings=\"{&quot;animation&quot;:&quot;fadeInUp&quot;,&quot;background_background&quot;:&quot;classic&quot;}\">\n\t\t\t\t\t<div class=\"e-con-inner\">\n\t\t<div class=\"elementor-element elementor-element-e8b8f89 e-con-full animated-fast e-flex elementor-invisible e-con e-child\" data-id=\"e8b8f89\" data-element_type=\"container\" data-e-type=\"container\" data-settings=\"{&quot;animation&quot;:&quot;fadeInUp&quot;}\">\n\t\t\t\t<div class=\"elementor-element elementor-element-ed437b4 elementor-widget elementor-widget-heading\" data-id=\"ed437b4\" data-element_type=\"widget\" data-e-type=\"widget\" data-widget_type=\"heading.default\">\n\t\t\t\t<div class=\"elementor-widget-container\">\n\t\t\t\t\t<h2 class=\"elementor-heading-title elementor-size-default\">Highlights<\/h2>\t\t\t\t<\/div>\n\t\t\t\t<\/div>\n\t\t\t\t<div class=\"elementor-element elementor-element-5188888 elementor-widget elementor-widget-text-editor\" data-id=\"5188888\" data-element_type=\"widget\" data-e-type=\"widget\" data-widget_type=\"text-editor.default\">\n\t\t\t\t<div class=\"elementor-widget-container\">\n\t\t\t\t\t\t\t\t\t<ul><li>10 geschotterte Stellpl\u00e4tze<\/li><li>Ganzj\u00e4hrig ge\u00f6ffnet<\/li><li>Stellplatzgeb\u00fchr: 8\u20ac\/Tag (EC- und Bargeldzahlung)<\/li><li>Frischwasser: 1\u20ac\/Entnahme<\/li><li>Stromversorgung: 0,50\u20ac\/KWh<\/li><li>Ver-\/Entsorgung, Strom und Wasser nur M\u00fcnzzahlung m\u00f6glich<\/li><li>Zufahrt: 6:00 bis 22:00 Uhr<\/li><\/ul>\t\t\t\t\t\t\t\t<\/div>\n\t\t\t\t<\/div>\n\t\t\t\t<div class=\"elementor-element elementor-element-0cc90df elementor-widget elementor-widget-button\" data-id=\"0cc90df\" data-element_type=\"widget\" data-e-type=\"widget\" data-widget_type=\"button.default\">\n\t\t\t\t<div class=\"elementor-widget-container\">\n\t\t\t\t\t\t\t\t\t<div class=\"elementor-button-wrapper\">\n\t\t\t\t\t<a class=\"elementor-button elementor-button-link elementor-size-sm\" href=\"https:\/\/stellplatz.info\/wohnmobilstellplatz\/wohnmobilstellplatz-reutlingen\" target=\"_blank\" rel=\"noopener\">\n\t\t\t\t\t\t<span class=\"elementor-button-content-wrapper\">\n\t\t\t\t\t\t\t\t\t<span class=\"elementor-button-text\">Mehr Details zum Wohnmobilstellplatz abrufen<\/span>\n\t\t\t\t\t<\/span>\n\t\t\t\t\t<\/a>\n\t\t\t\t<\/div>\n\t\t\t\t\t\t\t\t<\/div>\n\t\t\t\t<\/div>\n\t\t\t\t<\/div>\n\t\t\t\t\t<\/div>\n\t\t\t\t<\/div>\n\t\t<div class=\"elementor-element elementor-element-208f395 e-flex e-con-boxed e-con e-parent\" data-id=\"208f395\" data-element_type=\"container\" data-e-type=\"container\">\n\t\t\t\t\t<div class=\"e-con-inner\">\n\t\t\t\t<div class=\"elementor-element elementor-element-4b13c6f elementor-widget elementor-widget-spacer\" data-id=\"4b13c6f\" data-element_type=\"widget\" data-e-type=\"widget\" data-widget_type=\"spacer.default\">\n\t\t\t\t<div class=\"elementor-widget-container\">\n\t\t\t\t\t\t\t<div class=\"elementor-spacer\">\n\t\t\t<div class=\"elementor-spacer-inner\"><\/div>\n\t\t<\/div>\n\t\t\t\t\t\t<\/div>\n\t\t\t\t<\/div>\n\t\t\t\t\t<\/div>\n\t\t\t\t<\/div>\n\t\t<div class=\"elementor-element elementor-element-d17d8ff animated-fast e-flex e-con-boxed elementor-invisible e-con e-parent\" data-id=\"d17d8ff\" data-element_type=\"container\" data-e-type=\"container\" data-settings=\"{&quot;animation&quot;:&quot;fadeInUp&quot;}\">\n\t\t\t\t\t<div class=\"e-con-inner\">\n\t\t<div class=\"elementor-element elementor-element-16668ef e-con-full animated-fast e-flex elementor-invisible e-con e-child\" data-id=\"16668ef\" data-element_type=\"container\" data-e-type=\"container\" data-settings=\"{&quot;animation&quot;:&quot;fadeInUp&quot;}\">\n\t\t\t\t<div class=\"elementor-element elementor-element-c72e01e elementor-widget elementor-widget-text-editor\" data-id=\"c72e01e\" data-element_type=\"widget\" data-e-type=\"widget\" data-widget_type=\"text-editor.default\">\n\t\t\t\t<div class=\"elementor-widget-container\">\n\t\t\t\t\t\t\t\t\t<p><strong>Deine Vorteile:<\/strong><\/p><ul><li>Optimale Busverbindung zur Reutlinger Innenstadt (2km)<\/li><li>Kostenloses Mobilit\u00e4tsticket (in der Tourist-Information erh\u00e4ltlich)<\/li><li>Freier Eintritt in allen st\u00e4dtischen Museen<\/li><li>Verg\u00fcnstigter Eintritt ins angrenzende Wellenfreibad Markwasen<\/li><li>Freizeit- &amp; Sportm\u00f6glichkeiten im Naherholungsgebiet Markwasen<\/li><li>Idealer Ausgangspunkt f\u00fcr Ausfl\u00fcge in die Umgebung<\/li><\/ul>\t\t\t\t\t\t\t\t<\/div>\n\t\t\t\t<\/div>\n\t\t\t\t<\/div>\n\t\t\t\t\t<\/div>\n\t\t\t\t<\/div>\n\t\t<div class=\"elementor-element elementor-element-20cc073 e-flex e-con-boxed e-con e-parent\" data-id=\"20cc073\" data-element_type=\"container\" data-e-type=\"container\">\n\t\t\t\t\t<div class=\"e-con-inner\">\n\t\t\t\t<div class=\"elementor-element elementor-element-e6ae2fc elementor-widget elementor-widget-spacer\" data-id=\"e6ae2fc\" data-element_type=\"widget\" data-e-type=\"widget\" data-widget_type=\"spacer.default\">\n\t\t\t\t<div class=\"elementor-widget-container\">\n\t\t\t\t\t\t\t<div class=\"elementor-spacer\">\n\t\t\t<div class=\"elementor-spacer-inner\"><\/div>\n\t\t<\/div>\n\t\t\t\t\t\t<\/div>\n\t\t\t\t<\/div>\n\t\t\t\t\t<\/div>\n\t\t\t\t<\/div>\n\t\t<div class=\"elementor-element elementor-element-7bea396 e-flex e-con-boxed e-con e-parent\" data-id=\"7bea396\" data-element_type=\"container\" data-e-type=\"container\">\n\t\t\t\t\t<div class=\"e-con-inner\">\n\t\t\t\t<div class=\"elementor-element elementor-element-84379dc elementor-widget elementor-widget-gallery\" data-id=\"84379dc\" data-element_type=\"widget\" data-e-type=\"widget\" data-settings=\"{&quot;columns&quot;:2,&quot;gap&quot;:{&quot;unit&quot;:&quot;px&quot;,&quot;size&quot;:60,&quot;sizes&quot;:[]},&quot;lazyload&quot;:&quot;yes&quot;,&quot;gallery_layout&quot;:&quot;grid&quot;,&quot;columns_tablet&quot;:2,&quot;columns_mobile&quot;:1,&quot;gap_tablet&quot;:{&quot;unit&quot;:&quot;px&quot;,&quot;size&quot;:10,&quot;sizes&quot;:[]},&quot;gap_mobile&quot;:{&quot;unit&quot;:&quot;px&quot;,&quot;size&quot;:10,&quot;sizes&quot;:[]},&quot;link_to&quot;:&quot;file&quot;,&quot;aspect_ratio&quot;:&quot;3:2&quot;,&quot;overlay_background&quot;:&quot;yes&quot;,&quot;content_hover_animation&quot;:&quot;fade-in&quot;}\" data-widget_type=\"gallery.default\">\n\t\t\t\t<div class=\"elementor-widget-container\">\n\t\t\t\t\t\t\t<div class=\"elementor-gallery__container\">\n\t\t\t\t\t\t\t<a class=\"e-gallery-item elementor-gallery-item elementor-animated-content\" href=\"https:\/\/visitreutlingen.de\/wp-content\/uploads\/2025\/09\/wohnmobile-camping-reutlingen.webp\" data-elementor-open-lightbox=\"yes\" data-elementor-lightbox-slideshow=\"84379dc\" data-elementor-lightbox-title=\"wohnmobile-camping-reutlingen\" data-e-action-hash=\"#elementor-action%3Aaction%3Dlightbox%26settings%3DeyJpZCI6MTAyMTc4LCJ1cmwiOiJodHRwczpcL1wvdmlzaXRyZXV0bGluZ2VuLmRlXC93cC1jb250ZW50XC91cGxvYWRzXC8yMDI1XC8wOVwvd29obm1vYmlsZS1jYW1waW5nLXJldXRsaW5nZW4ud2VicCIsInNsaWRlc2hvdyI6Ijg0Mzc5ZGMifQ%3D%3D\">\n\t\t\t\t\t<div class=\"e-gallery-image elementor-gallery-item__image\" data-thumbnail=\"https:\/\/visitreutlingen.de\/wp-content\/uploads\/2025\/09\/wohnmobile-camping-reutlingen.webp\" data-width=\"1080\" data-height=\"720\" aria-label=\"\" role=\"img\" ><\/div>\n\t\t\t\t\t\t\t\t\t\t\t<div class=\"elementor-gallery-item__overlay\"><\/div>\n\t\t\t\t\t\t\t\t\t\t\t\t\t\t<\/a>\n\t\t\t\t\t\t\t<a class=\"e-gallery-item elementor-gallery-item elementor-animated-content\" href=\"https:\/\/visitreutlingen.de\/wp-content\/uploads\/2025\/09\/reutlingen_002_womo-stellplatz_c-smg-thomas-niedermuller-scaled.jpg\" data-elementor-open-lightbox=\"yes\" data-elementor-lightbox-slideshow=\"84379dc\" data-elementor-lightbox-title=\"Wohnmobilstellplatz ReutlingenHermann-Hesse-Stra\u00dfe72764 Reutlingen\" data-e-action-hash=\"#elementor-action%3Aaction%3Dlightbox%26settings%3DeyJpZCI6MTAyNDk0LCJ1cmwiOiJodHRwczpcL1wvdmlzaXRyZXV0bGluZ2VuLmRlXC93cC1jb250ZW50XC91cGxvYWRzXC8yMDI1XC8wOVwvcmV1dGxpbmdlbl8wMDJfd29tby1zdGVsbHBsYXR6X2Mtc21nLXRob21hcy1uaWVkZXJtdWxsZXItc2NhbGVkLmpwZyIsInNsaWRlc2hvdyI6Ijg0Mzc5ZGMifQ%3D%3D\">\n\t\t\t\t\t<div class=\"e-gallery-image elementor-gallery-item__image\" data-thumbnail=\"https:\/\/visitreutlingen.de\/wp-content\/uploads\/2025\/09\/reutlingen_002_womo-stellplatz_c-smg-thomas-niedermuller-scaled.jpg\" data-width=\"2560\" data-height=\"1707\" aria-label=\"\" role=\"img\" ><\/div>\n\t\t\t\t\t\t\t\t\t\t\t<div class=\"elementor-gallery-item__overlay\"><\/div>\n\t\t\t\t\t\t\t\t\t\t\t\t\t\t<\/a>\n\t\t\t\t\t<\/div>\n\t\t\t\t\t<\/div>\n\t\t\t\t<\/div>\n\t\t\t\t\t<\/div>\n\t\t\t\t<\/div>\n\t\t\t\t<\/div>\n\t\t","protected":false},"excerpt":{"rendered":"<p>Wohnmobile &amp; Camping Heimat auf vier R\u00e4dern&#8230; Es gibt viele Wege zum Gl\u00fcck, und einer davon ist Camping. Diese Seite f\u00fchrt dich durch eine Welt voller einzigartiger \u00dcbernachtungsm\u00f6glichkeiten im Wohnmobil und idyllischer Campingpl\u00e4tze in der Umgebung von Reutlingen. Reutlinger Wohnmobilstellplatz Stadterlebnis, Kulturangebote und Erholung direkt vor ihrer mobilen Haust\u00fcr. Einfach ankommen und genie\u00dfen! Highlights 10 [&hellip;]<\/p>\n","protected":false},"author":1,"featured_media":0,"parent":103800,"menu_order":0,"comment_status":"closed","ping_status":"closed","template":"","meta":{"inline_featured_image":false,"footnotes":""},"class_list":["post-102429","page","type-page","status-publish","hentry"],"_links":{"self":[{"href":"https:\/\/visitreutlingen.de\/es\/wp-json\/wp\/v2\/pages\/102429","targetHints":{"allow":["GET"]}}],"collection":[{"href":"https:\/\/visitreutlingen.de\/es\/wp-json\/wp\/v2\/pages"}],"about":[{"href":"https:\/\/visitreutlingen.de\/es\/wp-json\/wp\/v2\/types\/page"}],"author":[{"embeddable":true,"href":"https:\/\/visitreutlingen.de\/es\/wp-json\/wp\/v2\/users\/1"}],"replies":[{"embeddable":true,"href":"https:\/\/visitreutlingen.de\/es\/wp-json\/wp\/v2\/comments?post=102429"}],"version-history":[{"count":0,"href":"https:\/\/visitreutlingen.de\/es\/wp-json\/wp\/v2\/pages\/102429\/revisions"}],"up":[{"embeddable":true,"href":"https:\/\/visitreutlingen.de\/es\/wp-json\/wp\/v2\/pages\/103800"}],"wp:attachment":[{"href":"https:\/\/visitreutlingen.de\/es\/wp-json\/wp\/v2\/media?parent=102429"}],"curies":[{"name":"wp","href":"https:\/\/api.w.org\/{rel}","templated":true}]}}