{"id":102083,"date":"2025-09-08T17:39:26","date_gmt":"2025-09-08T15:39:26","guid":{"rendered":"https:\/\/visit-rt.de\/?page_id=102083"},"modified":"2026-03-17T17:22:40","modified_gmt":"2026-03-17T16:22:40","slug":"die-region-um-reutlingen","status":"publish","type":"page","link":"https:\/\/visitreutlingen.de\/fr\/entdecken\/die-region-um-reutlingen\/","title":{"rendered":"Die Region um Reutlingen"},"content":{"rendered":"\t\t<div data-elementor-type=\"wp-page\" data-elementor-id=\"102083\" class=\"elementor elementor-102083\" data-elementor-post-type=\"page\">\n\t\t\t\t<div class=\"elementor-element elementor-element-78ad9241 animated-fast e-flex e-con-boxed elementor-invisible e-con e-parent\" data-id=\"78ad9241\" data-element_type=\"container\" data-e-type=\"container\" data-settings=\"{&quot;background_background&quot;:&quot;classic&quot;,&quot;animation&quot;:&quot;fadeIn&quot;}\">\n\t\t\t\t\t<div class=\"e-con-inner\">\n\t\t<div class=\"elementor-element elementor-element-40212836 e-con-full animated-fast e-flex elementor-invisible e-con e-child\" data-id=\"40212836\" data-element_type=\"container\" data-e-type=\"container\" data-settings=\"{&quot;animation&quot;:&quot;fadeInDown&quot;}\">\n\t\t\t\t<div class=\"elementor-element elementor-element-729da6a6 elementor-widget elementor-widget-heading\" data-id=\"729da6a6\" data-element_type=\"widget\" data-e-type=\"widget\" data-widget_type=\"heading.default\">\n\t\t\t\t<div class=\"elementor-widget-container\">\n\t\t\t\t\t<h1 class=\"elementor-heading-title elementor-size-default\">Die Region um Reutlingen<\/h1>\t\t\t\t<\/div>\n\t\t\t\t<\/div>\n\t\t\t\t<div class=\"elementor-element elementor-element-4f555fe2 elementor-widget elementor-widget-heading\" data-id=\"4f555fe2\" data-element_type=\"widget\" data-e-type=\"widget\" data-widget_type=\"heading.default\">\n\t\t\t\t<div class=\"elementor-widget-container\">\n\t\t\t\t\t<h3 class=\"elementor-heading-title elementor-size-default\">Nur einen Steinwurf entfernt... <\/h3>\t\t\t\t<\/div>\n\t\t\t\t<\/div>\n\t\t\t\t<div class=\"elementor-element elementor-element-3085883 elementor-widget elementor-widget-text-editor\" data-id=\"3085883\" data-element_type=\"widget\" data-e-type=\"widget\" data-widget_type=\"text-editor.default\">\n\t\t\t\t<div class=\"elementor-widget-container\">\n\t\t\t\t\t\t\t\t\t<p>Reutlingen geh\u00f6rt zur Region Neckar-Alb und zur Metropolregion Stuttgart, was es zu einem idealen Ausgangspunkt f\u00fcr Ausfl\u00fcge in die Umgebung macht. In der N\u00e4he findest du die Universit\u00e4tsstadt T\u00fcbingen, und auch die Landeshauptstadt Stuttgart ist nicht weit entfernt.<\/p>\t\t\t\t\t\t\t\t<\/div>\n\t\t\t\t<\/div>\n\t\t\t\t<\/div>\n\t\t<div class=\"elementor-element elementor-element-7dbff1e8 e-con-full animated-fast e-flex elementor-invisible e-con e-child\" data-id=\"7dbff1e8\" data-element_type=\"container\" data-e-type=\"container\" data-settings=\"{&quot;animation&quot;:&quot;fadeInDown&quot;,&quot;animation_delay&quot;:200}\">\n\t\t\t\t<div class=\"elementor-element elementor-element-ea10104 elementor-widget elementor-widget-image\" data-id=\"ea10104\" data-element_type=\"widget\" data-e-type=\"widget\" data-widget_type=\"image.default\">\n\t\t\t\t<div class=\"elementor-widget-container\">\n\t\t\t\t\t\t\t\t\t\t\t\t\t\t\t<img fetchpriority=\"high\" decoding=\"async\" width=\"2560\" height=\"1707\" src=\"https:\/\/visitreutlingen.de\/wp-content\/uploads\/2025\/09\/Ausflugsziel-Reutlingen-Burg-Hohenzollern-scaled.webp\" class=\"attachment-full size-full wp-image-102086\" alt=\"Reutlingen entdecken\" srcset=\"https:\/\/visitreutlingen.de\/wp-content\/uploads\/2025\/09\/Ausflugsziel-Reutlingen-Burg-Hohenzollern-scaled.webp 2560w, https:\/\/visitreutlingen.de\/wp-content\/uploads\/2025\/09\/Ausflugsziel-Reutlingen-Burg-Hohenzollern-300x200.webp 300w, https:\/\/visitreutlingen.de\/wp-content\/uploads\/2025\/09\/Ausflugsziel-Reutlingen-Burg-Hohenzollern-1024x683.webp 1024w, https:\/\/visitreutlingen.de\/wp-content\/uploads\/2025\/09\/Ausflugsziel-Reutlingen-Burg-Hohenzollern-768x512.webp 768w, https:\/\/visitreutlingen.de\/wp-content\/uploads\/2025\/09\/Ausflugsziel-Reutlingen-Burg-Hohenzollern-1536x1024.webp 1536w, https:\/\/visitreutlingen.de\/wp-content\/uploads\/2025\/09\/Ausflugsziel-Reutlingen-Burg-Hohenzollern-2048x1365.webp 2048w\" sizes=\"(max-width: 2560px) 100vw, 2560px\" title=\"Reutlingen. Kannst du nur lieben.\">\t\t\t\t\t\t\t\t\t\t\t\t\t\t\t<\/div>\n\t\t\t\t<\/div>\n\t\t\t\t<\/div>\n\t\t\t\t\t<\/div>\n\t\t\t\t<\/div>\n\t\t<div class=\"elementor-element elementor-element-2ca4cfe e-flex e-con-boxed e-con e-parent\" data-id=\"2ca4cfe\" data-element_type=\"container\" data-e-type=\"container\">\n\t\t\t\t\t<div class=\"e-con-inner\">\n\t\t\t\t<div class=\"elementor-element elementor-element-160aaa8 elementor-widget elementor-widget-spacer\" data-id=\"160aaa8\" data-element_type=\"widget\" data-e-type=\"widget\" data-widget_type=\"spacer.default\">\n\t\t\t\t<div class=\"elementor-widget-container\">\n\t\t\t\t\t\t\t<div class=\"elementor-spacer\">\n\t\t\t<div class=\"elementor-spacer-inner\"><\/div>\n\t\t<\/div>\n\t\t\t\t\t\t<\/div>\n\t\t\t\t<\/div>\n\t\t\t\t\t<\/div>\n\t\t\t\t<\/div>\n\t\t<div class=\"elementor-element elementor-element-13d5f7b4 animated-fast e-flex e-con-boxed elementor-invisible e-con e-parent\" data-id=\"13d5f7b4\" data-element_type=\"container\" data-e-type=\"container\" data-settings=\"{&quot;animation&quot;:&quot;fadeInUp&quot;}\">\n\t\t\t\t\t<div class=\"e-con-inner\">\n\t\t<div class=\"elementor-element elementor-element-5b1241ff e-con-full e-flex e-con e-child\" data-id=\"5b1241ff\" data-element_type=\"container\" data-e-type=\"container\">\n\t\t\t\t<div class=\"elementor-element elementor-element-17a535aa elementor-widget elementor-widget-image\" data-id=\"17a535aa\" data-element_type=\"widget\" data-e-type=\"widget\" data-widget_type=\"image.default\">\n\t\t\t\t<div class=\"elementor-widget-container\">\n\t\t\t\t\t\t\t\t\t\t\t\t\t\t\t<img decoding=\"async\" width=\"2560\" height=\"1707\" src=\"https:\/\/visitreutlingen.de\/wp-content\/uploads\/2025\/10\/RT_Wandern-scaled.jpg\" class=\"attachment-full size-full wp-image-108026\" alt=\"Reutlingen entdecken\" srcset=\"https:\/\/visitreutlingen.de\/wp-content\/uploads\/2025\/10\/RT_Wandern-scaled.jpg 2560w, https:\/\/visitreutlingen.de\/wp-content\/uploads\/2025\/10\/RT_Wandern-300x200.jpg 300w, https:\/\/visitreutlingen.de\/wp-content\/uploads\/2025\/10\/RT_Wandern-1024x683.jpg 1024w, https:\/\/visitreutlingen.de\/wp-content\/uploads\/2025\/10\/RT_Wandern-768x512.jpg 768w, https:\/\/visitreutlingen.de\/wp-content\/uploads\/2025\/10\/RT_Wandern-1536x1024.jpg 1536w, https:\/\/visitreutlingen.de\/wp-content\/uploads\/2025\/10\/RT_Wandern-2048x1365.jpg 2048w\" sizes=\"(max-width: 2560px) 100vw, 2560px\" title=\"Reutlingen. Kannst du nur lieben.\">\t\t\t\t\t\t\t\t\t\t\t\t\t\t\t<\/div>\n\t\t\t\t<\/div>\n\t\t\t\t<\/div>\n\t\t<div class=\"elementor-element elementor-element-52d26fd5 e-con-full e-flex e-con e-child\" data-id=\"52d26fd5\" data-element_type=\"container\" data-e-type=\"container\">\n\t\t\t\t<div class=\"elementor-element elementor-element-24a1357a elementor-widget elementor-widget-heading\" data-id=\"24a1357a\" data-element_type=\"widget\" data-e-type=\"widget\" data-widget_type=\"heading.default\">\n\t\t\t\t<div class=\"elementor-widget-container\">\n\t\t\t\t\t<h2 class=\"elementor-heading-title elementor-size-default\">Biosph\u00e4rengebiet Schw\u00e4bische Alb<\/h2>\t\t\t\t<\/div>\n\t\t\t\t<\/div>\n\t\t\t\t<div class=\"elementor-element elementor-element-3a170b24 elementor-widget elementor-widget-text-editor\" data-id=\"3a170b24\" data-element_type=\"widget\" data-e-type=\"widget\" data-widget_type=\"text-editor.default\">\n\t\t\t\t<div class=\"elementor-widget-container\">\n\t\t\t\t\t\t\t\t\tSommer wie Winter l\u00e4dt die Schw\u00e4bische Alb Familien und Aktivsportler ein, die Natur auf abenteuerlichem Weg zu erkunden. Malerische T\u00e4ler und die landschaftlich reizvolle Albhochfl\u00e4che bieten zahlreiche M\u00f6glichkeiten, aktiv zu sein. \u00dcber 640 km Pr\u00e4dikatswanderwege laden zu Wandertouren in herrlicher Natur ein. Auch f\u00fcr Radfahrer gibt es auf der Schw\u00e4bischen Alb immer die passende Strecke. Mountainbiker kommen auf dem 368 km langen Bike-Crossing Schw\u00e4bische Alb auf ihre Kosten. Erg\u00e4nzt durch weitere Angebote wie Reiten, Klettern, Fliegen und Skifahren ist die Schw\u00e4bische Alb jederzeit einen Ausflug wert.\t\t\t\t\t\t\t\t<\/div>\n\t\t\t\t<\/div>\n\t\t\t\t<div class=\"elementor-element elementor-element-7a482913 elementor-widget elementor-widget-button\" data-id=\"7a482913\" data-element_type=\"widget\" data-e-type=\"widget\" data-widget_type=\"button.default\">\n\t\t\t\t<div class=\"elementor-widget-container\">\n\t\t\t\t\t\t\t\t\t<div class=\"elementor-button-wrapper\">\n\t\t\t\t\t<a class=\"elementor-button elementor-button-link elementor-size-sm\" href=\"https:\/\/visitreutlingen.de\/informieren\/biosphaerengebiet-schwaebische-alb\/\">\n\t\t\t\t\t\t<span class=\"elementor-button-content-wrapper\">\n\t\t\t\t\t\t\t\t\t<span class=\"elementor-button-text\">Mehr \u00fcber Biosph\u00e4rengebiet entdecken<\/span>\n\t\t\t\t\t<\/span>\n\t\t\t\t\t<\/a>\n\t\t\t\t<\/div>\n\t\t\t\t\t\t\t\t<\/div>\n\t\t\t\t<\/div>\n\t\t\t\t<\/div>\n\t\t\t\t\t<\/div>\n\t\t\t\t<\/div>\n\t\t<div class=\"elementor-element elementor-element-e84559b e-flex e-con-boxed e-con e-parent\" data-id=\"e84559b\" data-element_type=\"container\" data-e-type=\"container\">\n\t\t\t\t\t<div class=\"e-con-inner\">\n\t\t\t\t<div class=\"elementor-element elementor-element-00cdc7c elementor-widget elementor-widget-spacer\" data-id=\"00cdc7c\" data-element_type=\"widget\" data-e-type=\"widget\" data-widget_type=\"spacer.default\">\n\t\t\t\t<div class=\"elementor-widget-container\">\n\t\t\t\t\t\t\t<div class=\"elementor-spacer\">\n\t\t\t<div class=\"elementor-spacer-inner\"><\/div>\n\t\t<\/div>\n\t\t\t\t\t\t<\/div>\n\t\t\t\t<\/div>\n\t\t\t\t\t<\/div>\n\t\t\t\t<\/div>\n\t\t<div class=\"elementor-element elementor-element-3a1daf81 animated-fast e-flex e-con-boxed elementor-invisible e-con e-parent\" data-id=\"3a1daf81\" data-element_type=\"container\" data-e-type=\"container\" data-settings=\"{&quot;animation&quot;:&quot;fadeInUp&quot;}\">\n\t\t\t\t\t<div class=\"e-con-inner\">\n\t\t<div class=\"elementor-element elementor-element-11f37942 e-con-full e-flex e-con e-child\" data-id=\"11f37942\" data-element_type=\"container\" data-e-type=\"container\">\n\t\t\t\t<div class=\"elementor-element elementor-element-c21bacf elementor-widget elementor-widget-heading\" data-id=\"c21bacf\" data-element_type=\"widget\" data-e-type=\"widget\" data-widget_type=\"heading.default\">\n\t\t\t\t<div class=\"elementor-widget-container\">\n\t\t\t\t\t<h2 class=\"elementor-heading-title elementor-size-default\">Region Stuttgart<\/h2>\t\t\t\t<\/div>\n\t\t\t\t<\/div>\n\t\t\t\t<div class=\"elementor-element elementor-element-288d8c3f elementor-widget elementor-widget-text-editor\" data-id=\"288d8c3f\" data-element_type=\"widget\" data-e-type=\"widget\" data-widget_type=\"text-editor.default\">\n\t\t\t\t<div class=\"elementor-widget-container\">\n\t\t\t\t\t\t\t\t\tIn der Landeshauptstadt Stuttgart gibt es jede Menge zu erleben. Sie ist die Wiege des Automobils und ein Mekka f\u00fcr Automobilfreunde aus aller Welt, dank des Mercedes-Benz Museums und des Porsche Museums. Zu den kulturellen Highlights z\u00e4hlen Europas gr\u00f6\u00dftes Drei-Sparten-Theater (Oper, Ballett, Schauspiel), das Stuttgarter Kunstmuseum und die Staatsgalerie. Zudem locken das ganze Jahr \u00fcber Feste wie das Cannstatter Volksfest oder das Stuttgarter Weindorf in die schw\u00e4bische Metropole.\t\t\t\t\t\t\t\t<\/div>\n\t\t\t\t<\/div>\n\t\t\t\t<div class=\"elementor-element elementor-element-4d6fbf88 elementor-widget elementor-widget-button\" data-id=\"4d6fbf88\" data-element_type=\"widget\" data-e-type=\"widget\" data-widget_type=\"button.default\">\n\t\t\t\t<div class=\"elementor-widget-container\">\n\t\t\t\t\t\t\t\t\t<div class=\"elementor-button-wrapper\">\n\t\t\t\t\t<a class=\"elementor-button elementor-button-link elementor-size-sm\" href=\"https:\/\/www.stuttgart-tourist.de\/\" target=\"_blank\" rel=\"noopener\">\n\t\t\t\t\t\t<span class=\"elementor-button-content-wrapper\">\n\t\t\t\t\t\t\t\t\t<span class=\"elementor-button-text\">Mehr \u00fcber Region Stuttgart entdecken<\/span>\n\t\t\t\t\t<\/span>\n\t\t\t\t\t<\/a>\n\t\t\t\t<\/div>\n\t\t\t\t\t\t\t\t<\/div>\n\t\t\t\t<\/div>\n\t\t\t\t<\/div>\n\t\t<div class=\"elementor-element elementor-element-5dcad7fc e-con-full e-flex e-con e-child\" data-id=\"5dcad7fc\" data-element_type=\"container\" data-e-type=\"container\">\n\t\t\t\t<div class=\"elementor-element elementor-element-177773c1 elementor-widget elementor-widget-image\" data-id=\"177773c1\" data-element_type=\"widget\" data-e-type=\"widget\" data-widget_type=\"image.default\">\n\t\t\t\t<div class=\"elementor-widget-container\">\n\t\t\t\t\t\t\t\t\t\t\t\t\t\t\t<img decoding=\"async\" width=\"1024\" height=\"683\" src=\"https:\/\/visitreutlingen.de\/wp-content\/uploads\/2025\/09\/stuttgarter-innenstadt.jpg\" class=\"attachment-full size-full wp-image-105554\" alt=\"Reutlingen entdecken\" srcset=\"https:\/\/visitreutlingen.de\/wp-content\/uploads\/2025\/09\/stuttgarter-innenstadt.jpg 1024w, https:\/\/visitreutlingen.de\/wp-content\/uploads\/2025\/09\/stuttgarter-innenstadt-300x200.jpg 300w, https:\/\/visitreutlingen.de\/wp-content\/uploads\/2025\/09\/stuttgarter-innenstadt-768x512.jpg 768w\" sizes=\"(max-width: 1024px) 100vw, 1024px\" title=\"Reutlingen. Kannst du nur lieben.\">\t\t\t\t\t\t\t\t\t\t\t\t\t\t\t<\/div>\n\t\t\t\t<\/div>\n\t\t\t\t<\/div>\n\t\t\t\t\t<\/div>\n\t\t\t\t<\/div>\n\t\t<div class=\"elementor-element elementor-element-92ee0f4 e-flex e-con-boxed e-con e-parent\" data-id=\"92ee0f4\" data-element_type=\"container\" data-e-type=\"container\">\n\t\t\t\t\t<div class=\"e-con-inner\">\n\t\t\t\t<div class=\"elementor-element elementor-element-0bab2c3 elementor-widget elementor-widget-spacer\" data-id=\"0bab2c3\" data-element_type=\"widget\" data-e-type=\"widget\" data-widget_type=\"spacer.default\">\n\t\t\t\t<div class=\"elementor-widget-container\">\n\t\t\t\t\t\t\t<div class=\"elementor-spacer\">\n\t\t\t<div class=\"elementor-spacer-inner\"><\/div>\n\t\t<\/div>\n\t\t\t\t\t\t<\/div>\n\t\t\t\t<\/div>\n\t\t\t\t\t<\/div>\n\t\t\t\t<\/div>\n\t\t<div class=\"elementor-element elementor-element-106384d animated-fast e-flex e-con-boxed elementor-invisible e-con e-parent\" data-id=\"106384d\" data-element_type=\"container\" data-e-type=\"container\" data-settings=\"{&quot;animation&quot;:&quot;fadeInUp&quot;}\">\n\t\t\t\t\t<div class=\"e-con-inner\">\n\t\t<div class=\"elementor-element elementor-element-87eee81 e-con-full e-flex e-con e-child\" data-id=\"87eee81\" data-element_type=\"container\" data-e-type=\"container\">\n\t\t\t\t<div class=\"elementor-element elementor-element-d20d0e8 elementor-widget elementor-widget-image\" data-id=\"d20d0e8\" data-element_type=\"widget\" data-e-type=\"widget\" data-widget_type=\"image.default\">\n\t\t\t\t<div class=\"elementor-widget-container\">\n\t\t\t\t\t\t\t\t\t\t\t\t\t\t\t<img loading=\"lazy\" decoding=\"async\" width=\"1080\" height=\"811\" src=\"https:\/\/visitreutlingen.de\/wp-content\/uploads\/2025\/09\/Reutlingen-Region-Tuebingen.webp\" class=\"attachment-full size-full wp-image-102095\" alt=\"Reutlingen entdecken\" srcset=\"https:\/\/visitreutlingen.de\/wp-content\/uploads\/2025\/09\/Reutlingen-Region-Tuebingen.webp 1080w, https:\/\/visitreutlingen.de\/wp-content\/uploads\/2025\/09\/Reutlingen-Region-Tuebingen-300x225.webp 300w, https:\/\/visitreutlingen.de\/wp-content\/uploads\/2025\/09\/Reutlingen-Region-Tuebingen-1024x769.webp 1024w, https:\/\/visitreutlingen.de\/wp-content\/uploads\/2025\/09\/Reutlingen-Region-Tuebingen-768x577.webp 768w\" sizes=\"(max-width: 1080px) 100vw, 1080px\" title=\"Reutlingen. Kannst du nur lieben.\">\t\t\t\t\t\t\t\t\t\t\t\t\t\t\t<\/div>\n\t\t\t\t<\/div>\n\t\t\t\t<\/div>\n\t\t<div class=\"elementor-element elementor-element-c0cc932 e-con-full e-flex e-con e-child\" data-id=\"c0cc932\" data-element_type=\"container\" data-e-type=\"container\">\n\t\t\t\t<div class=\"elementor-element elementor-element-05114c2 elementor-widget elementor-widget-heading\" data-id=\"05114c2\" data-element_type=\"widget\" data-e-type=\"widget\" data-widget_type=\"heading.default\">\n\t\t\t\t<div class=\"elementor-widget-container\">\n\t\t\t\t\t<h2 class=\"elementor-heading-title elementor-size-default\">Universit\u00e4tsstadt T\u00fcbingen<\/h2>\t\t\t\t<\/div>\n\t\t\t\t<\/div>\n\t\t\t\t<div class=\"elementor-element elementor-element-6c3be95 elementor-widget elementor-widget-text-editor\" data-id=\"6c3be95\" data-element_type=\"widget\" data-e-type=\"widget\" data-widget_type=\"text-editor.default\">\n\t\t\t\t<div class=\"elementor-widget-container\">\n\t\t\t\t\t\t\t\t\tSteile Staffeln, enge Gassen und spitze Giebel pr\u00e4gen die Stadtsilhouette der Universit\u00e4tsstadt T\u00fcbingen, von der malerischen Altstadt bis hinauf zum Schloss. Von dort aus genie\u00dft man eine wunderbare Aussicht \u00fcber das Neckar- und Ammertal, die Stadt und die umliegende Landschaft. Ein absolutes Muss im Sommer ist eine Stocherkahn-Fahrt auf dem Neckar.\t\t\t\t\t\t\t\t<\/div>\n\t\t\t\t<\/div>\n\t\t\t\t<div class=\"elementor-element elementor-element-73b71c3 elementor-widget elementor-widget-button\" data-id=\"73b71c3\" data-element_type=\"widget\" data-e-type=\"widget\" data-widget_type=\"button.default\">\n\t\t\t\t<div class=\"elementor-widget-container\">\n\t\t\t\t\t\t\t\t\t<div class=\"elementor-button-wrapper\">\n\t\t\t\t\t<a class=\"elementor-button elementor-button-link elementor-size-sm\" href=\"https:\/\/www.tuebingen-info.de\/\" target=\"_blank\" rel=\"noopener\">\n\t\t\t\t\t\t<span class=\"elementor-button-content-wrapper\">\n\t\t\t\t\t\t\t\t\t<span class=\"elementor-button-text\">Mehr \u00fcber T\u00fcbingen entdecken<\/span>\n\t\t\t\t\t<\/span>\n\t\t\t\t\t<\/a>\n\t\t\t\t<\/div>\n\t\t\t\t\t\t\t\t<\/div>\n\t\t\t\t<\/div>\n\t\t\t\t<\/div>\n\t\t\t\t\t<\/div>\n\t\t\t\t<\/div>\n\t\t<div class=\"elementor-element elementor-element-06aa06f e-flex e-con-boxed e-con e-parent\" data-id=\"06aa06f\" data-element_type=\"container\" data-e-type=\"container\">\n\t\t\t\t\t<div class=\"e-con-inner\">\n\t\t\t\t<div class=\"elementor-element elementor-element-7bcc1fc elementor-widget elementor-widget-spacer\" data-id=\"7bcc1fc\" data-element_type=\"widget\" data-e-type=\"widget\" data-widget_type=\"spacer.default\">\n\t\t\t\t<div class=\"elementor-widget-container\">\n\t\t\t\t\t\t\t<div class=\"elementor-spacer\">\n\t\t\t<div class=\"elementor-spacer-inner\"><\/div>\n\t\t<\/div>\n\t\t\t\t\t\t<\/div>\n\t\t\t\t<\/div>\n\t\t\t\t\t<\/div>\n\t\t\t\t<\/div>\n\t\t<div class=\"elementor-element elementor-element-35ffc57 animated-fast e-flex e-con-boxed elementor-invisible e-con e-parent\" data-id=\"35ffc57\" data-element_type=\"container\" data-e-type=\"container\" data-settings=\"{&quot;animation&quot;:&quot;fadeInUp&quot;}\">\n\t\t\t\t\t<div class=\"e-con-inner\">\n\t\t<div class=\"elementor-element elementor-element-2443378 e-con-full e-flex e-con e-child\" data-id=\"2443378\" data-element_type=\"container\" data-e-type=\"container\">\n\t\t\t\t<div class=\"elementor-element elementor-element-2910607 elementor-widget elementor-widget-heading\" data-id=\"2910607\" data-element_type=\"widget\" data-e-type=\"widget\" data-widget_type=\"heading.default\">\n\t\t\t\t<div class=\"elementor-widget-container\">\n\t\t\t\t\t<h2 class=\"elementor-heading-title elementor-size-default\">Outletcity Metzingen<\/h2>\t\t\t\t<\/div>\n\t\t\t\t<\/div>\n\t\t\t\t<div class=\"elementor-element elementor-element-62abd0d elementor-widget elementor-widget-text-editor\" data-id=\"62abd0d\" data-element_type=\"widget\" data-e-type=\"widget\" data-widget_type=\"text-editor.default\">\n\t\t\t\t<div class=\"elementor-widget-container\">\n\t\t\t\t\t\t\t\t\tViele kennen Metzingen vor allem als Shoppingdestination, doch die Stadt hat noch viel mehr zu bieten. Umgeben von wunderbaren Weinbergen und Streuobstwiesen, h\u00e4lt Metzingen auch f\u00fcr Naturliebhaber einige Sch\u00e4tze bereit. Und das alles quasi direkt vor der Haust\u00fcr.\t\t\t\t\t\t\t\t<\/div>\n\t\t\t\t<\/div>\n\t\t\t\t<div class=\"elementor-element elementor-element-627b2e5 elementor-widget elementor-widget-button\" data-id=\"627b2e5\" data-element_type=\"widget\" data-e-type=\"widget\" data-widget_type=\"button.default\">\n\t\t\t\t<div class=\"elementor-widget-container\">\n\t\t\t\t\t\t\t\t\t<div class=\"elementor-button-wrapper\">\n\t\t\t\t\t<a class=\"elementor-button elementor-button-link elementor-size-sm\" href=\"https:\/\/www.metzingen.de\/willkommen\" target=\"_blank\" rel=\"noopener\">\n\t\t\t\t\t\t<span class=\"elementor-button-content-wrapper\">\n\t\t\t\t\t\t\t\t\t<span class=\"elementor-button-text\">Mehr \u00fcber Outletcity Metzingen entdecken<\/span>\n\t\t\t\t\t<\/span>\n\t\t\t\t\t<\/a>\n\t\t\t\t<\/div>\n\t\t\t\t\t\t\t\t<\/div>\n\t\t\t\t<\/div>\n\t\t\t\t<\/div>\n\t\t<div class=\"elementor-element elementor-element-564e5ea e-con-full e-flex e-con e-child\" data-id=\"564e5ea\" data-element_type=\"container\" data-e-type=\"container\">\n\t\t\t\t<div class=\"elementor-element elementor-element-2182062 elementor-widget elementor-widget-image\" data-id=\"2182062\" data-element_type=\"widget\" data-e-type=\"widget\" data-widget_type=\"image.default\">\n\t\t\t\t<div class=\"elementor-widget-container\">\n\t\t\t\t\t\t\t\t\t\t\t\t\t\t\t<img loading=\"lazy\" decoding=\"async\" width=\"1080\" height=\"720\" src=\"https:\/\/visitreutlingen.de\/wp-content\/uploads\/2025\/09\/Region-Reutlingen-Outletcity-Metzingen.webp\" class=\"attachment-full size-full wp-image-102102\" alt=\"Reutlingen entdecken\" srcset=\"https:\/\/visitreutlingen.de\/wp-content\/uploads\/2025\/09\/Region-Reutlingen-Outletcity-Metzingen.webp 1080w, https:\/\/visitreutlingen.de\/wp-content\/uploads\/2025\/09\/Region-Reutlingen-Outletcity-Metzingen-300x200.webp 300w, https:\/\/visitreutlingen.de\/wp-content\/uploads\/2025\/09\/Region-Reutlingen-Outletcity-Metzingen-1024x683.webp 1024w, https:\/\/visitreutlingen.de\/wp-content\/uploads\/2025\/09\/Region-Reutlingen-Outletcity-Metzingen-768x512.webp 768w\" sizes=\"(max-width: 1080px) 100vw, 1080px\" title=\"Reutlingen. Kannst du nur lieben.\">\t\t\t\t\t\t\t\t\t\t\t\t\t\t\t<\/div>\n\t\t\t\t<\/div>\n\t\t\t\t<\/div>\n\t\t\t\t\t<\/div>\n\t\t\t\t<\/div>\n\t\t<div class=\"elementor-element elementor-element-367d4167 e-flex e-con-boxed e-con e-parent\" data-id=\"367d4167\" data-element_type=\"container\" data-e-type=\"container\">\n\t\t\t\t\t<div class=\"e-con-inner\">\n\t\t\t\t<div class=\"elementor-element elementor-element-d7a961f elementor-widget elementor-widget-spacer\" data-id=\"d7a961f\" data-element_type=\"widget\" data-e-type=\"widget\" data-widget_type=\"spacer.default\">\n\t\t\t\t<div class=\"elementor-widget-container\">\n\t\t\t\t\t\t\t<div class=\"elementor-spacer\">\n\t\t\t<div class=\"elementor-spacer-inner\"><\/div>\n\t\t<\/div>\n\t\t\t\t\t\t<\/div>\n\t\t\t\t<\/div>\n\t\t\t\t\t<\/div>\n\t\t\t\t<\/div>\n\t\t<div class=\"elementor-element elementor-element-62f4c6ad animated-fast e-flex e-con-boxed elementor-invisible e-con e-parent\" data-id=\"62f4c6ad\" data-element_type=\"container\" data-e-type=\"container\" data-settings=\"{&quot;animation&quot;:&quot;fadeInUp&quot;}\">\n\t\t\t\t\t<div class=\"e-con-inner\">\n\t\t<div class=\"elementor-element elementor-element-251c14fa e-con-full e-flex e-con e-child\" data-id=\"251c14fa\" data-element_type=\"container\" data-e-type=\"container\">\n\t\t\t\t<div class=\"elementor-element elementor-element-8162094 elementor-widget elementor-widget-heading\" data-id=\"8162094\" data-element_type=\"widget\" data-e-type=\"widget\" data-widget_type=\"heading.default\">\n\t\t\t\t<div class=\"elementor-widget-container\">\n\t\t\t\t\t<h2 class=\"elementor-heading-title elementor-size-default\">Entdecke weitere Touren in der Region um Reutlingen<\/h2>\t\t\t\t<\/div>\n\t\t\t\t<\/div>\n\t\t\t\t<div class=\"elementor-element elementor-element-367828ce elementor-widget elementor-widget-text-editor\" data-id=\"367828ce\" data-element_type=\"widget\" data-e-type=\"widget\" data-widget_type=\"text-editor.default\">\n\t\t\t\t<div class=\"elementor-widget-container\">\n\t\t\t\t\t\t\t\t\t<p>Wenn nach dem St\u00e4dtebummel oder dem Shoppen noch Zeit bleibt, lohnt es sich, den Radius ein wenig zu erweitern und die Region rund um Reutlingen weiter zu erkunden. Lust auf noch mehr Inspiration rund um Reutlingen? Entdecke hier eine vielf\u00e4ltige Auswahl an Touren in der Region \u2013 von entspannt bis aktiv, von nah bis etwas weiter. Reinschauen lohnt sich und vielleicht ist deine n\u00e4chste Lieblingstour schon dabei.<\/p>\t\t\t\t\t\t\t\t<\/div>\n\t\t\t\t<\/div>\n\t\t\t\t<\/div>\n\t\t\t\t\t<\/div>\n\t\t\t\t<\/div>\n\t\t<div class=\"elementor-element elementor-element-4446059 e-flex e-con-boxed e-con e-parent\" data-id=\"4446059\" data-element_type=\"container\" data-e-type=\"container\">\n\t\t\t\t\t<div class=\"e-con-inner\">\n\t\t\t\t<div class=\"elementor-element elementor-element-3bbddf0 elementor-invisible elementor-widget elementor-widget-html\" data-id=\"3bbddf0\" data-element_type=\"widget\" data-e-type=\"widget\" data-settings=\"{&quot;_animation&quot;:&quot;slideInUp&quot;}\" data-widget_type=\"html.default\">\n\t\t\t\t<div class=\"elementor-widget-container\">\n\t\t\t\t\t<div class=\"mpm-widgets\" \r\n     data-typ=\"slider\" \r\n     data-modul=\"touren\" \r\n     data-gruppe=\"outdoortour\" \r\n     data-sortierfeld=\"name\" \r\n     data-sortiertyp=\"zufaellig\" \r\n     data-ergebnislimit=\"\" \r\n     data-initial-kartenanzeige=\"3\"\r\n     data-initial-filteranzeige-desktop=\"3\"\r\n     data-initial-filteranzeige-mobile=\"2\"\r\n<\/div>\t\t\t\t<\/div>\n\t\t\t\t<\/div>\n\t\t\t\t\t<\/div>\n\t\t\t\t<\/div>\n\t\t\t\t<\/div>\n\t\t","protected":false},"excerpt":{"rendered":"<p>Die Region um Reutlingen Nur einen Steinwurf entfernt&#8230; Reutlingen geh\u00f6rt zur Region Neckar-Alb und zur Metropolregion Stuttgart, was es zu einem idealen Ausgangspunkt f\u00fcr Ausfl\u00fcge in die Umgebung macht. In der N\u00e4he findest du die Universit\u00e4tsstadt T\u00fcbingen, und auch die Landeshauptstadt Stuttgart ist nicht weit entfernt. Biosph\u00e4rengebiet Schw\u00e4bische Alb Sommer wie Winter l\u00e4dt die Schw\u00e4bische [&hellip;]<\/p>\n","protected":false},"author":5,"featured_media":0,"parent":102255,"menu_order":0,"comment_status":"closed","ping_status":"closed","template":"","meta":{"inline_featured_image":false,"footnotes":""},"class_list":["post-102083","page","type-page","status-publish","hentry"],"_links":{"self":[{"href":"https:\/\/visitreutlingen.de\/fr\/wp-json\/wp\/v2\/pages\/102083","targetHints":{"allow":["GET"]}}],"collection":[{"href":"https:\/\/visitreutlingen.de\/fr\/wp-json\/wp\/v2\/pages"}],"about":[{"href":"https:\/\/visitreutlingen.de\/fr\/wp-json\/wp\/v2\/types\/page"}],"author":[{"embeddable":true,"href":"https:\/\/visitreutlingen.de\/fr\/wp-json\/wp\/v2\/users\/5"}],"replies":[{"embeddable":true,"href":"https:\/\/visitreutlingen.de\/fr\/wp-json\/wp\/v2\/comments?post=102083"}],"version-history":[{"count":0,"href":"https:\/\/visitreutlingen.de\/fr\/wp-json\/wp\/v2\/pages\/102083\/revisions"}],"up":[{"embeddable":true,"href":"https:\/\/visitreutlingen.de\/fr\/wp-json\/wp\/v2\/pages\/102255"}],"wp:attachment":[{"href":"https:\/\/visitreutlingen.de\/fr\/wp-json\/wp\/v2\/media?parent=102083"}],"curies":[{"name":"wp","href":"https:\/\/api.w.org\/{rel}","templated":true}]}}