{"id":103053,"date":"2025-09-15T10:44:02","date_gmt":"2025-09-15T08:44:02","guid":{"rendered":"https:\/\/visit-rt.de\/?page_id=103053"},"modified":"2026-03-17T17:22:31","modified_gmt":"2026-03-17T16:22:31","slug":"busreisen-gruppenreisen","status":"publish","type":"page","link":"https:\/\/visitreutlingen.de\/fr\/business\/busreisen-gruppenreisen\/","title":{"rendered":"Bus- &#038; Gruppenreisen"},"content":{"rendered":"\t\t<div data-elementor-type=\"wp-page\" data-elementor-id=\"103053\" class=\"elementor elementor-103053\" data-elementor-post-type=\"page\">\n\t\t\t\t<div class=\"elementor-element elementor-element-1806adda animated-fast e-flex e-con-boxed elementor-invisible e-con e-parent\" data-id=\"1806adda\" data-element_type=\"container\" data-e-type=\"container\" data-settings=\"{&quot;background_background&quot;:&quot;classic&quot;,&quot;animation&quot;:&quot;fadeIn&quot;}\">\n\t\t\t\t\t<div class=\"e-con-inner\">\n\t\t<div class=\"elementor-element elementor-element-6a394613 e-con-full animated-fast e-flex elementor-invisible e-con e-child\" data-id=\"6a394613\" data-element_type=\"container\" data-e-type=\"container\" data-settings=\"{&quot;animation&quot;:&quot;fadeInDown&quot;}\">\n\t\t\t\t<div class=\"elementor-element elementor-element-1b101f16 elementor-widget elementor-widget-heading\" data-id=\"1b101f16\" data-element_type=\"widget\" data-e-type=\"widget\" data-widget_type=\"heading.default\">\n\t\t\t\t<div class=\"elementor-widget-container\">\n\t\t\t\t\t<h1 class=\"elementor-heading-title elementor-size-default\">Bus- &amp; Gruppen&shy;reisen<\/h1>\t\t\t\t<\/div>\n\t\t\t\t<\/div>\n\t\t\t\t<div class=\"elementor-element elementor-element-385f6d03 elementor-widget elementor-widget-heading\" data-id=\"385f6d03\" data-element_type=\"widget\" data-e-type=\"widget\" data-widget_type=\"heading.default\">\n\t\t\t\t<div class=\"elementor-widget-container\">\n\t\t\t\t\t<h3 class=\"elementor-heading-title elementor-size-default\">Euer Ausflug beginnt hier<\/h3>\t\t\t\t<\/div>\n\t\t\t\t<\/div>\n\t\t\t\t<div class=\"elementor-element elementor-element-429525b5 elementor-widget elementor-widget-text-editor\" data-id=\"429525b5\" data-element_type=\"widget\" data-e-type=\"widget\" data-widget_type=\"text-editor.default\">\n\t\t\t\t<div class=\"elementor-widget-container\">\n\t\t\t\t\t\t\t\t\t<p>Gemeinsam unterwegs? Dann herzlich willkommen in Reutlingen! Ob Citytrip, Vereinsausflug oder Gruppenreise \u2013 bei uns wartet mehr, als man auf den ersten Blick vermutet: spannende Ecken, echte Erlebnisse und jede Menge Geschichten, die verbinden.<\/p>\t\t\t\t\t\t\t\t<\/div>\n\t\t\t\t<\/div>\n\t\t\t\t<\/div>\n\t\t<div class=\"elementor-element elementor-element-2dbafc7a e-con-full animated-fast e-flex elementor-invisible e-con e-child\" data-id=\"2dbafc7a\" data-element_type=\"container\" data-e-type=\"container\" data-settings=\"{&quot;animation&quot;:&quot;fadeInDown&quot;,&quot;animation_delay&quot;:200}\">\n\t\t\t\t<div class=\"elementor-element elementor-element-7aa00ce1 elementor-widget elementor-widget-image\" data-id=\"7aa00ce1\" data-element_type=\"widget\" data-e-type=\"widget\" data-widget_type=\"image.default\">\n\t\t\t\t<div class=\"elementor-widget-container\">\n\t\t\t\t\t\t\t\t\t\t\t\t\t\t\t<img fetchpriority=\"high\" decoding=\"async\" width=\"2560\" height=\"1708\" src=\"https:\/\/visitreutlingen.de\/wp-content\/uploads\/2025\/11\/RT-Busanreise-scaled.jpg\" class=\"attachment-full size-full wp-image-108120\" alt=\"Reutlingen entdecken\" srcset=\"https:\/\/visitreutlingen.de\/wp-content\/uploads\/2025\/11\/RT-Busanreise-scaled.jpg 2560w, https:\/\/visitreutlingen.de\/wp-content\/uploads\/2025\/11\/RT-Busanreise-300x200.jpg 300w, https:\/\/visitreutlingen.de\/wp-content\/uploads\/2025\/11\/RT-Busanreise-1024x683.jpg 1024w, https:\/\/visitreutlingen.de\/wp-content\/uploads\/2025\/11\/RT-Busanreise-768x512.jpg 768w, https:\/\/visitreutlingen.de\/wp-content\/uploads\/2025\/11\/RT-Busanreise-1536x1025.jpg 1536w, https:\/\/visitreutlingen.de\/wp-content\/uploads\/2025\/11\/RT-Busanreise-2048x1366.jpg 2048w\" sizes=\"(max-width: 2560px) 100vw, 2560px\" title=\"Reutlingen. Kannst du nur lieben.\">\t\t\t\t\t\t\t\t\t\t\t\t\t\t\t<\/div>\n\t\t\t\t<\/div>\n\t\t\t\t<\/div>\n\t\t\t\t\t<\/div>\n\t\t\t\t<\/div>\n\t\t<div class=\"elementor-element elementor-element-47a3807d e-flex e-con-boxed e-con e-parent\" data-id=\"47a3807d\" data-element_type=\"container\" data-e-type=\"container\">\n\t\t\t\t\t<div class=\"e-con-inner\">\n\t\t\t\t<div class=\"elementor-element elementor-element-6712b538 elementor-widget elementor-widget-spacer\" data-id=\"6712b538\" data-element_type=\"widget\" data-e-type=\"widget\" data-widget_type=\"spacer.default\">\n\t\t\t\t<div class=\"elementor-widget-container\">\n\t\t\t\t\t\t\t<div class=\"elementor-spacer\">\n\t\t\t<div class=\"elementor-spacer-inner\"><\/div>\n\t\t<\/div>\n\t\t\t\t\t\t<\/div>\n\t\t\t\t<\/div>\n\t\t\t\t\t<\/div>\n\t\t\t\t<\/div>\n\t\t<div class=\"elementor-element elementor-element-33c38aec animated-fast e-flex e-con-boxed elementor-invisible e-con e-parent\" data-id=\"33c38aec\" data-element_type=\"container\" data-e-type=\"container\" data-settings=\"{&quot;animation&quot;:&quot;fadeInUp&quot;}\">\n\t\t\t\t\t<div class=\"e-con-inner\">\n\t\t<div class=\"elementor-element elementor-element-35a7f9a9 e-con-full e-flex e-con e-child\" data-id=\"35a7f9a9\" data-element_type=\"container\" data-e-type=\"container\">\n\t\t\t\t<div class=\"elementor-element elementor-element-5650e447 elementor-widget elementor-widget-heading\" data-id=\"5650e447\" data-element_type=\"widget\" data-e-type=\"widget\" data-widget_type=\"heading.default\">\n\t\t\t\t<div class=\"elementor-widget-container\">\n\t\t\t\t\t<h2 class=\"elementor-heading-title elementor-size-default\">Gut geplant ist halb erlebt<\/h2>\t\t\t\t<\/div>\n\t\t\t\t<\/div>\n\t\t\t\t<div class=\"elementor-element elementor-element-ddecce6 elementor-widget elementor-widget-text-editor\" data-id=\"ddecce6\" data-element_type=\"widget\" data-e-type=\"widget\" data-widget_type=\"text-editor.default\">\n\t\t\t\t<div class=\"elementor-widget-container\">\n\t\t\t\t\t\t\t\t\t<p>Damit beim Gruppenausflug alles rundl\u00e4uft: Hier gibt\u2019s Infos zu Stadtrundfahrten, Ausfl\u00fcgen in die Region und zur bequemen Anreise mit dem Bus \u2013 kompakt, praktisch und Reutlingen-ready.<\/p>\t\t\t\t\t\t\t\t<\/div>\n\t\t\t\t<\/div>\n\t\t\t\t<\/div>\n\t\t\t\t\t<\/div>\n\t\t\t\t<\/div>\n\t\t<div class=\"elementor-element elementor-element-5934e81 e-flex e-con-boxed e-con e-parent\" data-id=\"5934e81\" data-element_type=\"container\" data-e-type=\"container\">\n\t\t\t\t\t<div class=\"e-con-inner\">\n\t\t\t\t<div class=\"elementor-element elementor-element-6fd2b76 elementor-widget elementor-widget-spacer\" data-id=\"6fd2b76\" data-element_type=\"widget\" data-e-type=\"widget\" data-widget_type=\"spacer.default\">\n\t\t\t\t<div class=\"elementor-widget-container\">\n\t\t\t\t\t\t\t<div class=\"elementor-spacer\">\n\t\t\t<div class=\"elementor-spacer-inner\"><\/div>\n\t\t<\/div>\n\t\t\t\t\t\t<\/div>\n\t\t\t\t<\/div>\n\t\t\t\t\t<\/div>\n\t\t\t\t<\/div>\n\t\t<div class=\"elementor-element elementor-element-1db85b0d animated-fast e-flex e-con-boxed elementor-invisible e-con e-parent\" data-id=\"1db85b0d\" data-element_type=\"container\" data-e-type=\"container\" data-settings=\"{&quot;animation&quot;:&quot;fadeInUp&quot;}\">\n\t\t\t\t\t<div class=\"e-con-inner\">\n\t\t<div class=\"elementor-element elementor-element-1f6bce0c e-con-full e-flex e-con e-child\" data-id=\"1f6bce0c\" data-element_type=\"container\" data-e-type=\"container\">\n\t\t\t\t<div class=\"elementor-element elementor-element-5cfb6af1 elementor-widget elementor-widget-image\" data-id=\"5cfb6af1\" data-element_type=\"widget\" data-e-type=\"widget\" data-widget_type=\"image.default\">\n\t\t\t\t<div class=\"elementor-widget-container\">\n\t\t\t\t\t\t\t\t\t\t\t\t\t\t\t<img decoding=\"async\" width=\"2560\" height=\"1707\" src=\"https:\/\/visitreutlingen.de\/wp-content\/uploads\/2025\/09\/stadtrundfahrt_scheibengipfel-scaled.jpg\" class=\"attachment-full size-full wp-image-103059\" alt=\"Reutlingen entdecken\" srcset=\"https:\/\/visitreutlingen.de\/wp-content\/uploads\/2025\/09\/stadtrundfahrt_scheibengipfel-scaled.jpg 2560w, https:\/\/visitreutlingen.de\/wp-content\/uploads\/2025\/09\/stadtrundfahrt_scheibengipfel-300x200.jpg 300w, https:\/\/visitreutlingen.de\/wp-content\/uploads\/2025\/09\/stadtrundfahrt_scheibengipfel-1024x683.jpg 1024w, https:\/\/visitreutlingen.de\/wp-content\/uploads\/2025\/09\/stadtrundfahrt_scheibengipfel-768x512.jpg 768w, https:\/\/visitreutlingen.de\/wp-content\/uploads\/2025\/09\/stadtrundfahrt_scheibengipfel-1536x1024.jpg 1536w, https:\/\/visitreutlingen.de\/wp-content\/uploads\/2025\/09\/stadtrundfahrt_scheibengipfel-2048x1365.jpg 2048w\" sizes=\"(max-width: 2560px) 100vw, 2560px\" title=\"Reutlingen. Kannst du nur lieben.\">\t\t\t\t\t\t\t\t\t\t\t\t\t\t\t<\/div>\n\t\t\t\t<\/div>\n\t\t\t\t<\/div>\n\t\t<div class=\"elementor-element elementor-element-325cadd1 e-con-full e-flex e-con e-child\" data-id=\"325cadd1\" data-element_type=\"container\" data-e-type=\"container\">\n\t\t\t\t<div class=\"elementor-element elementor-element-248b5d6f elementor-widget elementor-widget-heading\" data-id=\"248b5d6f\" data-element_type=\"widget\" data-e-type=\"widget\" data-widget_type=\"heading.default\">\n\t\t\t\t<div class=\"elementor-widget-container\">\n\t\t\t\t\t<h2 class=\"elementor-heading-title elementor-size-default\">Reutlinger Stadtrundfahrt<\/h2>\t\t\t\t<\/div>\n\t\t\t\t<\/div>\n\t\t\t\t<div class=\"elementor-element elementor-element-710f17ac elementor-widget elementor-widget-text-editor\" data-id=\"710f17ac\" data-element_type=\"widget\" data-e-type=\"widget\" data-widget_type=\"text-editor.default\">\n\t\t\t\t<div class=\"elementor-widget-container\">\n\t\t\t\t\t\t\t\t\t<p>Ihr k\u00f6nnt Reutlingen jetzt noch bequemer entdecken. Bucht einfach eine Stadtrundfahrt bei uns und lasst euch auch die etwas weiter entfernten Ecken Reutlingens zeigen. Unsere Stadtf\u00fchrer und Stadtf\u00fchrerinnen begleiten euch dabei stets mit viel Wissen und Humor.<\/p>\t\t\t\t\t\t\t\t<\/div>\n\t\t\t\t<\/div>\n\t\t\t\t<div class=\"elementor-element elementor-element-1dd56b7f elementor-widget elementor-widget-button\" data-id=\"1dd56b7f\" data-element_type=\"widget\" data-e-type=\"widget\" data-widget_type=\"button.default\">\n\t\t\t\t<div class=\"elementor-widget-container\">\n\t\t\t\t\t\t\t\t\t<div class=\"elementor-button-wrapper\">\n\t\t\t\t\t<a class=\"elementor-button elementor-button-link elementor-size-sm\" href=\"https:\/\/visitreutlingen.de\/buchen\/stadtfuehrungen\/\">\n\t\t\t\t\t\t<span class=\"elementor-button-content-wrapper\">\n\t\t\t\t\t\t\t\t\t<span class=\"elementor-button-text\">Mehr \u00fcber Stadtrundfahrt erfahren<\/span>\n\t\t\t\t\t<\/span>\n\t\t\t\t\t<\/a>\n\t\t\t\t<\/div>\n\t\t\t\t\t\t\t\t<\/div>\n\t\t\t\t<\/div>\n\t\t\t\t<\/div>\n\t\t\t\t\t<\/div>\n\t\t\t\t<\/div>\n\t\t<div class=\"elementor-element elementor-element-3bfc14c e-flex e-con-boxed e-con e-parent\" data-id=\"3bfc14c\" data-element_type=\"container\" data-e-type=\"container\">\n\t\t\t\t\t<div class=\"e-con-inner\">\n\t\t\t\t<div class=\"elementor-element elementor-element-33e3a83 elementor-widget elementor-widget-spacer\" data-id=\"33e3a83\" data-element_type=\"widget\" data-e-type=\"widget\" data-widget_type=\"spacer.default\">\n\t\t\t\t<div class=\"elementor-widget-container\">\n\t\t\t\t\t\t\t<div class=\"elementor-spacer\">\n\t\t\t<div class=\"elementor-spacer-inner\"><\/div>\n\t\t<\/div>\n\t\t\t\t\t\t<\/div>\n\t\t\t\t<\/div>\n\t\t\t\t\t<\/div>\n\t\t\t\t<\/div>\n\t\t<div class=\"elementor-element elementor-element-2bd20137 animated-fast e-flex e-con-boxed elementor-invisible e-con e-parent\" data-id=\"2bd20137\" data-element_type=\"container\" data-e-type=\"container\" data-settings=\"{&quot;animation&quot;:&quot;fadeInUp&quot;}\">\n\t\t\t\t\t<div class=\"e-con-inner\">\n\t\t<div class=\"elementor-element elementor-element-2a8eeefa e-con-full e-flex e-con e-child\" data-id=\"2a8eeefa\" data-element_type=\"container\" data-e-type=\"container\">\n\t\t\t\t<div class=\"elementor-element elementor-element-59228328 elementor-widget elementor-widget-heading\" data-id=\"59228328\" data-element_type=\"widget\" data-e-type=\"widget\" data-widget_type=\"heading.default\">\n\t\t\t\t<div class=\"elementor-widget-container\">\n\t\t\t\t\t<h2 class=\"elementor-heading-title elementor-size-default\">Gruppenangebot des Schw\u00e4bische Alb Tourismusverbands<\/h2>\t\t\t\t<\/div>\n\t\t\t\t<\/div>\n\t\t\t\t<div class=\"elementor-element elementor-element-7d7ff5f5 elementor-widget elementor-widget-text-editor\" data-id=\"7d7ff5f5\" data-element_type=\"widget\" data-e-type=\"widget\" data-widget_type=\"text-editor.default\">\n\t\t\t\t<div class=\"elementor-widget-container\">\n\t\t\t\t\t\t\t\t\t<p>Historische Burgen, faszinierende Schl\u00f6sser, landschaftliche Vielfalt und allerlei Genuss \u2013 all das und noch viel mehr bietet die Schw\u00e4bische Alb. F\u00fcr einen Ausflug in einer Gruppe findet ihr zahlreiche Inspirationen auf der Seite des Schw\u00e4bische Alb Tourismusverbands.<\/p>\t\t\t\t\t\t\t\t<\/div>\n\t\t\t\t<\/div>\n\t\t\t\t<div class=\"elementor-element elementor-element-25cbfddc elementor-widget elementor-widget-button\" data-id=\"25cbfddc\" data-element_type=\"widget\" data-e-type=\"widget\" data-widget_type=\"button.default\">\n\t\t\t\t<div class=\"elementor-widget-container\">\n\t\t\t\t\t\t\t\t\t<div class=\"elementor-button-wrapper\">\n\t\t\t\t\t<a class=\"elementor-button elementor-button-link elementor-size-sm\" href=\"https:\/\/www.schwaebischealb.de\/content\/search?SearchText=Gruppen\" target=\"_blank\" rel=\"noopener\">\n\t\t\t\t\t\t<span class=\"elementor-button-content-wrapper\">\n\t\t\t\t\t\t\t\t\t<span class=\"elementor-button-text\">Mehr \u00fcber Gruppenangebote entdecken<\/span>\n\t\t\t\t\t<\/span>\n\t\t\t\t\t<\/a>\n\t\t\t\t<\/div>\n\t\t\t\t\t\t\t\t<\/div>\n\t\t\t\t<\/div>\n\t\t\t\t<\/div>\n\t\t<div class=\"elementor-element elementor-element-b00985c e-con-full e-flex e-con e-child\" data-id=\"b00985c\" data-element_type=\"container\" data-e-type=\"container\">\n\t\t\t\t<div class=\"elementor-element elementor-element-6884286b elementor-widget elementor-widget-image\" data-id=\"6884286b\" data-element_type=\"widget\" data-e-type=\"widget\" data-widget_type=\"image.default\">\n\t\t\t\t<div class=\"elementor-widget-container\">\n\t\t\t\t\t\t\t\t\t\t\t\t\t\t\t<img decoding=\"async\" width=\"2361\" height=\"1574\" src=\"https:\/\/visitreutlingen.de\/wp-content\/uploads\/2025\/09\/biosphare_1.jpg\" class=\"attachment-full size-full wp-image-103061\" alt=\"Reutlingen entdecken\" srcset=\"https:\/\/visitreutlingen.de\/wp-content\/uploads\/2025\/09\/biosphare_1.jpg 2361w, https:\/\/visitreutlingen.de\/wp-content\/uploads\/2025\/09\/biosphare_1-300x200.jpg 300w, https:\/\/visitreutlingen.de\/wp-content\/uploads\/2025\/09\/biosphare_1-1024x683.jpg 1024w, https:\/\/visitreutlingen.de\/wp-content\/uploads\/2025\/09\/biosphare_1-768x512.jpg 768w, https:\/\/visitreutlingen.de\/wp-content\/uploads\/2025\/09\/biosphare_1-1536x1024.jpg 1536w, https:\/\/visitreutlingen.de\/wp-content\/uploads\/2025\/09\/biosphare_1-2048x1365.jpg 2048w\" sizes=\"(max-width: 2361px) 100vw, 2361px\" title=\"Reutlingen. Kannst du nur lieben.\">\t\t\t\t\t\t\t\t\t\t\t\t\t\t\t<\/div>\n\t\t\t\t<\/div>\n\t\t\t\t<\/div>\n\t\t\t\t\t<\/div>\n\t\t\t\t<\/div>\n\t\t<div class=\"elementor-element elementor-element-ee9f182 e-flex e-con-boxed e-con e-parent\" data-id=\"ee9f182\" data-element_type=\"container\" data-e-type=\"container\">\n\t\t\t\t\t<div class=\"e-con-inner\">\n\t\t\t\t<div class=\"elementor-element elementor-element-04a431c elementor-widget elementor-widget-spacer\" data-id=\"04a431c\" data-element_type=\"widget\" data-e-type=\"widget\" data-widget_type=\"spacer.default\">\n\t\t\t\t<div class=\"elementor-widget-container\">\n\t\t\t\t\t\t\t<div class=\"elementor-spacer\">\n\t\t\t<div class=\"elementor-spacer-inner\"><\/div>\n\t\t<\/div>\n\t\t\t\t\t\t<\/div>\n\t\t\t\t<\/div>\n\t\t\t\t\t<\/div>\n\t\t\t\t<\/div>\n\t\t<div class=\"elementor-element elementor-element-0757cac animated-fast e-flex e-con-boxed elementor-invisible e-con e-parent\" data-id=\"0757cac\" data-element_type=\"container\" data-e-type=\"container\" data-settings=\"{&quot;animation&quot;:&quot;fadeInUp&quot;}\">\n\t\t\t\t\t<div class=\"e-con-inner\">\n\t\t<div class=\"elementor-element elementor-element-24c478f e-con-full e-flex e-con e-child\" data-id=\"24c478f\" data-element_type=\"container\" data-e-type=\"container\">\n\t\t\t\t<div class=\"elementor-element elementor-element-0c16025 elementor-widget elementor-widget-image\" data-id=\"0c16025\" data-element_type=\"widget\" data-e-type=\"widget\" data-widget_type=\"image.default\">\n\t\t\t\t<div class=\"elementor-widget-container\">\n\t\t\t\t\t\t\t\t\t\t\t\t\t\t\t<img loading=\"lazy\" decoding=\"async\" width=\"2560\" height=\"1708\" src=\"https:\/\/visitreutlingen.de\/wp-content\/uploads\/2025\/11\/RT-Busreise-scaled.jpg\" class=\"attachment-full size-full wp-image-108106\" alt=\"Reutlingen entdecken\" srcset=\"https:\/\/visitreutlingen.de\/wp-content\/uploads\/2025\/11\/RT-Busreise-scaled.jpg 2560w, https:\/\/visitreutlingen.de\/wp-content\/uploads\/2025\/11\/RT-Busreise-300x200.jpg 300w, https:\/\/visitreutlingen.de\/wp-content\/uploads\/2025\/11\/RT-Busreise-1024x683.jpg 1024w, https:\/\/visitreutlingen.de\/wp-content\/uploads\/2025\/11\/RT-Busreise-768x512.jpg 768w, https:\/\/visitreutlingen.de\/wp-content\/uploads\/2025\/11\/RT-Busreise-1536x1025.jpg 1536w, https:\/\/visitreutlingen.de\/wp-content\/uploads\/2025\/11\/RT-Busreise-2048x1366.jpg 2048w\" sizes=\"(max-width: 2560px) 100vw, 2560px\" title=\"Reutlingen. Kannst du nur lieben.\">\t\t\t\t\t\t\t\t\t\t\t\t\t\t\t<\/div>\n\t\t\t\t<\/div>\n\t\t\t\t<\/div>\n\t\t<div class=\"elementor-element elementor-element-55cce6f e-con-full e-flex e-con e-child\" data-id=\"55cce6f\" data-element_type=\"container\" data-e-type=\"container\">\n\t\t\t\t<div class=\"elementor-element elementor-element-71602a5 elementor-widget elementor-widget-heading\" data-id=\"71602a5\" data-element_type=\"widget\" data-e-type=\"widget\" data-widget_type=\"heading.default\">\n\t\t\t\t<div class=\"elementor-widget-container\">\n\t\t\t\t\t<h2 class=\"elementor-heading-title elementor-size-default\">Anreise mit dem Bus\u200b<\/h2>\t\t\t\t<\/div>\n\t\t\t\t<\/div>\n\t\t\t\t<div class=\"elementor-element elementor-element-c23b89c elementor-widget elementor-widget-text-editor\" data-id=\"c23b89c\" data-element_type=\"widget\" data-e-type=\"widget\" data-widget_type=\"text-editor.default\">\n\t\t\t\t<div class=\"elementor-widget-container\">\n\t\t\t\t\t\t\t\t\t<p>Ihr kommt mit dem Reisebus in Reutlingen an? Gerne unterst\u00fctzen wir euch bei der Organisation eines reibungslosen Ablaufs. Kommt gerne auf uns zu.<\/p>\t\t\t\t\t\t\t\t<\/div>\n\t\t\t\t<\/div>\n\t\t\t\t<div class=\"elementor-element elementor-element-a2fa2d1 elementor-widget elementor-widget-button\" data-id=\"a2fa2d1\" data-element_type=\"widget\" data-e-type=\"widget\" data-widget_type=\"button.default\">\n\t\t\t\t<div class=\"elementor-widget-container\">\n\t\t\t\t\t\t\t\t\t<div class=\"elementor-button-wrapper\">\n\t\t\t\t\t<a class=\"elementor-button elementor-button-link elementor-size-sm\" href=\"mailto:zeidler@start-reutlingen.de\" target=\"_blank\">\n\t\t\t\t\t\t<span class=\"elementor-button-content-wrapper\">\n\t\t\t\t\t\t\t\t\t<span class=\"elementor-button-text\">Anfrage senden<\/span>\n\t\t\t\t\t<\/span>\n\t\t\t\t\t<\/a>\n\t\t\t\t<\/div>\n\t\t\t\t\t\t\t\t<\/div>\n\t\t\t\t<\/div>\n\t\t\t\t<\/div>\n\t\t\t\t\t<\/div>\n\t\t\t\t<\/div>\n\t\t<div class=\"elementor-element elementor-element-2f87095 e-flex e-con-boxed e-con e-parent\" data-id=\"2f87095\" data-element_type=\"container\" data-e-type=\"container\">\n\t\t\t\t\t<div class=\"e-con-inner\">\n\t\t\t\t<div class=\"elementor-element elementor-element-ff0f1be elementor-widget elementor-widget-spacer\" data-id=\"ff0f1be\" data-element_type=\"widget\" data-e-type=\"widget\" data-widget_type=\"spacer.default\">\n\t\t\t\t<div class=\"elementor-widget-container\">\n\t\t\t\t\t\t\t<div class=\"elementor-spacer\">\n\t\t\t<div class=\"elementor-spacer-inner\"><\/div>\n\t\t<\/div>\n\t\t\t\t\t\t<\/div>\n\t\t\t\t<\/div>\n\t\t\t\t\t<\/div>\n\t\t\t\t<\/div>\n\t\t<div class=\"elementor-element elementor-element-54393633 animated-fast e-flex e-con-boxed e-con e-parent\" data-id=\"54393633\" data-element_type=\"container\" data-e-type=\"container\" data-settings=\"{&quot;animation&quot;:&quot;none&quot;}\">\n\t\t\t\t\t<div class=\"e-con-inner\">\n\t\t\t\t<div class=\"elementor-element elementor-element-5dc6dd33 animated-slow elementor-widget-divider--view-line elementor-invisible elementor-widget elementor-widget-divider\" data-id=\"5dc6dd33\" data-element_type=\"widget\" data-e-type=\"widget\" data-settings=\"{&quot;_animation&quot;:&quot;fadeIn&quot;}\" data-widget_type=\"divider.default\">\n\t\t\t\t<div class=\"elementor-widget-container\">\n\t\t\t\t\t\t\t<div class=\"elementor-divider\">\n\t\t\t<span class=\"elementor-divider-separator\">\n\t\t\t\t\t\t<\/span>\n\t\t<\/div>\n\t\t\t\t\t\t<\/div>\n\t\t\t\t<\/div>\n\t\t<div class=\"elementor-element elementor-element-8e7d6aa e-con-full e-flex e-con e-child\" data-id=\"8e7d6aa\" data-element_type=\"container\" data-e-type=\"container\">\n\t\t<div class=\"elementor-element elementor-element-3f35d63 e-con-full animated-fast e-flex elementor-invisible e-con e-child\" data-id=\"3f35d63\" data-element_type=\"container\" data-e-type=\"container\" data-settings=\"{&quot;animation&quot;:&quot;fadeInUp&quot;,&quot;animation_delay&quot;:200}\">\n\t\t\t\t<div class=\"elementor-element elementor-element-33b76af elementor-widget elementor-widget-image\" data-id=\"33b76af\" data-element_type=\"widget\" data-e-type=\"widget\" data-widget_type=\"image.default\">\n\t\t\t\t<div class=\"elementor-widget-container\">\n\t\t\t\t\t\t\t\t\t\t\t\t\t\t\t<img loading=\"lazy\" decoding=\"async\" width=\"1080\" height=\"1080\" src=\"https:\/\/visitreutlingen.de\/wp-content\/uploads\/2025\/09\/markus-zeidler.png\" class=\"attachment-full size-full wp-image-103074\" alt=\"Reutlingen entdecken\" srcset=\"https:\/\/visitreutlingen.de\/wp-content\/uploads\/2025\/09\/markus-zeidler.png 1080w, https:\/\/visitreutlingen.de\/wp-content\/uploads\/2025\/09\/markus-zeidler-300x300.png 300w, https:\/\/visitreutlingen.de\/wp-content\/uploads\/2025\/09\/markus-zeidler-1024x1024.png 1024w, https:\/\/visitreutlingen.de\/wp-content\/uploads\/2025\/09\/markus-zeidler-150x150.png 150w, https:\/\/visitreutlingen.de\/wp-content\/uploads\/2025\/09\/markus-zeidler-768x768.png 768w, https:\/\/visitreutlingen.de\/wp-content\/uploads\/2025\/09\/elementor\/thumbs\/markus-zeidler-rbsam47ncp0hpdxjj356g3127pt8jwo239mzwp5dfo.png 250w\" sizes=\"(max-width: 1080px) 100vw, 1080px\" title=\"Reutlingen. Kannst du nur lieben.\">\t\t\t\t\t\t\t\t\t\t\t\t\t\t\t<\/div>\n\t\t\t\t<\/div>\n\t\t\t\t<\/div>\n\t\t<div class=\"elementor-element elementor-element-6c40d90c e-con-full animated-fast e-flex elementor-invisible e-con e-child\" data-id=\"6c40d90c\" data-element_type=\"container\" data-e-type=\"container\" data-settings=\"{&quot;animation&quot;:&quot;fadeInUp&quot;,&quot;animation_delay&quot;:400}\">\n\t\t\t\t<div class=\"elementor-element elementor-element-37e49b5 elementor-widget elementor-widget-heading\" data-id=\"37e49b5\" data-element_type=\"widget\" data-e-type=\"widget\" data-widget_type=\"heading.default\">\n\t\t\t\t<div class=\"elementor-widget-container\">\n\t\t\t\t\t<h4 class=\"elementor-heading-title elementor-size-default\">Markus-Hendrik Zeidler\n<\/h4>\t\t\t\t<\/div>\n\t\t\t\t<\/div>\n\t\t\t\t<div class=\"elementor-element elementor-element-62888009 elementor-widget elementor-widget-text-editor\" data-id=\"62888009\" data-element_type=\"widget\" data-e-type=\"widget\" data-widget_type=\"text-editor.default\">\n\t\t\t\t<div class=\"elementor-widget-container\">\n\t\t\t\t\t\t\t\t\t<p>StaRT Stadtmarketing und Tourismus Reutlingen GmbH<br \/>Touristische Angebote | IT &amp; Digitale Infrastruktur<\/p><p><strong>T\u00a0\u00a0\u00a0\u00a0\u00a007121 93935332<\/strong><br \/><strong>E\u00a0\u00a0\u00a0\u00a0\u00a0<a href=\"mailto:zeidler@start-reutlingen.de\">zeidler@start-reutlingen.de<\/a><\/strong><\/p>\t\t\t\t\t\t\t\t<\/div>\n\t\t\t\t<\/div>\n\t\t\t\t<\/div>\n\t\t\t\t<\/div>\n\t\t\t\t\t<\/div>\n\t\t\t\t<\/div>\n\t\t\t\t<\/div>\n\t\t","protected":false},"excerpt":{"rendered":"<p>Bus- &amp; Gruppen&shy;reisen Euer Ausflug beginnt hier Gemeinsam unterwegs? Dann herzlich willkommen in Reutlingen! Ob Citytrip, Vereinsausflug oder Gruppenreise \u2013 bei uns wartet mehr, als man auf den ersten Blick vermutet: spannende Ecken, echte Erlebnisse und jede Menge Geschichten, die verbinden. Gut geplant ist halb erlebt Damit beim Gruppenausflug alles rundl\u00e4uft: Hier gibt\u2019s Infos zu [&hellip;]<\/p>\n","protected":false},"author":1,"featured_media":0,"parent":102272,"menu_order":0,"comment_status":"closed","ping_status":"closed","template":"","meta":{"inline_featured_image":false,"footnotes":""},"class_list":["post-103053","page","type-page","status-publish","hentry"],"_links":{"self":[{"href":"https:\/\/visitreutlingen.de\/fr\/wp-json\/wp\/v2\/pages\/103053","targetHints":{"allow":["GET"]}}],"collection":[{"href":"https:\/\/visitreutlingen.de\/fr\/wp-json\/wp\/v2\/pages"}],"about":[{"href":"https:\/\/visitreutlingen.de\/fr\/wp-json\/wp\/v2\/types\/page"}],"author":[{"embeddable":true,"href":"https:\/\/visitreutlingen.de\/fr\/wp-json\/wp\/v2\/users\/1"}],"replies":[{"embeddable":true,"href":"https:\/\/visitreutlingen.de\/fr\/wp-json\/wp\/v2\/comments?post=103053"}],"version-history":[{"count":0,"href":"https:\/\/visitreutlingen.de\/fr\/wp-json\/wp\/v2\/pages\/103053\/revisions"}],"up":[{"embeddable":true,"href":"https:\/\/visitreutlingen.de\/fr\/wp-json\/wp\/v2\/pages\/102272"}],"wp:attachment":[{"href":"https:\/\/visitreutlingen.de\/fr\/wp-json\/wp\/v2\/media?parent=103053"}],"curies":[{"name":"wp","href":"https:\/\/api.w.org\/{rel}","templated":true}]}}