{"id":103133,"date":"2025-09-15T11:12:29","date_gmt":"2025-09-15T09:12:29","guid":{"rendered":"https:\/\/visit-rt.de\/?page_id=103133"},"modified":"2026-03-17T17:22:31","modified_gmt":"2026-03-17T16:22:31","slug":"b2b-newsletter","status":"publish","type":"page","link":"https:\/\/visitreutlingen.de\/fr\/business\/b2b-newsletter\/","title":{"rendered":"B2B Newsletter"},"content":{"rendered":"\t\t<div data-elementor-type=\"wp-page\" data-elementor-id=\"103133\" class=\"elementor elementor-103133\" data-elementor-post-type=\"page\">\n\t\t\t\t<div class=\"elementor-element elementor-element-14c47228 animated-fast e-flex e-con-boxed elementor-invisible e-con e-parent\" data-id=\"14c47228\" data-element_type=\"container\" data-e-type=\"container\" data-settings=\"{&quot;background_background&quot;:&quot;classic&quot;,&quot;animation&quot;:&quot;fadeIn&quot;}\">\n\t\t\t\t\t<div class=\"e-con-inner\">\n\t\t<div class=\"elementor-element elementor-element-513e67e4 e-con-full animated-fast e-flex elementor-invisible e-con e-child\" data-id=\"513e67e4\" data-element_type=\"container\" data-e-type=\"container\" data-settings=\"{&quot;animation&quot;:&quot;fadeInDown&quot;}\">\n\t\t\t\t<div class=\"elementor-element elementor-element-4ccfa1e8 elementor-widget elementor-widget-heading\" data-id=\"4ccfa1e8\" data-element_type=\"widget\" data-e-type=\"widget\" data-widget_type=\"heading.default\">\n\t\t\t\t<div class=\"elementor-widget-container\">\n\t\t\t\t\t<h1 class=\"elementor-heading-title elementor-size-default\">Der B2B Newsletter<\/h1>\t\t\t\t<\/div>\n\t\t\t\t<\/div>\n\t\t\t\t<div class=\"elementor-element elementor-element-53816b38 elementor-widget elementor-widget-heading\" data-id=\"53816b38\" data-element_type=\"widget\" data-e-type=\"widget\" data-widget_type=\"heading.default\">\n\t\t\t\t<div class=\"elementor-widget-container\">\n\t\t\t\t\t<h3 class=\"elementor-heading-title elementor-size-default\">Infos vom Stadtmarketing Reutlingen aus erster Hand\u200b<\/h3>\t\t\t\t<\/div>\n\t\t\t\t<\/div>\n\t\t\t\t<div class=\"elementor-element elementor-element-69a49f8a elementor-widget elementor-widget-text-editor\" data-id=\"69a49f8a\" data-element_type=\"widget\" data-e-type=\"widget\" data-widget_type=\"text-editor.default\">\n\t\t\t\t<div class=\"elementor-widget-container\">\n\t\t\t\t\t\t\t\t\t<p>Neues aus Reutlingen \u2013 direkt in euer Postfach! Unser B2B-Newsletter h\u00e4lt euch \u00fcber aktuelle Projekte, Veranstaltungen und Kooperationsm\u00f6glichkeiten auf dem Laufenden. F\u00fcr alle, die Reutlingen gemeinsam mit uns voranbringen wollen.<\/p>\t\t\t\t\t\t\t\t<\/div>\n\t\t\t\t<\/div>\n\t\t\t\t<\/div>\n\t\t<div class=\"elementor-element elementor-element-210d4f76 e-con-full animated-fast e-flex elementor-invisible e-con e-child\" data-id=\"210d4f76\" data-element_type=\"container\" data-e-type=\"container\" data-settings=\"{&quot;animation&quot;:&quot;fadeInDown&quot;,&quot;animation_delay&quot;:200}\">\n\t\t\t\t<div class=\"elementor-element elementor-element-65aed92d elementor-widget elementor-widget-image\" data-id=\"65aed92d\" data-element_type=\"widget\" data-e-type=\"widget\" data-widget_type=\"image.default\">\n\t\t\t\t<div class=\"elementor-widget-container\">\n\t\t\t\t\t\t\t\t\t\t\t\t\t\t\t<img fetchpriority=\"high\" decoding=\"async\" width=\"2560\" height=\"1708\" src=\"https:\/\/visitreutlingen.de\/wp-content\/uploads\/2025\/11\/RT-B2B-scaled.jpg\" class=\"attachment-full size-full wp-image-108107\" alt=\"Reutlingen entdecken\" srcset=\"https:\/\/visitreutlingen.de\/wp-content\/uploads\/2025\/11\/RT-B2B-scaled.jpg 2560w, https:\/\/visitreutlingen.de\/wp-content\/uploads\/2025\/11\/RT-B2B-300x200.jpg 300w, https:\/\/visitreutlingen.de\/wp-content\/uploads\/2025\/11\/RT-B2B-1024x683.jpg 1024w, https:\/\/visitreutlingen.de\/wp-content\/uploads\/2025\/11\/RT-B2B-768x512.jpg 768w, https:\/\/visitreutlingen.de\/wp-content\/uploads\/2025\/11\/RT-B2B-1536x1025.jpg 1536w, https:\/\/visitreutlingen.de\/wp-content\/uploads\/2025\/11\/RT-B2B-2048x1366.jpg 2048w\" sizes=\"(max-width: 2560px) 100vw, 2560px\" title=\"Reutlingen. Kannst du nur lieben.\">\t\t\t\t\t\t\t\t\t\t\t\t\t\t\t<\/div>\n\t\t\t\t<\/div>\n\t\t\t\t<\/div>\n\t\t\t\t\t<\/div>\n\t\t\t\t<\/div>\n\t\t<div class=\"elementor-element elementor-element-3fb11292 e-flex e-con-boxed e-con e-parent\" data-id=\"3fb11292\" data-element_type=\"container\" data-e-type=\"container\">\n\t\t\t\t\t<div class=\"e-con-inner\">\n\t\t\t\t<div class=\"elementor-element elementor-element-434115d9 elementor-widget elementor-widget-spacer\" data-id=\"434115d9\" data-element_type=\"widget\" data-e-type=\"widget\" data-widget_type=\"spacer.default\">\n\t\t\t\t<div class=\"elementor-widget-container\">\n\t\t\t\t\t\t\t<div class=\"elementor-spacer\">\n\t\t\t<div class=\"elementor-spacer-inner\"><\/div>\n\t\t<\/div>\n\t\t\t\t\t\t<\/div>\n\t\t\t\t<\/div>\n\t\t\t\t<div class=\"elementor-element elementor-element-d337a63 elementor-widget elementor-widget-heading\" data-id=\"d337a63\" data-element_type=\"widget\" data-e-type=\"widget\" data-widget_type=\"heading.default\">\n\t\t\t\t<div class=\"elementor-widget-container\">\n\t\t\t\t\t<h2 class=\"elementor-heading-title elementor-size-default\"><p data-start=\"287\" data-end=\"361\">Bleib auf dem Laufenden \u2013 jetzt anmelden<\/p><\/h2>\t\t\t\t<\/div>\n\t\t\t\t<\/div>\n\t\t\t\t\t<\/div>\n\t\t\t\t<\/div>\n\t\t<div class=\"elementor-element elementor-element-7faf27c animated-fast e-flex e-con-boxed elementor-invisible e-con e-parent\" data-id=\"7faf27c\" data-element_type=\"container\" data-e-type=\"container\" data-settings=\"{&quot;animation&quot;:&quot;fadeInUp&quot;}\">\n\t\t\t\t\t<div class=\"e-con-inner\">\n\t\t<div class=\"elementor-element elementor-element-60290843 e-con-full e-flex e-con e-child\" data-id=\"60290843\" data-element_type=\"container\" data-e-type=\"container\">\n\t\t\t\t<div class=\"elementor-element elementor-element-3fa36073 elementor-widget elementor-widget-text-editor\" data-id=\"3fa36073\" data-element_type=\"widget\" data-e-type=\"widget\" data-widget_type=\"text-editor.default\">\n\t\t\t\t<div class=\"elementor-widget-container\">\n\t\t\t\t\t\t\t\t\t<p>Alle zwei Monate stellen wir im StaRT-Newsletter ausgew\u00e4hlte Informationen, Veranstaltungshinweise und Neuigkeiten \u00fcbersichtlich zusammen. Die verschiedenen Rubriken erm\u00f6glichen einen schnellen \u00dcberblick \u00fcber relevante Themen und Termine.<\/p>\t\t\t\t\t\t\t\t<\/div>\n\t\t\t\t<\/div>\n\t\t\t\t<\/div>\n\t\t<div class=\"elementor-element elementor-element-7ef67ea e-con-full e-flex e-con e-child\" data-id=\"7ef67ea\" data-element_type=\"container\" data-e-type=\"container\">\n\t\t\t\t<div class=\"elementor-element elementor-element-cf4d38f elementor-widget elementor-widget-html\" data-id=\"cf4d38f\" data-element_type=\"widget\" data-e-type=\"widget\" data-widget_type=\"html.default\">\n\t\t\t\t<div class=\"elementor-widget-container\">\n\t\t\t\t\t<!-- Begin Brevo Form -->\r\n<link rel=\"stylesheet\" href=\"https:\/\/sibforms.com\/forms\/end-form\/build\/sib-styles.css\">\r\n\r\n<div class=\"sib-form\">\r\n  <div class=\"brevo-newsletter-form\">\r\n    <style>\r\n      .g-recaptcha {\r\n        transform: scale(0.85);\r\n        transform-origin: 0 0;\r\n        margin-bottom: 30px;\r\n        margin-top: 20px;\r\n      }\r\n      @media (max-width: 480px) {\r\n        .g-recaptcha {\r\n          transform: scale(0.77);\r\n        }\r\n      }\r\n      .input--hidden {\r\n        display: none;\r\n      }\r\n      \r\n      \/* Padding entfernen *\/\r\n      .sib-form-block {\r\n        padding: 0 !important;\r\n        margin-bottom: 15px !important;\r\n      }\r\n      #sib-container {\r\n        padding: 0 !important;\r\n      }\r\n      .sib-form {\r\n        padding: 0 !important;\r\n      }\r\n      \r\n\r\n.sib-optin p {\r\n  font-weight: 400 !important;\r\n  font-size: 16px !important;\r\n  line-height: 4 !important;\r\n  margin: 30px 0 10px 0 !important;\r\n}\r\n    <\/style>\r\n\r\n    <div id=\"sib-form-container\" class=\"sib-form-container\">\r\n      \r\n      <div id=\"error-message\" class=\"sib-form-message-panel\" style=\"font-size:16px; color:#661d1d; background-color:#ffeded; border-radius:3px; border:1px solid #ff4949; max-width:540px;\">\r\n        <div class=\"sib-form-message-panel__text sib-form-message-panel__text--center\">\r\n          <svg viewBox=\"0 0 512 512\" class=\"sib-icon sib-notification__icon\">\r\n            <path d=\"M256 40c118.621 0 216 96.075 216 216 0 119.291-96.61 216-216 216-119.244 0-216-96.562-216-216 0-119.203 96.602-216 216-216m0-32C119.043 8 8 119.083 8 256c0 136.997 111.043 248 248 248s248-111.003 248-248C504 119.083 392.957 8 256 8zm-11.49 120h22.979c6.823 0 12.274 5.682 11.99 12.5l-7 168c-.268 6.428-5.556 11.5-11.99 11.5h-8.979c-6.433 0-11.722-5.073-11.99-11.5l-7-168c-.283-6.818 5.167-12.5 11.99-12.5zM256 340c-15.464 0-28 12.536-28 28s12.536 28 28 28 28-12.536 28-28-12.536-28-28-28z\" \/>\r\n          <\/svg>\r\n          <span class=\"sib-form-message-panel__inner-text\">\r\n            Deine Anmeldung konnte nicht gespeichert werden. Bitte versuche es erneut.\r\n          <\/span>\r\n        <\/div>\r\n      <\/div>\r\n      \r\n      <div><\/div>\r\n      \r\n      <div id=\"success-message\" class=\"sib-form-message-panel\" style=\"font-size:16px; color:#085229; background-color:#e7faf0; border-radius:3px; border:1px solid #13ce66; max-width:540px;\">\r\n        <div class=\"sib-form-message-panel__text sib-form-message-panel__text--center\">\r\n          <svg viewBox=\"0 0 512 512\" class=\"sib-icon sib-notification__icon\">\r\n            <path d=\"M256 8C119.033 8 8 119.033 8 256s111.033 248 248 248 248-111.033 248-248S392.967 8 256 8zm0 464c-118.664 0-216-96.055-216-216 0-118.663 96.055-216 216-216 118.664 0 216 96.055 216 216 0 118.663-96.055 216-216 216zm141.63-274.961L217.15 376.071c-4.705 4.667-12.303 4.637-16.97-.068l-85.878-86.572c-4.667-4.705-4.637-12.303.068-16.97l8.52-8.451c4.705-4.667 12.303-4.637 16.97.068l68.976 69.533 163.441-162.13c4.705-4.667 12.303-4.637 16.97.068l8.451 8.52c4.668 4.705 4.637 12.303-.068 16.97z\" \/>\r\n          <\/svg>\r\n          <span class=\"sib-form-message-panel__inner-text\">\r\n            Sch\u00f6n, dass du dabei bist! Deine Anmeldung war erfolgreich.\r\n          <\/span>\r\n        <\/div>\r\n      <\/div>\r\n      \r\n      <div><\/div>\r\n      \r\n      <div id=\"sib-container\" class=\"sib-container--large sib-container--vertical\">\r\n        <form id=\"sib-form\" method=\"POST\" action=\"https:\/\/33589db2.sibforms.com\/serve\/MUIFANhm4pY7cRGw8QYNb4ldJ78bPpuaMDRkyZ2U26TDKNefca-1XZFWWLr5kgZ3uTAt1Q_pX_oRmSXgwtzErXZ5sGpEOV0E04Y6wskKRl5hj-ycMTu5JQDJ_GIZN9IccR_-cI_FLRaQdcmuIu0vMv-RhDsxHruUK1g7GnY_pJPGPF0dEON9aEKXA-aNA3Drb5HndgG79gPSzYOA\" data-type=\"subscription\">\r\n          \r\n          <div class=\"sib-input sib-form-block\">\r\n            <div class=\"form__entry entry_block\">\r\n              <div class=\"form__label-row\">\r\n                <label class=\"entry__label\" for=\"VORNAME\" data-required=\"*\">Vorname<\/label>\r\n                <div class=\"entry__field\">\r\n                  <input class=\"input\" maxlength=\"200\" type=\"text\" id=\"VORNAME\" name=\"VORNAME\" autocomplete=\"off\" placeholder=\"Vorname\" data-required=\"true\" required \/>\r\n                <\/div>\r\n              <\/div>\r\n              <label class=\"entry__error entry__error--primary\"><\/label>\r\n            <\/div>\r\n          <\/div>\r\n\r\n          <div class=\"sib-input sib-form-block\">\r\n            <div class=\"form__entry entry_block\">\r\n              <div class=\"form__label-row\">\r\n                <label class=\"entry__label\" for=\"NACHNAME\" data-required=\"*\">Nachname<\/label>\r\n                <div class=\"entry__field\">\r\n                  <input class=\"input\" maxlength=\"200\" type=\"text\" id=\"NACHNAME\" name=\"NACHNAME\" autocomplete=\"off\" placeholder=\"Nachname\" data-required=\"true\" required \/>\r\n                <\/div>\r\n              <\/div>\r\n              <label class=\"entry__error entry__error--primary\"><\/label>\r\n            <\/div>\r\n          <\/div>\r\n\r\n          <div class=\"sib-input sib-form-block\">\r\n            <div class=\"form__entry entry_block\">\r\n              <div class=\"form__label-row\">\r\n                <label class=\"entry__label\" for=\"COMPANY\" data-required=\"*\">Unternehmen<\/label>\r\n                <div class=\"entry__field\">\r\n                  <input class=\"input\" maxlength=\"200\" type=\"text\" id=\"COMPANY\" name=\"COMPANY\" autocomplete=\"off\" placeholder=\"Unternehmen\" data-required=\"true\" required \/>\r\n                <\/div>\r\n              <\/div>\r\n              <label class=\"entry__error entry__error--primary\"><\/label>\r\n            <\/div>\r\n          <\/div>\r\n\r\n          <div class=\"sib-input sib-form-block\">\r\n            <div class=\"form__entry entry_block\">\r\n              <div class=\"form__label-row\">\r\n                <label class=\"entry__label\" for=\"EMAIL\" data-required=\"*\">E-Mail<\/label>\r\n                <div class=\"entry__field\">\r\n                  <input class=\"input\" type=\"text\" id=\"EMAIL\" name=\"EMAIL\" autocomplete=\"off\" placeholder=\"Deine E-Mail\" data-required=\"true\" required \/>\r\n                <\/div>\r\n              <\/div>\r\n              <label class=\"entry__error entry__error--primary\"><\/label>\r\n            <\/div>\r\n          <\/div>\r\n\r\n          <div class=\"sib-captcha sib-form-block\">\r\n            <div class=\"form__entry entry_block\">\r\n              <div class=\"form__label-row\">\r\n                <script>\r\n                  function handleCaptchaResponse() {\r\n                    var event = new Event('captchaChange');\r\n                    document.getElementById('sib-captcha').dispatchEvent(event);\r\n                  }\r\n                <\/script>\r\n                <div class=\"g-recaptcha sib-visible-recaptcha\" id=\"sib-captcha\" data-sitekey=\"6Lf_0g8hAAAAAACImaAui-TWB9tU5hVp8bYqBv7J\" data-callback=\"handleCaptchaResponse\"><\/div>\r\n              <\/div>\r\n              <label class=\"entry__error entry__error--primary\"><\/label>\r\n            <\/div>\r\n          <\/div>\r\n\r\n          <div class=\"sib-form__declaration\">\r\n            <div>\r\n              <p style=\"font-size: 14px; color: #687484; margin: 20px 0;\">\r\n                Wir verwenden Brevo als unsere Marketing-Plattform. Indem du das Formular absendest, erkl\u00e4rst du dich einverstanden, dass die von dir angegebenen pers\u00f6nlichen Informationen an Brevo zur Bearbeitung \u00fcbertragen werden gem\u00e4\u00df den <a href=\"https:\/\/www.brevo.com\/de\/legal\/privacypolicy\/\" target=\"_blank\" rel=\"noopener\">Datenschutzrichtlinien von Brevo.<\/a>\r\n              <\/p>\r\n            <\/div>\r\n          <\/div>\r\n<div class=\"sib-optin sib-form-block\" data-required=\"true\">\r\n  <div class=\"form__entry entry_mcq\">\r\n    <div class=\"form__label-row\">\r\n      <div class=\"entry__choice\">\r\n        <label style=\"font-weight: 400; font-size: 16px; line-height: 1.4 !important; display: block; margin: 30px 0 10px 0;\">\r\n          <input type=\"checkbox\" class=\"input_replaced\" value=\"1\" id=\"OPT_IN\" name=\"OPT_IN\" required \/>\r\n          <span class=\"checkbox checkbox_tick_positive\" style=\"margin-left:\"><\/span>\r\n          <span style=\"font-size:16px; line-height: 1.4 !important;\">\r\n            Ich m\u00f6chte den Newsletter von Visit Reutlingen erhalten und willige ein, dass meine angegebenen personenbezogenen Daten zum Zweck des Newsletterversands verarbeitet werden.*\r\n          <\/span>\r\n        <\/label>\r\n      <\/div>\r\n    <\/div>\r\n    <label class=\"entry__error entry__error--primary\"><\/label>\r\n  <\/div>\r\n<\/div>\r\n          \r\n          <div class=\"sib-form-block\">\r\n            <button class=\"sib-form-block__button sib-form-block__button-with-loader\" type=\"submit\" form=\"sib-form\" style=\"border-radius: 100px !important; -webkit-border-radius: 100px !important;\">\r\n              <svg class=\"icon clickable__icon progress-indicator__icon sib-hide-loader-icon\" viewBox=\"0 0 512 512\">\r\n                <path d=\"M460.116 373.846l-20.823-12.022c-5.541-3.199-7.54-10.159-4.663-15.874 30.137-59.886 28.343-131.652-5.386-189.946-33.641-58.394-94.896-95.833-161.827-99.676C261.028 55.961 256 50.751 256 44.352V20.309c0-6.904 5.808-12.337 12.703-11.982 83.556 4.306 160.163 50.864 202.11 123.677 42.063 72.696 44.079 162.316 6.031 236.832-3.14 6.148-10.75 8.461-16.728 5.01z\" \/>\r\n              <\/svg>\r\n              Anmelden\r\n            <\/button>\r\n          <\/div>\r\n\r\n          <input type=\"text\" name=\"email_address_check\" value=\"\" class=\"input--hidden\">\r\n          <input type=\"hidden\" name=\"locale\" value=\"de\">\r\n        <\/form>\r\n      <\/div>\r\n    <\/div>\r\n  <\/div>\r\n<\/div>\r\n\r\n<script>\r\n  window.REQUIRED_CODE_ERROR_MESSAGE = 'W\u00e4hle bitte einen L\u00e4ndervorwahl aus.';\r\n  window.LOCALE = 'de';\r\n  window.EMAIL_INVALID_MESSAGE = window.SMS_INVALID_MESSAGE = \"Die eingegebenen Informationen sind nicht g\u00fcltig. Bitte \u00fcberpr\u00fcfe das Feldformat und versuche es erneut.\";\r\n  window.REQUIRED_ERROR_MESSAGE = \"Dieses Feld darf nicht leer sein.\";\r\n  window.GENERIC_INVALID_MESSAGE = \"Die eingegebenen Informationen sind nicht g\u00fcltig. Bitte \u00fcberpr\u00fcfe das Feldformat und versuche es erneut.\";\r\n  window.translation = {\r\n    common: {\r\n      selectedList: '{quantity} Liste ausgew\u00e4hlt',\r\n      selectedLists: '{quantity} Listen ausgew\u00e4hlt',\r\n      selectedOption: '{quantity} ausgew\u00e4hlt',\r\n      selectedOptions: '{quantity} ausgew\u00e4hlt',\r\n    }\r\n  };\r\n  var AUTOHIDE = Boolean(0);\r\n<\/script>\r\n\r\n<script defer src=\"https:\/\/sibforms.com\/forms\/end-form\/build\/main.js\"><\/script>\r\n<script src=\"https:\/\/www.google.com\/recaptcha\/api.js?hl=de\"><\/script>\r\n<!-- End Brevo Form -->\t\t\t\t<\/div>\n\t\t\t\t<\/div>\n\t\t\t\t<\/div>\n\t\t\t\t\t<\/div>\n\t\t\t\t<\/div>\n\t\t\t\t<\/div>\n\t\t","protected":false},"excerpt":{"rendered":"<p>Der B2B Newsletter Infos vom Stadtmarketing Reutlingen aus erster Hand\u200b Neues aus Reutlingen \u2013 direkt in euer Postfach! Unser B2B-Newsletter h\u00e4lt euch \u00fcber aktuelle Projekte, Veranstaltungen und Kooperationsm\u00f6glichkeiten auf dem Laufenden. F\u00fcr alle, die Reutlingen gemeinsam mit uns voranbringen wollen. Bleib auf dem Laufenden \u2013 jetzt anmelden Alle zwei Monate stellen wir im StaRT-Newsletter ausgew\u00e4hlte [&hellip;]<\/p>\n","protected":false},"author":1,"featured_media":0,"parent":102272,"menu_order":0,"comment_status":"closed","ping_status":"closed","template":"","meta":{"inline_featured_image":false,"footnotes":""},"class_list":["post-103133","page","type-page","status-publish","hentry"],"_links":{"self":[{"href":"https:\/\/visitreutlingen.de\/fr\/wp-json\/wp\/v2\/pages\/103133","targetHints":{"allow":["GET"]}}],"collection":[{"href":"https:\/\/visitreutlingen.de\/fr\/wp-json\/wp\/v2\/pages"}],"about":[{"href":"https:\/\/visitreutlingen.de\/fr\/wp-json\/wp\/v2\/types\/page"}],"author":[{"embeddable":true,"href":"https:\/\/visitreutlingen.de\/fr\/wp-json\/wp\/v2\/users\/1"}],"replies":[{"embeddable":true,"href":"https:\/\/visitreutlingen.de\/fr\/wp-json\/wp\/v2\/comments?post=103133"}],"version-history":[{"count":0,"href":"https:\/\/visitreutlingen.de\/fr\/wp-json\/wp\/v2\/pages\/103133\/revisions"}],"up":[{"embeddable":true,"href":"https:\/\/visitreutlingen.de\/fr\/wp-json\/wp\/v2\/pages\/102272"}],"wp:attachment":[{"href":"https:\/\/visitreutlingen.de\/fr\/wp-json\/wp\/v2\/media?parent=103133"}],"curies":[{"name":"wp","href":"https:\/\/api.w.org\/{rel}","templated":true}]}}