{"id":105808,"date":"2025-09-20T08:43:43","date_gmt":"2025-09-20T06:43:43","guid":{"rendered":"https:\/\/visit-rt.de\/?page_id=105808"},"modified":"2026-03-17T17:22:28","modified_gmt":"2026-03-17T16:22:28","slug":"oeffentliche-stadtfuehrungen-terminuebersicht","status":"publish","type":"page","link":"https:\/\/visitreutlingen.de\/fr\/buchen\/stadtfuehrungen\/oeffentliche-stadtfuehrungen-terminuebersicht\/","title":{"rendered":"\u00d6ffentliche Stadtf\u00fchrungen Termin\u00fcbersicht"},"content":{"rendered":"\t\t<div data-elementor-type=\"wp-page\" data-elementor-id=\"105808\" class=\"elementor elementor-105808\" data-elementor-post-type=\"page\">\n\t\t\t\t<div class=\"elementor-element elementor-element-52b662e0 animated-fast e-flex e-con-boxed elementor-invisible e-con e-parent\" data-id=\"52b662e0\" data-element_type=\"container\" data-e-type=\"container\" data-settings=\"{&quot;background_background&quot;:&quot;classic&quot;,&quot;animation&quot;:&quot;fadeIn&quot;}\">\n\t\t\t\t\t<div class=\"e-con-inner\">\n\t\t<div class=\"elementor-element elementor-element-66f2965f e-con-full animated-fast e-flex elementor-invisible e-con e-child\" data-id=\"66f2965f\" data-element_type=\"container\" data-e-type=\"container\" data-settings=\"{&quot;animation&quot;:&quot;fadeInDown&quot;}\">\n\t\t\t\t<div class=\"elementor-element elementor-element-615ec4ac elementor-widget elementor-widget-heading\" data-id=\"615ec4ac\" data-element_type=\"widget\" data-e-type=\"widget\" data-widget_type=\"heading.default\">\n\t\t\t\t<div class=\"elementor-widget-container\">\n\t\t\t\t\t<h1 class=\"elementor-heading-title elementor-size-default\">\u00d6ffentliche Stadt&shy;f\u00fchrungen<\/h1>\t\t\t\t<\/div>\n\t\t\t\t<\/div>\n\t\t\t\t<div class=\"elementor-element elementor-element-4cf95b48 elementor-widget elementor-widget-heading\" data-id=\"4cf95b48\" data-element_type=\"widget\" data-e-type=\"widget\" data-widget_type=\"heading.default\">\n\t\t\t\t<div class=\"elementor-widget-container\">\n\t\t\t\t\t<h3 class=\"elementor-heading-title elementor-size-default\">Dein Fahrplan durch Reutlingens Stadtgeschichten<\/h3>\t\t\t\t<\/div>\n\t\t\t\t<\/div>\n\t\t\t\t<div class=\"elementor-element elementor-element-52ecd540 elementor-widget elementor-widget-text-editor\" data-id=\"52ecd540\" data-element_type=\"widget\" data-e-type=\"widget\" data-widget_type=\"text-editor.default\">\n\t\t\t\t<div class=\"elementor-widget-container\">\n\t\t\t\t\t\t\t\t\t<p data-start=\"94\" data-end=\"332\">Von April bis November gibt\u2019s jeden Samstag neue Themenf\u00fchrungen, die dich mitten in Reutlingens Geschichten katapultieren. Und an zwei Sonntagen im Monat geht\u2019s mit einer historischen Stadtf\u00fchrung noch tiefer zur\u00fcck in die Vergangenheit. Das Beste daran? An jedem ersten Freitag im Monat haut dir das Kulturamt Reutlingen sogar eine historische Stadtf\u00fchrung for free raus. Einfach anmelden \u2013 und entspannt mitlaufen.<\/p>\t\t\t\t\t\t\t\t<\/div>\n\t\t\t\t<\/div>\n\t\t\t\t<\/div>\n\t\t<div class=\"elementor-element elementor-element-299e1c03 e-con-full animated-fast e-flex elementor-invisible e-con e-child\" data-id=\"299e1c03\" data-element_type=\"container\" data-e-type=\"container\" data-settings=\"{&quot;animation&quot;:&quot;fadeInDown&quot;,&quot;animation_delay&quot;:200}\">\n\t\t\t\t<div class=\"elementor-element elementor-element-57fb4a96 elementor-widget elementor-widget-image\" data-id=\"57fb4a96\" data-element_type=\"widget\" data-e-type=\"widget\" data-widget_type=\"image.default\">\n\t\t\t\t<div class=\"elementor-widget-container\">\n\t\t\t\t\t\t\t\t\t\t\t\t\t\t\t<img fetchpriority=\"high\" decoding=\"async\" width=\"2560\" height=\"1706\" src=\"https:\/\/visitreutlingen.de\/wp-content\/uploads\/2025\/09\/240418_ddp__0039-scaled.jpg\" class=\"attachment-full size-full wp-image-102523\" alt=\"Reutlingen entdecken\" srcset=\"https:\/\/visitreutlingen.de\/wp-content\/uploads\/2025\/09\/240418_ddp__0039-scaled.jpg 2560w, https:\/\/visitreutlingen.de\/wp-content\/uploads\/2025\/09\/240418_ddp__0039-300x200.jpg 300w, https:\/\/visitreutlingen.de\/wp-content\/uploads\/2025\/09\/240418_ddp__0039-1024x683.jpg 1024w, https:\/\/visitreutlingen.de\/wp-content\/uploads\/2025\/09\/240418_ddp__0039-768x512.jpg 768w, https:\/\/visitreutlingen.de\/wp-content\/uploads\/2025\/09\/240418_ddp__0039-1536x1024.jpg 1536w, https:\/\/visitreutlingen.de\/wp-content\/uploads\/2025\/09\/240418_ddp__0039-2048x1365.jpg 2048w\" sizes=\"(max-width: 2560px) 100vw, 2560px\" title=\"Reutlingen. Kannst du nur lieben.\">\t\t\t\t\t\t\t\t\t\t\t\t\t\t\t<\/div>\n\t\t\t\t<\/div>\n\t\t\t\t<\/div>\n\t\t\t\t\t<\/div>\n\t\t\t\t<\/div>\n\t\t<div class=\"elementor-element elementor-element-7ac9518a e-flex e-con-boxed e-con e-parent\" data-id=\"7ac9518a\" data-element_type=\"container\" data-e-type=\"container\">\n\t\t\t\t\t<div class=\"e-con-inner\">\n\t\t\t\t<div class=\"elementor-element elementor-element-168f0e99 elementor-widget elementor-widget-spacer\" data-id=\"168f0e99\" data-element_type=\"widget\" data-e-type=\"widget\" data-widget_type=\"spacer.default\">\n\t\t\t\t<div class=\"elementor-widget-container\">\n\t\t\t\t\t\t\t<div class=\"elementor-spacer\">\n\t\t\t<div class=\"elementor-spacer-inner\"><\/div>\n\t\t<\/div>\n\t\t\t\t\t\t<\/div>\n\t\t\t\t<\/div>\n\t\t\t\t\t<\/div>\n\t\t\t\t<\/div>\n\t\t<div class=\"elementor-element elementor-element-4727c28b animated-fast e-flex e-con-boxed elementor-invisible e-con e-parent\" data-id=\"4727c28b\" data-element_type=\"container\" data-e-type=\"container\" data-settings=\"{&quot;animation&quot;:&quot;fadeInUp&quot;}\">\n\t\t\t\t\t<div class=\"e-con-inner\">\n\t\t<div class=\"elementor-element elementor-element-97dfba0 e-con-full e-flex e-con e-child\" data-id=\"97dfba0\" data-element_type=\"container\" data-e-type=\"container\">\n\t\t\t\t<div class=\"elementor-element elementor-element-22f56a94 elementor-widget elementor-widget-heading\" data-id=\"22f56a94\" data-element_type=\"widget\" data-e-type=\"widget\" data-widget_type=\"heading.default\">\n\t\t\t\t<div class=\"elementor-widget-container\">\n\t\t\t\t\t<h2 class=\"elementor-heading-title elementor-size-default\">\u00d6ffentliche Stadtf\u00fchrungen - Termin\u00fcbersicht<\/h2>\t\t\t\t<\/div>\n\t\t\t\t<\/div>\n\t\t\t\t<\/div>\n\t\t\t\t\t<\/div>\n\t\t\t\t<\/div>\n\t\t<div class=\"elementor-element elementor-element-a8d9e93 e-flex e-con-boxed e-con e-parent\" data-id=\"a8d9e93\" data-element_type=\"container\" data-e-type=\"container\">\n\t\t\t\t\t<div class=\"e-con-inner\">\n\t\t\t\t<div class=\"elementor-element elementor-element-ad29768 elementor-widget elementor-widget-spacer\" data-id=\"ad29768\" data-element_type=\"widget\" data-e-type=\"widget\" data-widget_type=\"spacer.default\">\n\t\t\t\t<div class=\"elementor-widget-container\">\n\t\t\t\t\t\t\t<div class=\"elementor-spacer\">\n\t\t\t<div class=\"elementor-spacer-inner\"><\/div>\n\t\t<\/div>\n\t\t\t\t\t\t<\/div>\n\t\t\t\t<\/div>\n\t\t\t\t\t<\/div>\n\t\t\t\t<\/div>\n\t\t<div class=\"elementor-element elementor-element-2738d2c animated-fast e-flex e-con-boxed elementor-invisible e-con e-child\" data-id=\"2738d2c\" data-element_type=\"container\" data-e-type=\"container\" data-settings=\"{&quot;animation&quot;:&quot;fadeInUp&quot;}\">\n\t\t\t\t\t<div class=\"e-con-inner\">\n\t\t\t\t<div class=\"elementor-element elementor-element-0af2660 elementor-widget elementor-widget-html\" data-id=\"0af2660\" data-element_type=\"widget\" data-e-type=\"widget\" data-widget_type=\"html.default\">\n\t\t\t\t<div class=\"elementor-widget-container\">\n\t\t\t\t\t<style>\r\n#bookingKitContainer_inner {\r\n    max-width: 100% !important;\r\n    margin: 0 !important;\r\n}\r\n\r\n\/* Bookingkit \u00dcberschriften-Reset *\/\r\n#bookingKitContainer h1,\r\n#bookingKitContainer h2,\r\n#bookingKitContainer h3,\r\n#bookingKitContainer h4,\r\n#bookingKitContainer h5,\r\n#bookingKitContainer h6 {\r\n    all: unset;\r\n    display: block;\r\n    margin: 1em 0;\r\n    font-weight: 600;\r\n    font-family: \"Reutlingen Sans\", sans-serif;\r\n    font-size: 1.5rem;\r\n    color: #222;\r\n}\r\n\r\n\/* Button-Wrapper nebeneinander *\/\r\n#bookingKitButtons {\r\n    display: flex;\r\n    gap: 1rem;         \/* Abstand zwischen Buttons *\/\r\n    margin-bottom: 1rem;\r\n}\r\n\r\n\/* \"Einen Schritt zur\u00fcck\" standardm\u00e4\u00dfig ausblenden *\/\r\n#bookingKitBack {\r\n    display: none;\r\n}\r\n<\/style>\r\n\r\n<div id=\"bookingKitButtons\">\r\n    <div>\r\n        <a href=\"\/buchen\/stadtfuehrungen\">\r\n            <button>\u00dcbersicht<\/button>\r\n        <\/a>\r\n    <\/div>\r\n    <div id=\"bookingKitBack\">\r\n        <button onclick=\"history.back()\">Zur\u00fcck<\/button>\r\n    <\/div>\r\n<\/div>\r\n\r\n<div id=\"bookingKitContainer\" data-cw=\"47fbad10e9b666dd2ddc07c29703dc1a\"><\/div>\r\n<script src=\"https:\/\/5a62270f0df20678071881e9bb8144fc.widget.bookingkit.net\/bkscript\/47fbad10e9b666dd2ddc07c29703dc1a\/\" async><\/script>\r\n\r\n<script>\r\ndocument.addEventListener(\"DOMContentLoaded\", function () {\r\n    const headerHeight = 180; \/\/ H\u00f6he deines Sticky-Headers\r\n    const backDiv = document.getElementById(\"bookingKitBack\");\r\n    const container = document.getElementById(\"bookingKitContainer\");\r\n    if (!container || !backDiv) return;\r\n\r\n    function fixScroll() {\r\n        const y = container.getBoundingClientRect().top + window.scrollY - headerHeight;\r\n        window.scrollTo({ top: y, behavior: \"auto\" });\r\n    }\r\n\r\n    function updateButton() {\r\n        backDiv.style.display = location.hash ? \"block\" : \"none\";\r\n        if (location.hash) setTimeout(fixScroll, 50);\r\n    }\r\n\r\n    window.addEventListener(\"hashchange\", updateButton);\r\n    updateButton();\r\n});\r\n<\/script>\r\n\t\t\t\t<\/div>\n\t\t\t\t<\/div>\n\t\t\t\t\t<\/div>\n\t\t\t\t<\/div>\n\t\t\t\t<\/div>\n\t\t","protected":false},"excerpt":{"rendered":"<p>\u00d6ffentliche Stadt&shy;f\u00fchrungen Dein Fahrplan durch Reutlingens Stadtgeschichten Von April bis November gibt\u2019s jeden Samstag neue Themenf\u00fchrungen, die dich mitten in Reutlingens Geschichten katapultieren. Und an zwei Sonntagen im Monat geht\u2019s mit einer historischen Stadtf\u00fchrung noch tiefer zur\u00fcck in die Vergangenheit. Das Beste daran? An jedem ersten Freitag im Monat haut dir das Kulturamt Reutlingen sogar [&hellip;]<\/p>\n","protected":false},"author":1,"featured_media":0,"parent":102504,"menu_order":0,"comment_status":"closed","ping_status":"closed","template":"","meta":{"inline_featured_image":false,"footnotes":""},"class_list":["post-105808","page","type-page","status-publish","hentry"],"_links":{"self":[{"href":"https:\/\/visitreutlingen.de\/fr\/wp-json\/wp\/v2\/pages\/105808","targetHints":{"allow":["GET"]}}],"collection":[{"href":"https:\/\/visitreutlingen.de\/fr\/wp-json\/wp\/v2\/pages"}],"about":[{"href":"https:\/\/visitreutlingen.de\/fr\/wp-json\/wp\/v2\/types\/page"}],"author":[{"embeddable":true,"href":"https:\/\/visitreutlingen.de\/fr\/wp-json\/wp\/v2\/users\/1"}],"replies":[{"embeddable":true,"href":"https:\/\/visitreutlingen.de\/fr\/wp-json\/wp\/v2\/comments?post=105808"}],"version-history":[{"count":0,"href":"https:\/\/visitreutlingen.de\/fr\/wp-json\/wp\/v2\/pages\/105808\/revisions"}],"up":[{"embeddable":true,"href":"https:\/\/visitreutlingen.de\/fr\/wp-json\/wp\/v2\/pages\/102504"}],"wp:attachment":[{"href":"https:\/\/visitreutlingen.de\/fr\/wp-json\/wp\/v2\/media?parent=105808"}],"curies":[{"name":"wp","href":"https:\/\/api.w.org\/{rel}","templated":true}]}}