{"id":101824,"date":"2025-09-07T11:45:12","date_gmt":"2025-09-07T09:45:12","guid":{"rendered":"https:\/\/visit-rt.de\/?page_id=101824"},"modified":"2026-03-17T17:22:49","modified_gmt":"2026-03-17T16:22:49","slug":"das-reutlinger-kaertle","status":"publish","type":"page","link":"https:\/\/visitreutlingen.de\/it\/informieren\/das-reutlinger-kaertle\/","title":{"rendered":"Das Reutlinger K\u00e4rtle"},"content":{"rendered":"\t\t<div data-elementor-type=\"wp-page\" data-elementor-id=\"101824\" class=\"elementor elementor-101824\" data-elementor-post-type=\"page\">\n\t\t\t\t<div class=\"elementor-element elementor-element-6918e88b e-flex e-con-boxed e-con e-parent\" data-id=\"6918e88b\" data-element_type=\"container\" data-e-type=\"container\">\n\t\t\t\t\t<div class=\"e-con-inner\">\n\t\t<div class=\"elementor-element elementor-element-2ad272c6 e-con-full animated-fast e-flex elementor-invisible e-con e-child\" data-id=\"2ad272c6\" data-element_type=\"container\" data-e-type=\"container\" data-settings=\"{&quot;animation&quot;:&quot;fadeInDown&quot;}\">\n\t\t\t\t<div class=\"elementor-element elementor-element-2b03c6a4 elementor-widget elementor-widget-heading\" data-id=\"2b03c6a4\" data-element_type=\"widget\" data-e-type=\"widget\" data-widget_type=\"heading.default\">\n\t\t\t\t<div class=\"elementor-widget-container\">\n\t\t\t\t\t<h1 class=\"elementor-heading-title elementor-size-default\">Das Reutlinger K\u00e4rtle<\/h1>\t\t\t\t<\/div>\n\t\t\t\t<\/div>\n\t\t\t\t<div class=\"elementor-element elementor-element-2eb5fee6 elementor-widget elementor-widget-heading\" data-id=\"2eb5fee6\" data-element_type=\"widget\" data-e-type=\"widget\" data-widget_type=\"heading.default\">\n\t\t\t\t<div class=\"elementor-widget-container\">\n\t\t\t\t\t<h3 class=\"elementor-heading-title elementor-size-default\">Der digitale Einkaufsgutschein f\u00fcr Reutlingen<\/h3>\t\t\t\t<\/div>\n\t\t\t\t<\/div>\n\t\t\t\t<div class=\"elementor-element elementor-element-6705d74a elementor-widget elementor-widget-text-editor\" data-id=\"6705d74a\" data-element_type=\"widget\" data-e-type=\"widget\" data-widget_type=\"text-editor.default\">\n\t\t\t\t<div class=\"elementor-widget-container\">\n\t\t\t\t\t\t\t\t\t<p>Mit dem Reutlinger K\u00e4rtle, erh\u00e4ltlich in vier verschiedenen Farben, unterst\u00fctzt du aktiv den Reutlinger Einzelhandel, die ortsans\u00e4ssige Gastronomie sowie Freizeiteinrichtungen. Lade es einfach bei einem teilnehmenden Partner mit Guthaben auf und bereite einem lieben Menschen eine Freude.<\/p>\t\t\t\t\t\t\t\t<\/div>\n\t\t\t\t<\/div>\n\t\t\t\t<\/div>\n\t\t<div class=\"elementor-element elementor-element-2c267dd5 e-con-full animated-fast e-flex elementor-invisible e-con e-child\" data-id=\"2c267dd5\" data-element_type=\"container\" data-e-type=\"container\" data-settings=\"{&quot;animation&quot;:&quot;fadeInDown&quot;,&quot;animation_delay&quot;:200}\">\n\t\t\t\t<div class=\"elementor-element elementor-element-1156ce70 elementor-widget elementor-widget-image\" data-id=\"1156ce70\" data-element_type=\"widget\" data-e-type=\"widget\" data-widget_type=\"image.default\">\n\t\t\t\t<div class=\"elementor-widget-container\">\n\t\t\t\t\t\t\t\t\t\t\t\t\t\t\t<img fetchpriority=\"high\" decoding=\"async\" width=\"1425\" height=\"950\" src=\"https:\/\/visitreutlingen.de\/wp-content\/uploads\/2025\/11\/RT-Kaertle.jpg\" class=\"attachment-full size-full wp-image-108075\" alt=\"Reutlingen entdecken\" srcset=\"https:\/\/visitreutlingen.de\/wp-content\/uploads\/2025\/11\/RT-Kaertle.jpg 1425w, https:\/\/visitreutlingen.de\/wp-content\/uploads\/2025\/11\/RT-Kaertle-300x200.jpg 300w, https:\/\/visitreutlingen.de\/wp-content\/uploads\/2025\/11\/RT-Kaertle-1024x683.jpg 1024w, https:\/\/visitreutlingen.de\/wp-content\/uploads\/2025\/11\/RT-Kaertle-768x512.jpg 768w\" sizes=\"(max-width: 1425px) 100vw, 1425px\" title=\"Reutlingen. Kannst du nur lieben.\">\t\t\t\t\t\t\t\t\t\t\t\t\t\t\t<\/div>\n\t\t\t\t<\/div>\n\t\t\t\t<\/div>\n\t\t\t\t\t<\/div>\n\t\t\t\t<\/div>\n\t\t<div class=\"elementor-element elementor-element-6658a74d e-flex e-con-boxed e-con e-parent\" data-id=\"6658a74d\" data-element_type=\"container\" data-e-type=\"container\">\n\t\t\t\t\t<div class=\"e-con-inner\">\n\t\t\t\t<div class=\"elementor-element elementor-element-195416c0 elementor-widget elementor-widget-spacer\" data-id=\"195416c0\" data-element_type=\"widget\" data-e-type=\"widget\" data-widget_type=\"spacer.default\">\n\t\t\t\t<div class=\"elementor-widget-container\">\n\t\t\t\t\t\t\t<div class=\"elementor-spacer\">\n\t\t\t<div class=\"elementor-spacer-inner\"><\/div>\n\t\t<\/div>\n\t\t\t\t\t\t<\/div>\n\t\t\t\t<\/div>\n\t\t\t\t\t<\/div>\n\t\t\t\t<\/div>\n\t\t<div class=\"elementor-element elementor-element-3c44c2aa animated-fast e-flex e-con-boxed elementor-invisible e-con e-parent\" data-id=\"3c44c2aa\" data-element_type=\"container\" data-e-type=\"container\" data-settings=\"{&quot;background_background&quot;:&quot;classic&quot;,&quot;animation&quot;:&quot;fadeIn&quot;}\">\n\t\t\t\t\t<div class=\"e-con-inner\">\n\t\t<div class=\"elementor-element elementor-element-5708a247 e-con-full animated-fast e-flex elementor-invisible e-con e-child\" data-id=\"5708a247\" data-element_type=\"container\" data-e-type=\"container\" data-settings=\"{&quot;animation&quot;:&quot;fadeInLeft&quot;}\">\n\t\t\t\t<div class=\"elementor-element elementor-element-38341ffd elementor-widget elementor-widget-heading\" data-id=\"38341ffd\" data-element_type=\"widget\" data-e-type=\"widget\" data-widget_type=\"heading.default\">\n\t\t\t\t<div class=\"elementor-widget-container\">\n\t\t\t\t\t<h2 class=\"elementor-heading-title elementor-size-default\">Guthabenabfrage<\/h2>\t\t\t\t<\/div>\n\t\t\t\t<\/div>\n\t\t\t\t<div class=\"elementor-element elementor-element-1c42ebb elementor-widget elementor-widget-text-editor\" data-id=\"1c42ebb\" data-element_type=\"widget\" data-e-type=\"widget\" data-widget_type=\"text-editor.default\">\n\t\t\t\t<div class=\"elementor-widget-container\">\n\t\t\t\t\t\t\t\t\tGanz einfach dein Guthaben abfragen. Auf der R\u00fcckseite deiner Gutscheinkarte findest du die Kartennummer und die Sicherheitsnummer (SNR; unter dem Rubbelfeld). Gebe diese Daten in die entsprechenden Felder ein und best\u00e4tige gegebenenfalls, dass du kein Roboter bist. Klicke auf den Button \u201eGuthabenabfrage starten\u201c und dir wird das Gutscheinguthaben (Stand: Vortag 23:59 Uhr) angezeigt.\t\t\t\t\t\t\t\t<\/div>\n\t\t\t\t<\/div>\n\t\t\t\t<div class=\"elementor-element elementor-element-78cd9bb elementor-widget elementor-widget-button\" data-id=\"78cd9bb\" data-element_type=\"widget\" data-e-type=\"widget\" data-widget_type=\"button.default\">\n\t\t\t\t<div class=\"elementor-widget-container\">\n\t\t\t\t\t\t\t\t\t<div class=\"elementor-button-wrapper\">\n\t\t\t\t\t<a class=\"elementor-button elementor-button-link elementor-size-sm\" href=\"https:\/\/gutschein.avs.de\/reutlinger-kaertle\/home.htm\" target=\"_blank\" rel=\"noopener\">\n\t\t\t\t\t\t<span class=\"elementor-button-content-wrapper\">\n\t\t\t\t\t\t\t\t\t<span class=\"elementor-button-text\">Zur Guthabenabfrage<\/span>\n\t\t\t\t\t<\/span>\n\t\t\t\t\t<\/a>\n\t\t\t\t<\/div>\n\t\t\t\t\t\t\t\t<\/div>\n\t\t\t\t<\/div>\n\t\t\t\t<\/div>\n\t\t<div class=\"elementor-element elementor-element-dcc4741 e-con-full animated-fast e-flex elementor-invisible e-con e-child\" data-id=\"dcc4741\" data-element_type=\"container\" data-e-type=\"container\" data-settings=\"{&quot;animation&quot;:&quot;fadeInLeft&quot;}\">\n\t\t\t\t<div class=\"elementor-element elementor-element-e8ea1e0 e-transform elementor-widget elementor-widget-image\" data-id=\"e8ea1e0\" data-element_type=\"widget\" data-e-type=\"widget\" data-settings=\"{&quot;_transform_rotateZ_effect&quot;:{&quot;unit&quot;:&quot;px&quot;,&quot;size&quot;:-5,&quot;sizes&quot;:[]},&quot;_transform_rotateZ_effect_tablet&quot;:{&quot;unit&quot;:&quot;deg&quot;,&quot;size&quot;:&quot;&quot;,&quot;sizes&quot;:[]},&quot;_transform_rotateZ_effect_mobile&quot;:{&quot;unit&quot;:&quot;deg&quot;,&quot;size&quot;:&quot;&quot;,&quot;sizes&quot;:[]}}\" data-widget_type=\"image.default\">\n\t\t\t\t<div class=\"elementor-widget-container\">\n\t\t\t\t\t\t\t\t\t\t\t\t\t\t\t<img decoding=\"async\" src=\"https:\/\/visitreutlingen.de\/wp-content\/uploads\/2025\/09\/Reutlingen_Illu_Shopping_02.png\" title=\"Reutlingen_Illu_Shopping_02\" alt=\"Reutlingen_Illu_Shopping_02\" loading=\"lazy\" \/>\t\t\t\t\t\t\t\t\t\t\t\t\t\t\t<\/div>\n\t\t\t\t<\/div>\n\t\t\t\t<\/div>\n\t\t\t\t\t<\/div>\n\t\t\t\t<\/div>\n\t\t<div class=\"elementor-element elementor-element-3c8183fa e-flex e-con-boxed e-con e-parent\" data-id=\"3c8183fa\" data-element_type=\"container\" data-e-type=\"container\">\n\t\t\t\t\t<div class=\"e-con-inner\">\n\t\t\t\t<div class=\"elementor-element elementor-element-53c107c9 elementor-widget elementor-widget-spacer\" data-id=\"53c107c9\" data-element_type=\"widget\" data-e-type=\"widget\" data-widget_type=\"spacer.default\">\n\t\t\t\t<div class=\"elementor-widget-container\">\n\t\t\t\t\t\t\t<div class=\"elementor-spacer\">\n\t\t\t<div class=\"elementor-spacer-inner\"><\/div>\n\t\t<\/div>\n\t\t\t\t\t\t<\/div>\n\t\t\t\t<\/div>\n\t\t\t\t\t<\/div>\n\t\t\t\t<\/div>\n\t\t<div class=\"elementor-element elementor-element-2b8b98a9 animated-fast e-flex e-con-boxed e-con e-parent\" data-id=\"2b8b98a9\" data-element_type=\"container\" data-e-type=\"container\" data-settings=\"{&quot;animation&quot;:&quot;none&quot;}\">\n\t\t\t\t\t<div class=\"e-con-inner\">\n\t\t<div class=\"elementor-element elementor-element-5345647 e-con-full animated-fast e-flex elementor-invisible e-con e-child\" data-id=\"5345647\" data-element_type=\"container\" data-e-type=\"container\" data-settings=\"{&quot;animation&quot;:&quot;fadeInUp&quot;,&quot;animation_delay&quot;:200}\">\n\t\t\t\t<div class=\"elementor-element elementor-element-42ca9f23 elementor-widget elementor-widget-heading\" data-id=\"42ca9f23\" data-element_type=\"widget\" data-e-type=\"widget\" data-widget_type=\"heading.default\">\n\t\t\t\t<div class=\"elementor-widget-container\">\n\t\t\t\t\t<h2 class=\"elementor-heading-title elementor-size-default\">Reutlinger Gutschein<\/h2>\t\t\t\t<\/div>\n\t\t\t\t<\/div>\n\t\t\t\t<div class=\"elementor-element elementor-element-3c3d14fc elementor-widget elementor-widget-text-editor\" data-id=\"3c3d14fc\" data-element_type=\"widget\" data-e-type=\"widget\" data-widget_type=\"text-editor.default\">\n\t\t\t\t<div class=\"elementor-widget-container\">\n\t\t\t\t\t\t\t\t\t<p><strong>Gut zu wissen:<\/strong> Das \u00e4ltere Papiergutschein-System l\u00e4uft aktuell noch parallel zum Reutlinger K\u00e4rtle und l\u00e4uft zum Jahresende aus. Die Gutscheine k\u00f6nnen bis dahin weiterhin eingel\u00f6st werden<\/p>\t\t\t\t\t\t\t\t<\/div>\n\t\t\t\t<\/div>\n\t\t\t\t<\/div>\n\t\t<div class=\"elementor-element elementor-element-4cfcc101 e-con-full animated-fast e-flex elementor-invisible e-con e-child\" data-id=\"4cfcc101\" data-element_type=\"container\" data-e-type=\"container\" data-settings=\"{&quot;animation&quot;:&quot;fadeInUp&quot;,&quot;animation_delay&quot;:400}\">\n\t\t\t\t<div class=\"elementor-element elementor-element-e4cd3e8 elementor-widget elementor-widget-button\" data-id=\"e4cd3e8\" data-element_type=\"widget\" data-e-type=\"widget\" data-widget_type=\"button.default\">\n\t\t\t\t<div class=\"elementor-widget-container\">\n\t\t\t\t\t\t\t\t\t<div class=\"elementor-button-wrapper\">\n\t\t\t\t\t<a class=\"elementor-button elementor-button-link elementor-size-sm\" href=\"https:\/\/visitreutlingen.de\/informieren\/reutlinger-gutschein\/\" target=\"_blank\">\n\t\t\t\t\t\t<span class=\"elementor-button-content-wrapper\">\n\t\t\t\t\t\t\t\t\t<span class=\"elementor-button-text\">Infos zu den Gutscheinen<\/span>\n\t\t\t\t\t<\/span>\n\t\t\t\t\t<\/a>\n\t\t\t\t<\/div>\n\t\t\t\t\t\t\t\t<\/div>\n\t\t\t\t<\/div>\n\t\t\t\t<\/div>\n\t\t\t\t\t<\/div>\n\t\t\t\t<\/div>\n\t\t<div class=\"elementor-element elementor-element-5b5a6bd e-flex e-con-boxed e-con e-parent\" data-id=\"5b5a6bd\" data-element_type=\"container\" data-e-type=\"container\">\n\t\t\t\t\t<div class=\"e-con-inner\">\n\t\t\t\t<div class=\"elementor-element elementor-element-d4daa5e elementor-widget elementor-widget-spacer\" data-id=\"d4daa5e\" data-element_type=\"widget\" data-e-type=\"widget\" data-widget_type=\"spacer.default\">\n\t\t\t\t<div class=\"elementor-widget-container\">\n\t\t\t\t\t\t\t<div class=\"elementor-spacer\">\n\t\t\t<div class=\"elementor-spacer-inner\"><\/div>\n\t\t<\/div>\n\t\t\t\t\t\t<\/div>\n\t\t\t\t<\/div>\n\t\t\t\t\t<\/div>\n\t\t\t\t<\/div>\n\t\t<div class=\"elementor-element elementor-element-bbf11a9 animated-fast e-flex e-con-boxed elementor-invisible e-con e-parent\" data-id=\"bbf11a9\" data-element_type=\"container\" data-e-type=\"container\" data-settings=\"{&quot;animation&quot;:&quot;fadeInUp&quot;}\">\n\t\t\t\t\t<div class=\"e-con-inner\">\n\t\t<div class=\"elementor-element elementor-element-7422908 e-con-full e-flex e-con e-child\" data-id=\"7422908\" data-element_type=\"container\" data-e-type=\"container\">\n\t\t\t\t<div class=\"elementor-element elementor-element-87dd429 elementor-widget elementor-widget-heading\" data-id=\"87dd429\" data-element_type=\"widget\" data-e-type=\"widget\" data-widget_type=\"heading.default\">\n\t\t\t\t<div class=\"elementor-widget-container\">\n\t\t\t\t\t<h2 class=\"elementor-heading-title elementor-size-default\">K\u00e4rtle Annahmestellen<\/h2>\t\t\t\t<\/div>\n\t\t\t\t<\/div>\n\t\t\t\t<\/div>\n\t\t\t\t\t<\/div>\n\t\t\t\t<\/div>\n\t\t<div class=\"elementor-element elementor-element-32ed3c29 e-flex e-con-boxed e-con e-parent\" data-id=\"32ed3c29\" data-element_type=\"container\" data-e-type=\"container\">\n\t\t\t\t\t<div class=\"e-con-inner\">\n\t\t\t\t<div class=\"elementor-element elementor-element-54778643 elementor-widget elementor-widget-spacer\" data-id=\"54778643\" data-element_type=\"widget\" data-e-type=\"widget\" data-widget_type=\"spacer.default\">\n\t\t\t\t<div class=\"elementor-widget-container\">\n\t\t\t\t\t\t\t<div class=\"elementor-spacer\">\n\t\t\t<div class=\"elementor-spacer-inner\"><\/div>\n\t\t<\/div>\n\t\t\t\t\t\t<\/div>\n\t\t\t\t<\/div>\n\t\t\t\t\t<\/div>\n\t\t\t\t<\/div>\n\t\t<div class=\"elementor-element elementor-element-29fb797 animated-fast e-flex e-con-boxed elementor-invisible e-con e-parent\" data-id=\"29fb797\" data-element_type=\"container\" data-e-type=\"container\" data-settings=\"{&quot;animation&quot;:&quot;fadeInUp&quot;}\">\n\t\t\t\t\t<div class=\"e-con-inner\">\n\t\t\t\t<div class=\"elementor-element elementor-element-3c6afa1 elementor-widget elementor-widget-html\" data-id=\"3c6afa1\" data-element_type=\"widget\" data-e-type=\"widget\" data-widget_type=\"html.default\">\n\t\t\t\t<div class=\"elementor-widget-container\">\n\t\t\t\t\t<div class=\"mpm-widgets\" \r\n     data-typ=\"eigenschaftssuche\" \r\n     data-modul=\"\"\r\n     data-eigenschaft=\"Reutlinger K\u00e4rtle\"\r\n     data-sortiertyp=\"zufaellig\"\r\n     data-ergebnislimit=\"\"\r\n     data-initial-kartenanzeige=\"3\">\r\n<\/div>\t\t\t\t<\/div>\n\t\t\t\t<\/div>\n\t\t\t\t\t<\/div>\n\t\t\t\t<\/div>\n\t\t<div class=\"elementor-element elementor-element-f64d3e4 e-flex e-con-boxed e-con e-parent\" data-id=\"f64d3e4\" data-element_type=\"container\" data-e-type=\"container\">\n\t\t\t\t\t<div class=\"e-con-inner\">\n\t\t\t\t<div class=\"elementor-element elementor-element-6058545 elementor-widget elementor-widget-spacer\" data-id=\"6058545\" data-element_type=\"widget\" data-e-type=\"widget\" data-widget_type=\"spacer.default\">\n\t\t\t\t<div class=\"elementor-widget-container\">\n\t\t\t\t\t\t\t<div class=\"elementor-spacer\">\n\t\t\t<div class=\"elementor-spacer-inner\"><\/div>\n\t\t<\/div>\n\t\t\t\t\t\t<\/div>\n\t\t\t\t<\/div>\n\t\t\t\t\t<\/div>\n\t\t\t\t<\/div>\n\t\t<div class=\"elementor-element elementor-element-c315268 animated-fast e-flex e-con-boxed elementor-invisible e-con e-parent\" data-id=\"c315268\" data-element_type=\"container\" data-e-type=\"container\" data-settings=\"{&quot;animation&quot;:&quot;fadeInUp&quot;}\">\n\t\t\t\t\t<div class=\"e-con-inner\">\n\t\t<div class=\"elementor-element elementor-element-df6d978 e-con-full e-flex e-con e-child\" data-id=\"df6d978\" data-element_type=\"container\" data-e-type=\"container\">\n\t\t\t\t<div class=\"elementor-element elementor-element-563e9a9 elementor-widget elementor-widget-heading\" data-id=\"563e9a9\" data-element_type=\"widget\" data-e-type=\"widget\" data-widget_type=\"heading.default\">\n\t\t\t\t<div class=\"elementor-widget-container\">\n\t\t\t\t\t<h2 class=\"elementor-heading-title elementor-size-default\">K\u00e4rtle Ausgabestellen<\/h2>\t\t\t\t<\/div>\n\t\t\t\t<\/div>\n\t\t\t\t<\/div>\n\t\t\t\t\t<\/div>\n\t\t\t\t<\/div>\n\t\t<div class=\"elementor-element elementor-element-1e56aed1 e-flex e-con-boxed e-con e-parent\" data-id=\"1e56aed1\" data-element_type=\"container\" data-e-type=\"container\">\n\t\t\t\t\t<div class=\"e-con-inner\">\n\t\t\t\t<div class=\"elementor-element elementor-element-36b4874 elementor-widget elementor-widget-spacer\" data-id=\"36b4874\" data-element_type=\"widget\" data-e-type=\"widget\" data-widget_type=\"spacer.default\">\n\t\t\t\t<div class=\"elementor-widget-container\">\n\t\t\t\t\t\t\t<div class=\"elementor-spacer\">\n\t\t\t<div class=\"elementor-spacer-inner\"><\/div>\n\t\t<\/div>\n\t\t\t\t\t\t<\/div>\n\t\t\t\t<\/div>\n\t\t\t\t\t<\/div>\n\t\t\t\t<\/div>\n\t\t<div class=\"elementor-element elementor-element-0b275cf animated-fast e-flex e-con-boxed elementor-invisible e-con e-parent\" data-id=\"0b275cf\" data-element_type=\"container\" data-e-type=\"container\" data-settings=\"{&quot;animation&quot;:&quot;fadeInUp&quot;}\">\n\t\t\t\t\t<div class=\"e-con-inner\">\n\t\t\t\t<div class=\"elementor-element elementor-element-b629a9b elementor-widget elementor-widget-html\" data-id=\"b629a9b\" data-element_type=\"widget\" data-e-type=\"widget\" data-widget_type=\"html.default\">\n\t\t\t\t<div class=\"elementor-widget-container\">\n\t\t\t\t\t<div class=\"mpm-widgets\" \r\n     data-typ=\"eigenschaftssuche\" \r\n     data-modul=\"\"\r\n     data-eigenschaft=\"Ausgabe RT K\u00e4rtle\"\r\n     data-sortiertyp=\"zufaellig\"\r\n     data-ergebnislimit=\"\"\r\n     data-initial-kartenanzeige=\"3\">\r\n<\/div>\t\t\t\t<\/div>\n\t\t\t\t<\/div>\n\t\t\t\t\t<\/div>\n\t\t\t\t<\/div>\n\t\t<div class=\"elementor-element elementor-element-ba08851 e-flex e-con-boxed e-con e-parent\" data-id=\"ba08851\" data-element_type=\"container\" data-e-type=\"container\">\n\t\t\t\t\t<div class=\"e-con-inner\">\n\t\t\t\t<div class=\"elementor-element elementor-element-cfd1601 elementor-widget elementor-widget-spacer\" data-id=\"cfd1601\" data-element_type=\"widget\" data-e-type=\"widget\" data-widget_type=\"spacer.default\">\n\t\t\t\t<div class=\"elementor-widget-container\">\n\t\t\t\t\t\t\t<div class=\"elementor-spacer\">\n\t\t\t<div class=\"elementor-spacer-inner\"><\/div>\n\t\t<\/div>\n\t\t\t\t\t\t<\/div>\n\t\t\t\t<\/div>\n\t\t\t\t\t<\/div>\n\t\t\t\t<\/div>\n\t\t<div class=\"elementor-element elementor-element-2380ee1 animated-fast e-flex e-con-boxed elementor-invisible e-con e-parent\" data-id=\"2380ee1\" data-element_type=\"container\" data-e-type=\"container\" data-settings=\"{&quot;animation&quot;:&quot;fadeInUp&quot;}\">\n\t\t\t\t\t<div class=\"e-con-inner\">\n\t\t<div class=\"elementor-element elementor-element-5f2e4b9 e-con-full e-flex e-con e-child\" data-id=\"5f2e4b9\" data-element_type=\"container\" data-e-type=\"container\">\n\t\t\t\t<div class=\"elementor-element elementor-element-a11a798 elementor-widget elementor-widget-heading\" data-id=\"a11a798\" data-element_type=\"widget\" data-e-type=\"widget\" data-widget_type=\"heading.default\">\n\t\t\t\t<div class=\"elementor-widget-container\">\n\t\t\t\t\t<h2 class=\"elementor-heading-title elementor-size-default\">K\u00e4rtle Annahme- und Ausgabestellen<\/h2>\t\t\t\t<\/div>\n\t\t\t\t<\/div>\n\t\t\t\t<\/div>\n\t\t\t\t\t<\/div>\n\t\t\t\t<\/div>\n\t\t<div class=\"elementor-element elementor-element-12c7b1d7 e-flex e-con-boxed e-con e-parent\" data-id=\"12c7b1d7\" data-element_type=\"container\" data-e-type=\"container\">\n\t\t\t\t\t<div class=\"e-con-inner\">\n\t\t\t\t<div class=\"elementor-element elementor-element-4b1c939b elementor-widget elementor-widget-spacer\" data-id=\"4b1c939b\" data-element_type=\"widget\" data-e-type=\"widget\" data-widget_type=\"spacer.default\">\n\t\t\t\t<div class=\"elementor-widget-container\">\n\t\t\t\t\t\t\t<div class=\"elementor-spacer\">\n\t\t\t<div class=\"elementor-spacer-inner\"><\/div>\n\t\t<\/div>\n\t\t\t\t\t\t<\/div>\n\t\t\t\t<\/div>\n\t\t\t\t\t<\/div>\n\t\t\t\t<\/div>\n\t\t<div class=\"elementor-element elementor-element-e794717 animated-fast e-flex e-con-boxed elementor-invisible e-con e-parent\" data-id=\"e794717\" data-element_type=\"container\" data-e-type=\"container\" data-settings=\"{&quot;animation&quot;:&quot;fadeInUp&quot;}\">\n\t\t\t\t\t<div class=\"e-con-inner\">\n\t\t\t\t<div class=\"elementor-element elementor-element-3c4b7b9 elementor-widget elementor-widget-html\" data-id=\"3c4b7b9\" data-element_type=\"widget\" data-e-type=\"widget\" data-widget_type=\"html.default\">\n\t\t\t\t<div class=\"elementor-widget-container\">\n\t\t\t\t\t<div class=\"mpm-widgets\" \r\n     data-typ=\"eigenschaftssuche\" \r\n     data-modul=\"\"\r\n     data-eigenschaft=\"Reutlinger K\u00e4rtle, Ausgabe RT K\u00e4rtle\"\r\n     data-sortiertyp=\"zufaellig\"\r\n     data-ergebnislimit=\"\"\r\n     data-initial-kartenanzeige=\"3\">\r\n<\/div>\t\t\t\t<\/div>\n\t\t\t\t<\/div>\n\t\t\t\t\t<\/div>\n\t\t\t\t<\/div>\n\t\t\t\t<\/div>\n\t\t","protected":false},"excerpt":{"rendered":"<p>Das Reutlinger K\u00e4rtle Der digitale Einkaufsgutschein f\u00fcr Reutlingen Mit dem Reutlinger K\u00e4rtle, erh\u00e4ltlich in vier verschiedenen Farben, unterst\u00fctzt du aktiv den Reutlinger Einzelhandel, die ortsans\u00e4ssige Gastronomie sowie Freizeiteinrichtungen. Lade es einfach bei einem teilnehmenden Partner mit Guthaben auf und bereite einem lieben Menschen eine Freude. Guthabenabfrage Ganz einfach dein Guthaben abfragen. Auf der R\u00fcckseite deiner [&hellip;]<\/p>\n","protected":false},"author":1,"featured_media":0,"parent":102265,"menu_order":0,"comment_status":"closed","ping_status":"closed","template":"","meta":{"inline_featured_image":false,"footnotes":""},"class_list":["post-101824","page","type-page","status-publish","hentry"],"_links":{"self":[{"href":"https:\/\/visitreutlingen.de\/it\/wp-json\/wp\/v2\/pages\/101824","targetHints":{"allow":["GET"]}}],"collection":[{"href":"https:\/\/visitreutlingen.de\/it\/wp-json\/wp\/v2\/pages"}],"about":[{"href":"https:\/\/visitreutlingen.de\/it\/wp-json\/wp\/v2\/types\/page"}],"author":[{"embeddable":true,"href":"https:\/\/visitreutlingen.de\/it\/wp-json\/wp\/v2\/users\/1"}],"replies":[{"embeddable":true,"href":"https:\/\/visitreutlingen.de\/it\/wp-json\/wp\/v2\/comments?post=101824"}],"version-history":[{"count":3,"href":"https:\/\/visitreutlingen.de\/it\/wp-json\/wp\/v2\/pages\/101824\/revisions"}],"predecessor-version":[{"id":112650,"href":"https:\/\/visitreutlingen.de\/it\/wp-json\/wp\/v2\/pages\/101824\/revisions\/112650"}],"up":[{"embeddable":true,"href":"https:\/\/visitreutlingen.de\/it\/wp-json\/wp\/v2\/pages\/102265"}],"wp:attachment":[{"href":"https:\/\/visitreutlingen.de\/it\/wp-json\/wp\/v2\/media?parent=101824"}],"curies":[{"name":"wp","href":"https:\/\/api.w.org\/{rel}","templated":true}]}}