{"id":102288,"date":"2025-09-09T09:13:18","date_gmt":"2025-09-09T07:13:18","guid":{"rendered":"https:\/\/visit-rt.de\/?page_id=102288"},"modified":"2026-03-17T17:22:44","modified_gmt":"2026-03-17T16:22:44","slug":"sehenswuerdigkeiten","status":"publish","type":"page","link":"https:\/\/visitreutlingen.de\/it\/entdecken\/sehenswuerdigkeiten\/","title":{"rendered":"Sehensw\u00fcrdigkeiten"},"content":{"rendered":"\t\t<div data-elementor-type=\"wp-page\" data-elementor-id=\"102288\" class=\"elementor elementor-102288\" data-elementor-post-type=\"page\">\n\t\t\t\t<div class=\"elementor-element elementor-element-3ed40859 animated-fast e-flex e-con-boxed elementor-invisible e-con e-parent\" data-id=\"3ed40859\" data-element_type=\"container\" data-e-type=\"container\" data-settings=\"{&quot;background_background&quot;:&quot;classic&quot;,&quot;animation&quot;:&quot;fadeIn&quot;}\">\n\t\t\t\t\t<div class=\"e-con-inner\">\n\t\t<div class=\"elementor-element elementor-element-2cd1ab7 e-con-full animated-fast e-flex elementor-invisible e-con e-child\" data-id=\"2cd1ab7\" data-element_type=\"container\" data-e-type=\"container\" data-settings=\"{&quot;animation&quot;:&quot;fadeInDown&quot;}\">\n\t\t\t\t<div class=\"elementor-element elementor-element-19d49fd elementor-widget elementor-widget-heading\" data-id=\"19d49fd\" data-element_type=\"widget\" data-e-type=\"widget\" data-widget_type=\"heading.default\">\n\t\t\t\t<div class=\"elementor-widget-container\">\n\t\t\t\t\t<h1 class=\"elementor-heading-title elementor-size-default\">Von Welt&shy;rekorden und nationalen Kulturdenk&shy;m\u00e4lern<\/h1>\t\t\t\t<\/div>\n\t\t\t\t<\/div>\n\t\t\t\t<div class=\"elementor-element elementor-element-7f152713 elementor-widget elementor-widget-heading\" data-id=\"7f152713\" data-element_type=\"widget\" data-e-type=\"widget\" data-widget_type=\"heading.default\">\n\t\t\t\t<div class=\"elementor-widget-container\">\n\t\t\t\t\t<h3 class=\"elementor-heading-title elementor-size-default\">Die Stadt erkunden\u200b<\/h3>\t\t\t\t<\/div>\n\t\t\t\t<\/div>\n\t\t\t\t<div class=\"elementor-element elementor-element-62810c5b elementor-widget elementor-widget-text-editor\" data-id=\"62810c5b\" data-element_type=\"widget\" data-e-type=\"widget\" data-widget_type=\"text-editor.default\">\n\t\t\t\t<div class=\"elementor-widget-container\">\n\t\t\t\t\t\t\t\t\t<p>Entdecke die historischen Sch\u00e4tze der ehemaligen Freien Reichsstadt Reutlingen und finde heraus, wo du am besten den Bauch einziehen solltest. Tauche ein in die faszinierende Welt zwischen Tradition und Moderne. Entdecke gr\u00fcne Oasen, malerische Ecken und Sehensw\u00fcrdigkeiten, die Geschichte lebendig werden lassen.<\/p>\t\t\t\t\t\t\t\t<\/div>\n\t\t\t\t<\/div>\n\t\t\t\t<\/div>\n\t\t<div class=\"elementor-element elementor-element-564d145 e-con-full animated-fast e-flex elementor-invisible e-con e-child\" data-id=\"564d145\" data-element_type=\"container\" data-e-type=\"container\" data-settings=\"{&quot;animation&quot;:&quot;fadeInDown&quot;,&quot;animation_delay&quot;:200}\">\n\t\t\t\t<div class=\"elementor-element elementor-element-1d66d3b7 elementor-widget elementor-widget-image\" data-id=\"1d66d3b7\" data-element_type=\"widget\" data-e-type=\"widget\" data-widget_type=\"image.default\">\n\t\t\t\t<div class=\"elementor-widget-container\">\n\t\t\t\t\t\t\t\t\t\t\t\t\t\t\t<img fetchpriority=\"high\" decoding=\"async\" width=\"2500\" height=\"1667\" src=\"https:\/\/visitreutlingen.de\/wp-content\/uploads\/2025\/10\/RT_Sehenswuerdigkeiten.jpg\" class=\"attachment-full size-full wp-image-108021\" alt=\"Reutlingen entdecken\" srcset=\"https:\/\/visitreutlingen.de\/wp-content\/uploads\/2025\/10\/RT_Sehenswuerdigkeiten.jpg 2500w, https:\/\/visitreutlingen.de\/wp-content\/uploads\/2025\/10\/RT_Sehenswuerdigkeiten-300x200.jpg 300w, https:\/\/visitreutlingen.de\/wp-content\/uploads\/2025\/10\/RT_Sehenswuerdigkeiten-1024x683.jpg 1024w, https:\/\/visitreutlingen.de\/wp-content\/uploads\/2025\/10\/RT_Sehenswuerdigkeiten-768x512.jpg 768w, https:\/\/visitreutlingen.de\/wp-content\/uploads\/2025\/10\/RT_Sehenswuerdigkeiten-1536x1024.jpg 1536w, https:\/\/visitreutlingen.de\/wp-content\/uploads\/2025\/10\/RT_Sehenswuerdigkeiten-2048x1366.jpg 2048w\" sizes=\"(max-width: 2500px) 100vw, 2500px\" title=\"Reutlingen. Kannst du nur lieben.\">\t\t\t\t\t\t\t\t\t\t\t\t\t\t\t<\/div>\n\t\t\t\t<\/div>\n\t\t\t\t<\/div>\n\t\t\t\t\t<\/div>\n\t\t\t\t<\/div>\n\t\t<div class=\"elementor-element elementor-element-6a4ff44e e-flex e-con-boxed e-con e-parent\" data-id=\"6a4ff44e\" data-element_type=\"container\" data-e-type=\"container\">\n\t\t\t\t\t<div class=\"e-con-inner\">\n\t\t\t\t<div class=\"elementor-element elementor-element-11ca9bcc elementor-widget elementor-widget-spacer\" data-id=\"11ca9bcc\" data-element_type=\"widget\" data-e-type=\"widget\" data-widget_type=\"spacer.default\">\n\t\t\t\t<div class=\"elementor-widget-container\">\n\t\t\t\t\t\t\t<div class=\"elementor-spacer\">\n\t\t\t<div class=\"elementor-spacer-inner\"><\/div>\n\t\t<\/div>\n\t\t\t\t\t\t<\/div>\n\t\t\t\t<\/div>\n\t\t\t\t\t<\/div>\n\t\t\t\t<\/div>\n\t\t<div class=\"elementor-element elementor-element-4a6a86d animated-fast e-flex e-con-boxed elementor-invisible e-con e-parent\" data-id=\"4a6a86d\" data-element_type=\"container\" data-e-type=\"container\" data-settings=\"{&quot;animation&quot;:&quot;fadeInUp&quot;}\">\n\t\t\t\t\t<div class=\"e-con-inner\">\n\t\t<div class=\"elementor-element elementor-element-18c5edc e-con-full e-flex e-con e-child\" data-id=\"18c5edc\" data-element_type=\"container\" data-e-type=\"container\">\n\t\t\t\t<div class=\"elementor-element elementor-element-ff5c4b5 elementor-widget elementor-widget-heading\" data-id=\"ff5c4b5\" data-element_type=\"widget\" data-e-type=\"widget\" data-widget_type=\"heading.default\">\n\t\t\t\t<div class=\"elementor-widget-container\">\n\t\t\t\t\t<h2 class=\"elementor-heading-title elementor-size-default\">Sehensw\u00fcrdigkeiten in Reutlingen<\/h2>\t\t\t\t<\/div>\n\t\t\t\t<\/div>\n\t\t\t\t<\/div>\n\t\t\t\t\t<\/div>\n\t\t\t\t<\/div>\n\t\t<div class=\"elementor-element elementor-element-13ba4494 e-flex e-con-boxed e-con e-parent\" data-id=\"13ba4494\" data-element_type=\"container\" data-e-type=\"container\">\n\t\t\t\t\t<div class=\"e-con-inner\">\n\t\t\t\t<div class=\"elementor-element elementor-element-6f0a5801 elementor-widget elementor-widget-spacer\" data-id=\"6f0a5801\" data-element_type=\"widget\" data-e-type=\"widget\" data-widget_type=\"spacer.default\">\n\t\t\t\t<div class=\"elementor-widget-container\">\n\t\t\t\t\t\t\t<div class=\"elementor-spacer\">\n\t\t\t<div class=\"elementor-spacer-inner\"><\/div>\n\t\t<\/div>\n\t\t\t\t\t\t<\/div>\n\t\t\t\t<\/div>\n\t\t\t\t\t<\/div>\n\t\t\t\t<\/div>\n\t\t<div class=\"elementor-element elementor-element-93bca65 animated-fast e-flex e-con-boxed elementor-invisible e-con e-parent\" data-id=\"93bca65\" data-element_type=\"container\" data-e-type=\"container\" data-settings=\"{&quot;animation&quot;:&quot;fadeInUp&quot;}\">\n\t\t\t\t\t<div class=\"e-con-inner\">\n\t\t\t\t<div class=\"elementor-element elementor-element-c9c804a elementor-widget elementor-widget-html\" data-id=\"c9c804a\" data-element_type=\"widget\" data-e-type=\"widget\" data-widget_type=\"html.default\">\n\t\t\t\t<div class=\"elementor-widget-container\">\n\t\t\t\t\t<div class=\"mpm-widgets\" \r\n     data-typ=\"suche\" \r\n     data-modul=\"pois\" \r\n     data-gruppe=\"sehenswuerdigkeiten\" \r\n     data-sortierfeld=\"\" \r\n     data-sortiertyp=\"zufaellig\" \r\n     data-ergebnislimit=\"\" \r\n     data-initial-kartenanzeige=\"9\"\r\n     data-initial-filteranzeige-desktop=\"5\"\r\n     data-initial-filteranzeige-mobile=\"2\"\r\n<\/div>\t\t\t\t<\/div>\n\t\t\t\t<\/div>\n\t\t\t\t\t<\/div>\n\t\t\t\t<\/div>\n\t\t\t\t<\/div>\n\t\t","protected":false},"excerpt":{"rendered":"<p>Von Welt&shy;rekorden und nationalen Kulturdenk&shy;m\u00e4lern Die Stadt erkunden\u200b Entdecke die historischen Sch\u00e4tze der ehemaligen Freien Reichsstadt Reutlingen und finde heraus, wo du am besten den Bauch einziehen solltest. Tauche ein in die faszinierende Welt zwischen Tradition und Moderne. Entdecke gr\u00fcne Oasen, malerische Ecken und Sehensw\u00fcrdigkeiten, die Geschichte lebendig werden lassen. Sehensw\u00fcrdigkeiten in Reutlingen<\/p>\n","protected":false},"author":1,"featured_media":0,"parent":102255,"menu_order":0,"comment_status":"closed","ping_status":"closed","template":"","meta":{"inline_featured_image":false,"footnotes":""},"class_list":["post-102288","page","type-page","status-publish","hentry"],"_links":{"self":[{"href":"https:\/\/visitreutlingen.de\/it\/wp-json\/wp\/v2\/pages\/102288","targetHints":{"allow":["GET"]}}],"collection":[{"href":"https:\/\/visitreutlingen.de\/it\/wp-json\/wp\/v2\/pages"}],"about":[{"href":"https:\/\/visitreutlingen.de\/it\/wp-json\/wp\/v2\/types\/page"}],"author":[{"embeddable":true,"href":"https:\/\/visitreutlingen.de\/it\/wp-json\/wp\/v2\/users\/1"}],"replies":[{"embeddable":true,"href":"https:\/\/visitreutlingen.de\/it\/wp-json\/wp\/v2\/comments?post=102288"}],"version-history":[{"count":0,"href":"https:\/\/visitreutlingen.de\/it\/wp-json\/wp\/v2\/pages\/102288\/revisions"}],"up":[{"embeddable":true,"href":"https:\/\/visitreutlingen.de\/it\/wp-json\/wp\/v2\/pages\/102255"}],"wp:attachment":[{"href":"https:\/\/visitreutlingen.de\/it\/wp-json\/wp\/v2\/media?parent=102288"}],"curies":[{"name":"wp","href":"https:\/\/api.w.org\/{rel}","templated":true}]}}