{"id":103088,"date":"2025-09-15T10:56:04","date_gmt":"2025-09-15T08:56:04","guid":{"rendered":"https:\/\/visit-rt.de\/?page_id=103088"},"modified":"2026-03-17T17:22:32","modified_gmt":"2026-03-17T16:22:32","slug":"das-reutlinger-jobkaertle","status":"publish","type":"page","link":"https:\/\/visitreutlingen.de\/it\/business\/das-reutlinger-jobkaertle\/","title":{"rendered":"Das Reutlinger Jobk\u00e4rtle"},"content":{"rendered":"\t\t<div data-elementor-type=\"wp-page\" data-elementor-id=\"103088\" class=\"elementor elementor-103088\" data-elementor-post-type=\"page\">\n\t\t\t\t<div class=\"elementor-element elementor-element-746a0453 e-flex e-con-boxed e-con e-parent\" data-id=\"746a0453\" data-element_type=\"container\" data-e-type=\"container\">\n\t\t\t\t\t<div class=\"e-con-inner\">\n\t\t<div class=\"elementor-element elementor-element-48715fe0 e-con-full animated-fast e-flex elementor-invisible e-con e-child\" data-id=\"48715fe0\" data-element_type=\"container\" data-e-type=\"container\" data-settings=\"{&quot;animation&quot;:&quot;fadeInDown&quot;}\">\n\t\t\t\t<div class=\"elementor-element elementor-element-72aca35b elementor-widget elementor-widget-heading\" data-id=\"72aca35b\" data-element_type=\"widget\" data-e-type=\"widget\" data-widget_type=\"heading.default\">\n\t\t\t\t<div class=\"elementor-widget-container\">\n\t\t\t\t\t<h1 class=\"elementor-heading-title elementor-size-default\">Das Reutlinger Jobk\u00e4rtle\u200b<\/h1>\t\t\t\t<\/div>\n\t\t\t\t<\/div>\n\t\t\t\t<div class=\"elementor-element elementor-element-23c33f9a elementor-widget elementor-widget-heading\" data-id=\"23c33f9a\" data-element_type=\"widget\" data-e-type=\"widget\" data-widget_type=\"heading.default\">\n\t\t\t\t<div class=\"elementor-widget-container\">\n\t\t\t\t\t<h3 class=\"elementor-heading-title elementor-size-default\">Der Arbeit&shy;geber&shy;gut&shy;schein f\u00fcr Reutlingen und die Region<\/h3>\t\t\t\t<\/div>\n\t\t\t\t<\/div>\n\t\t\t\t<div class=\"elementor-element elementor-element-71f564a5 elementor-widget elementor-widget-text-editor\" data-id=\"71f564a5\" data-element_type=\"widget\" data-e-type=\"widget\" data-widget_type=\"text-editor.default\">\n\t\t\t\t<div class=\"elementor-widget-container\">\n\t\t\t\t\t\t\t\t\t<p>Zufriedene Mitarbeitende geh\u00f6ren zu den wichtigsten Potenzialen eines erfolgreichen Unternehmens. Mit dem Reutlinger Jobk\u00e4rtle bieten wir euch ein wertvolles Add-on, um in puncto Wertsch\u00e4tzung und Motivation eure Mitarbeitenden sowie im Wettbewerb um die besten Talente richtig zu punkten. Neben der Mitarbeiterbindung unterst\u00fctzt ihr die Reutlinger Unternehmen und tragt zur Attraktivit\u00e4t unseres Standorts bei.<\/p>\t\t\t\t\t\t\t\t<\/div>\n\t\t\t\t<\/div>\n\t\t\t\t<\/div>\n\t\t<div class=\"elementor-element elementor-element-44316db4 e-con-full animated-fast e-flex elementor-invisible e-con e-child\" data-id=\"44316db4\" data-element_type=\"container\" data-e-type=\"container\" data-settings=\"{&quot;animation&quot;:&quot;fadeInDown&quot;,&quot;animation_delay&quot;:200}\">\n\t\t\t\t<div class=\"elementor-element elementor-element-55fd46f1 elementor-widget elementor-widget-image\" data-id=\"55fd46f1\" data-element_type=\"widget\" data-e-type=\"widget\" data-widget_type=\"image.default\">\n\t\t\t\t<div class=\"elementor-widget-container\">\n\t\t\t\t\t\t\t\t\t\t\t\t\t\t\t<img fetchpriority=\"high\" decoding=\"async\" width=\"2400\" height=\"1600\" src=\"https:\/\/visitreutlingen.de\/wp-content\/uploads\/2025\/09\/job_kaertle.jpg\" class=\"attachment-full size-full wp-image-103091\" alt=\"Reutlingen entdecken\" srcset=\"https:\/\/visitreutlingen.de\/wp-content\/uploads\/2025\/09\/job_kaertle.jpg 2400w, https:\/\/visitreutlingen.de\/wp-content\/uploads\/2025\/09\/job_kaertle-300x200.jpg 300w, https:\/\/visitreutlingen.de\/wp-content\/uploads\/2025\/09\/job_kaertle-1024x683.jpg 1024w, https:\/\/visitreutlingen.de\/wp-content\/uploads\/2025\/09\/job_kaertle-768x512.jpg 768w, https:\/\/visitreutlingen.de\/wp-content\/uploads\/2025\/09\/job_kaertle-1536x1024.jpg 1536w, https:\/\/visitreutlingen.de\/wp-content\/uploads\/2025\/09\/job_kaertle-2048x1365.jpg 2048w\" sizes=\"(max-width: 2400px) 100vw, 2400px\" title=\"Reutlingen. Kannst du nur lieben.\">\t\t\t\t\t\t\t\t\t\t\t\t\t\t\t<\/div>\n\t\t\t\t<\/div>\n\t\t\t\t<\/div>\n\t\t\t\t\t<\/div>\n\t\t\t\t<\/div>\n\t\t<div class=\"elementor-element elementor-element-2e30134c e-flex e-con-boxed e-con e-parent\" data-id=\"2e30134c\" data-element_type=\"container\" data-e-type=\"container\">\n\t\t\t\t\t<div class=\"e-con-inner\">\n\t\t\t\t<div class=\"elementor-element elementor-element-7fbebf44 elementor-widget elementor-widget-spacer\" data-id=\"7fbebf44\" data-element_type=\"widget\" data-e-type=\"widget\" data-widget_type=\"spacer.default\">\n\t\t\t\t<div class=\"elementor-widget-container\">\n\t\t\t\t\t\t\t<div class=\"elementor-spacer\">\n\t\t\t<div class=\"elementor-spacer-inner\"><\/div>\n\t\t<\/div>\n\t\t\t\t\t\t<\/div>\n\t\t\t\t<\/div>\n\t\t\t\t\t<\/div>\n\t\t\t\t<\/div>\n\t\t<div class=\"elementor-element elementor-element-6ea722fb animated-fast e-flex e-con-boxed elementor-invisible e-con e-parent\" data-id=\"6ea722fb\" data-element_type=\"container\" data-e-type=\"container\" data-settings=\"{&quot;animation&quot;:&quot;fadeInUp&quot;}\">\n\t\t\t\t\t<div class=\"e-con-inner\">\n\t\t<div class=\"elementor-element elementor-element-189cd2a8 e-con-full e-flex e-con e-child\" data-id=\"189cd2a8\" data-element_type=\"container\" data-e-type=\"container\">\n\t\t\t\t<div class=\"elementor-element elementor-element-650bdf72 elementor-widget elementor-widget-heading\" data-id=\"650bdf72\" data-element_type=\"widget\" data-e-type=\"widget\" data-widget_type=\"heading.default\">\n\t\t\t\t<div class=\"elementor-widget-container\">\n\t\t\t\t\t<h2 class=\"elementor-heading-title elementor-size-default\">K\u00e4rtle im Firmen-Look!<\/h2>\t\t\t\t<\/div>\n\t\t\t\t<\/div>\n\t\t\t\t<div class=\"elementor-element elementor-element-18e0fac2 elementor-widget elementor-widget-text-editor\" data-id=\"18e0fac2\" data-element_type=\"widget\" data-e-type=\"widget\" data-widget_type=\"text-editor.default\">\n\t\t\t\t<div class=\"elementor-widget-container\">\n\t\t\t\t\t\t\t\t\t<p>Der Clou: Das Reutlinger Jobk\u00e4rtle kann mit Ihrem Firmen-Logo bedruckt werden und wird so zum zus\u00e4tzlichen Branding-Instrument f\u00fcr Ihre Arbeitgebermarke.<\/p>\t\t\t\t\t\t\t\t<\/div>\n\t\t\t\t<\/div>\n\t\t\t\t<\/div>\n\t\t\t\t\t<\/div>\n\t\t\t\t<\/div>\n\t\t<div class=\"elementor-element elementor-element-0afc7a8 e-flex e-con-boxed e-con e-parent\" data-id=\"0afc7a8\" data-element_type=\"container\" data-e-type=\"container\">\n\t\t\t\t\t<div class=\"e-con-inner\">\n\t\t\t\t<div class=\"elementor-element elementor-element-871c4be elementor-widget elementor-widget-spacer\" data-id=\"871c4be\" data-element_type=\"widget\" data-e-type=\"widget\" data-widget_type=\"spacer.default\">\n\t\t\t\t<div class=\"elementor-widget-container\">\n\t\t\t\t\t\t\t<div class=\"elementor-spacer\">\n\t\t\t<div class=\"elementor-spacer-inner\"><\/div>\n\t\t<\/div>\n\t\t\t\t\t\t<\/div>\n\t\t\t\t<\/div>\n\t\t\t\t\t<\/div>\n\t\t\t\t<\/div>\n\t\t<div class=\"elementor-element elementor-element-43612d3b animated-fast e-flex e-con-boxed elementor-invisible e-con e-parent\" data-id=\"43612d3b\" data-element_type=\"container\" data-e-type=\"container\" data-settings=\"{&quot;background_background&quot;:&quot;classic&quot;,&quot;animation&quot;:&quot;fadeIn&quot;}\">\n\t\t\t\t\t<div class=\"e-con-inner\">\n\t\t<div class=\"elementor-element elementor-element-5107200a e-con-full animated-fast e-flex elementor-invisible e-con e-child\" data-id=\"5107200a\" data-element_type=\"container\" data-e-type=\"container\" data-settings=\"{&quot;animation&quot;:&quot;fadeInLeft&quot;}\">\n\t\t\t\t<div class=\"elementor-element elementor-element-792010a4 elementor-widget elementor-widget-heading\" data-id=\"792010a4\" data-element_type=\"widget\" data-e-type=\"widget\" data-widget_type=\"heading.default\">\n\t\t\t\t<div class=\"elementor-widget-container\">\n\t\t\t\t\t<h2 class=\"elementor-heading-title elementor-size-default\">Was ist das Reutlinger Jobk\u00e4rtle?<\/h2>\t\t\t\t<\/div>\n\t\t\t\t<\/div>\n\t\t\t\t<div class=\"elementor-element elementor-element-de2ad8b elementor-widget elementor-widget-image\" data-id=\"de2ad8b\" data-element_type=\"widget\" data-e-type=\"widget\" data-widget_type=\"image.default\">\n\t\t\t\t<div class=\"elementor-widget-container\">\n\t\t\t\t\t\t\t\t\t\t\t\t\t\t\t<img decoding=\"async\" src=\"https:\/\/visitreutlingen.de\/wp-content\/uploads\/2025\/09\/Reutlingen_Illu_Kaertle_02.png\" title=\"Reutlingen_Illu_Kaertle_02\" alt=\"Reutlingen entdecken: Das Reutlinger K\u00e4rtle\" loading=\"lazy\" \/>\t\t\t\t\t\t\t\t\t\t\t\t\t\t\t<\/div>\n\t\t\t\t<\/div>\n\t\t\t\t<\/div>\n\t\t<div class=\"elementor-element elementor-element-311a44b3 e-con-full animated-fast e-flex elementor-invisible e-con e-child\" data-id=\"311a44b3\" data-element_type=\"container\" data-e-type=\"container\" data-settings=\"{&quot;animation&quot;:&quot;fadeInRight&quot;}\">\n\t\t<div class=\"elementor-element elementor-element-4c3a0a78 e-con-full e-flex e-con e-child\" data-id=\"4c3a0a78\" data-element_type=\"container\" data-e-type=\"container\">\n\t\t\t\t<div class=\"elementor-element elementor-element-3a669dd5 elementor-view-stacked elementor-hidden-tablet elementor-hidden-mobile elementor-shape-circle elementor-widget elementor-widget-icon\" data-id=\"3a669dd5\" data-element_type=\"widget\" data-e-type=\"widget\" data-widget_type=\"icon.default\">\n\t\t\t\t<div class=\"elementor-widget-container\">\n\t\t\t\t\t\t\t<div class=\"elementor-icon-wrapper\">\n\t\t\t<div class=\"elementor-icon\">\n\t\t\t<svg aria-hidden=\"true\" class=\"e-font-icon-svg e-fas-arrow-right\" viewBox=\"0 0 448 512\" xmlns=\"http:\/\/www.w3.org\/2000\/svg\"><path d=\"M190.5 66.9l22.2-22.2c9.4-9.4 24.6-9.4 33.9 0L441 239c9.4 9.4 9.4 24.6 0 33.9L246.6 467.3c-9.4 9.4-24.6 9.4-33.9 0l-22.2-22.2c-9.5-9.5-9.3-25 .4-34.3L311.4 296H24c-13.3 0-24-10.7-24-24v-32c0-13.3 10.7-24 24-24h287.4L190.9 101.2c-9.8-9.3-10-24.8-.4-34.3z\"><\/path><\/svg>\t\t\t<\/div>\n\t\t<\/div>\n\t\t\t\t\t\t<\/div>\n\t\t\t\t<\/div>\n\t\t\t\t<\/div>\n\t\t<div class=\"elementor-element elementor-element-53dc2de1 e-con-full e-flex e-con e-child\" data-id=\"53dc2de1\" data-element_type=\"container\" data-e-type=\"container\">\n\t\t\t\t<div class=\"elementor-element elementor-element-42533da8 elementor-widget elementor-widget-text-editor\" data-id=\"42533da8\" data-element_type=\"widget\" data-e-type=\"widget\" data-widget_type=\"text-editor.default\">\n\t\t\t\t<div class=\"elementor-widget-container\">\n\t\t\t\t\t\t\t\t\t<p>Die Geschenkgutscheinkarten aus recyceltem PVC k\u00f6nnen von euch immer wieder bequem online aufgeladen werden (auf Wunsch sogar automatisiert bis zu 12 Mal im Jahr) und sind dadurch besonders nachhaltig. \u00dcber das Online-Reporting-Tool behaltet ihr Kartenaufladungen und Restguthaben stets im Blick. Die Abrechnung erfolgt w\u00f6chentlich per SEPA-Mandat. Das Guthaben auf der Karte kann bei allen teilnehmenden Unternehmen in Reutlingen eingel\u00f6st werden, darunter auch zwei Tankstellen und ein Drogeriemarkt. Das Jobk\u00e4rtle kann als steuerfreier Sachbezug von bis zu 50,00 \u20ac monatlich oder f\u00fcr besondere Anl\u00e4sse von bis zu 60,00 \u20ac f\u00fcr die Mitarbeitenden aufgeladen werden.<\/p>\t\t\t\t\t\t\t\t<\/div>\n\t\t\t\t<\/div>\n\t\t\t\t<div class=\"elementor-element elementor-element-2b3c1529 elementor-align-right elementor-widget elementor-widget-button\" data-id=\"2b3c1529\" data-element_type=\"widget\" data-e-type=\"widget\" data-widget_type=\"button.default\">\n\t\t\t\t<div class=\"elementor-widget-container\">\n\t\t\t\t\t\t\t\t\t<div class=\"elementor-button-wrapper\">\n\t\t\t\t\t<a class=\"elementor-button elementor-button-link elementor-size-sm\" href=\"https:\/\/visitreutlingen.de\/informieren\/das-reutlinger-kaertle\/\">\n\t\t\t\t\t\t<span class=\"elementor-button-content-wrapper\">\n\t\t\t\t\t\t<span class=\"elementor-button-icon\">\n\t\t\t\t<svg aria-hidden=\"true\" class=\"e-font-icon-svg e-fas-arrow-right\" viewBox=\"0 0 448 512\" xmlns=\"http:\/\/www.w3.org\/2000\/svg\"><path d=\"M190.5 66.9l22.2-22.2c9.4-9.4 24.6-9.4 33.9 0L441 239c9.4 9.4 9.4 24.6 0 33.9L246.6 467.3c-9.4 9.4-24.6 9.4-33.9 0l-22.2-22.2c-9.5-9.5-9.3-25 .4-34.3L311.4 296H24c-13.3 0-24-10.7-24-24v-32c0-13.3 10.7-24 24-24h287.4L190.9 101.2c-9.8-9.3-10-24.8-.4-34.3z\"><\/path><\/svg>\t\t\t<\/span>\n\t\t\t\t\t\t\t\t\t<span class=\"elementor-button-text\">Mehr erfahren zu den Annahmestellen in Reutlingen<\/span>\n\t\t\t\t\t<\/span>\n\t\t\t\t\t<\/a>\n\t\t\t\t<\/div>\n\t\t\t\t\t\t\t\t<\/div>\n\t\t\t\t<\/div>\n\t\t\t\t<div class=\"elementor-element elementor-element-5a0ab87 elementor-align-right elementor-widget elementor-widget-button\" data-id=\"5a0ab87\" data-element_type=\"widget\" data-e-type=\"widget\" data-widget_type=\"button.default\">\n\t\t\t\t<div class=\"elementor-widget-container\">\n\t\t\t\t\t\t\t\t\t<div class=\"elementor-button-wrapper\">\n\t\t\t\t\t<a class=\"elementor-button elementor-button-link elementor-size-sm\" href=\"https:\/\/visitreutlingen.de\/wp-content\/uploads\/2026\/01\/240404-Infoblatt-Jobkaertle-1.pdf\" target=\"_blank\">\n\t\t\t\t\t\t<span class=\"elementor-button-content-wrapper\">\n\t\t\t\t\t\t<span class=\"elementor-button-icon\">\n\t\t\t\t<svg aria-hidden=\"true\" class=\"e-font-icon-svg e-fas-arrow-right\" viewBox=\"0 0 448 512\" xmlns=\"http:\/\/www.w3.org\/2000\/svg\"><path d=\"M190.5 66.9l22.2-22.2c9.4-9.4 24.6-9.4 33.9 0L441 239c9.4 9.4 9.4 24.6 0 33.9L246.6 467.3c-9.4 9.4-24.6 9.4-33.9 0l-22.2-22.2c-9.5-9.5-9.3-25 .4-34.3L311.4 296H24c-13.3 0-24-10.7-24-24v-32c0-13.3 10.7-24 24-24h287.4L190.9 101.2c-9.8-9.3-10-24.8-.4-34.3z\"><\/path><\/svg>\t\t\t<\/span>\n\t\t\t\t\t\t\t\t\t<span class=\"elementor-button-text\">Infoblatt zum Reutlinger Jobk\u00e4rtle (PDF)<\/span>\n\t\t\t\t\t<\/span>\n\t\t\t\t\t<\/a>\n\t\t\t\t<\/div>\n\t\t\t\t\t\t\t\t<\/div>\n\t\t\t\t<\/div>\n\t\t\t\t<\/div>\n\t\t\t\t<\/div>\n\t\t\t\t\t<\/div>\n\t\t\t\t<\/div>\n\t\t<div class=\"elementor-element elementor-element-a7a961d e-flex e-con-boxed e-con e-parent\" data-id=\"a7a961d\" data-element_type=\"container\" data-e-type=\"container\">\n\t\t\t\t\t<div class=\"e-con-inner\">\n\t\t\t\t<div class=\"elementor-element elementor-element-8ccb46b elementor-widget elementor-widget-spacer\" data-id=\"8ccb46b\" data-element_type=\"widget\" data-e-type=\"widget\" data-widget_type=\"spacer.default\">\n\t\t\t\t<div class=\"elementor-widget-container\">\n\t\t\t\t\t\t\t<div class=\"elementor-spacer\">\n\t\t\t<div class=\"elementor-spacer-inner\"><\/div>\n\t\t<\/div>\n\t\t\t\t\t\t<\/div>\n\t\t\t\t<\/div>\n\t\t\t\t\t<\/div>\n\t\t\t\t<\/div>\n\t\t<div class=\"elementor-element elementor-element-c3c70cc animated-fast e-flex e-con-boxed elementor-invisible e-con e-parent\" data-id=\"c3c70cc\" data-element_type=\"container\" data-e-type=\"container\" data-settings=\"{&quot;animation&quot;:&quot;fadeInUp&quot;}\">\n\t\t\t\t\t<div class=\"e-con-inner\">\n\t\t<div class=\"elementor-element elementor-element-28c020d e-con-full e-flex e-con e-child\" data-id=\"28c020d\" data-element_type=\"container\" data-e-type=\"container\">\n\t\t\t\t<div class=\"elementor-element elementor-element-b17c4cb elementor-widget elementor-widget-heading\" data-id=\"b17c4cb\" data-element_type=\"widget\" data-e-type=\"widget\" data-widget_type=\"heading.default\">\n\t\t\t\t<div class=\"elementor-widget-container\">\n\t\t\t\t\t<h2 class=\"elementor-heading-title elementor-size-default\">Wir haben euer Interesse geweckt? Super!<\/h2>\t\t\t\t<\/div>\n\t\t\t\t<\/div>\n\t\t\t\t<div class=\"elementor-element elementor-element-83997d8 elementor-widget elementor-widget-text-editor\" data-id=\"83997d8\" data-element_type=\"widget\" data-e-type=\"widget\" data-widget_type=\"text-editor.default\">\n\t\t\t\t<div class=\"elementor-widget-container\">\n\t\t\t\t\t\t\t\t\t<p><strong>Bestellung &#8222;Reutlinger Job-K\u00e4rtle&#8220; als wiederaufladbare, personalisierte Gutscheinkarten (auf Wunsch mit eigenem Logo)<\/strong><\/p><ul><li>Bitte sendet eine E-Mail an seume@start-reutlingen.de in der ihr euer Interesse am Reutlingen Jobk\u00e4rtle bekundet.<\/li><li>Wir erstellen umgehend die Vertragsunterlagen, Stammdaten sowie ein SEPA-Lastschriftmandat und senden euch diese Unterlagen zu.<\/li><li>Nach R\u00fcckerhalt der gezeichneten Unterlagen richten wir euer Arbeitgeber-Konto ein, personalisieren die Karten und l\u00f6sen deren Bestellung aus.<\/li><li>Nach ca. 4 Wochen seid ihr als Arbeitgeber im System eingerichtet und k\u00f6nnt ab diesem Zeitpunkt die Arbeitgebergutscheine ausgeben, verwalten und selbstst\u00e4ndig aufladen.<\/li><\/ul><p>Die jeweiligen Aufladebetr\u00e4ge werden \u00fcber das w\u00f6chentliche Clearing eingezogen. Selbstverst\u00e4ndlich schulen wir euch vorab im sicheren Umgang mit dem Onlineportal.<\/p><p><strong>Beziehen von Arbeitgebergutscheinen \u00fcber StaRT direkt, bzw. \u00fcber den Onlineshop (Einwegkarten)<\/strong><\/p><p>Alternativ k\u00f6nnt ihr, wie bisher auch, per E-Mail f\u00fcr eure Mitarbeitenden Gutscheine bestellen. Diese Gutscheine k\u00f6nnen allerdings nur einmal verwendet werden und sind nicht wiederaufladbar. In diesem Fall teilt uns nur die Kartenanzahl und die gew\u00fcnschten Betr\u00e4ge mit. Die Aufladung erfolgt durch StaRT. Die Gutscheine samt Rechnung werden euch, nach Vorauskasse oder nach Erteilung eines SEPA-Lastschriftmandates, per Post zugesandt oder stehen zur Abholung in der Tourist-Information am Marktplatz 14 bereit.<\/p>\t\t\t\t\t\t\t\t<\/div>\n\t\t\t\t<\/div>\n\t\t\t\t<\/div>\n\t\t\t\t\t<\/div>\n\t\t\t\t<\/div>\n\t\t<div class=\"elementor-element elementor-element-e4ef894 e-flex e-con-boxed e-con e-parent\" data-id=\"e4ef894\" data-element_type=\"container\" data-e-type=\"container\">\n\t\t\t\t\t<div class=\"e-con-inner\">\n\t\t\t\t<div class=\"elementor-element elementor-element-87c0fa6 elementor-widget elementor-widget-spacer\" data-id=\"87c0fa6\" data-element_type=\"widget\" data-e-type=\"widget\" data-widget_type=\"spacer.default\">\n\t\t\t\t<div class=\"elementor-widget-container\">\n\t\t\t\t\t\t\t<div class=\"elementor-spacer\">\n\t\t\t<div class=\"elementor-spacer-inner\"><\/div>\n\t\t<\/div>\n\t\t\t\t\t\t<\/div>\n\t\t\t\t<\/div>\n\t\t\t\t\t<\/div>\n\t\t\t\t<\/div>\n\t\t<div class=\"elementor-element elementor-element-fe09196 animated-fast e-flex e-con-boxed e-con e-parent\" data-id=\"fe09196\" data-element_type=\"container\" data-e-type=\"container\" data-settings=\"{&quot;animation&quot;:&quot;none&quot;}\">\n\t\t\t\t\t<div class=\"e-con-inner\">\n\t\t\t\t<div class=\"elementor-element elementor-element-764c838d animated-slow elementor-widget-divider--view-line elementor-invisible elementor-widget elementor-widget-divider\" data-id=\"764c838d\" data-element_type=\"widget\" data-e-type=\"widget\" data-settings=\"{&quot;_animation&quot;:&quot;fadeIn&quot;}\" data-widget_type=\"divider.default\">\n\t\t\t\t<div class=\"elementor-widget-container\">\n\t\t\t\t\t\t\t<div class=\"elementor-divider\">\n\t\t\t<span class=\"elementor-divider-separator\">\n\t\t\t\t\t\t<\/span>\n\t\t<\/div>\n\t\t\t\t\t\t<\/div>\n\t\t\t\t<\/div>\n\t\t<div class=\"elementor-element elementor-element-36859468 e-con-full e-flex e-con e-child\" data-id=\"36859468\" data-element_type=\"container\" data-e-type=\"container\">\n\t\t<div class=\"elementor-element elementor-element-13c88b91 e-con-full animated-fast e-flex elementor-invisible e-con e-child\" data-id=\"13c88b91\" data-element_type=\"container\" data-e-type=\"container\" data-settings=\"{&quot;animation&quot;:&quot;fadeInUp&quot;,&quot;animation_delay&quot;:200}\">\n\t\t\t\t<div class=\"elementor-element elementor-element-19b11ded elementor-widget elementor-widget-image\" data-id=\"19b11ded\" data-element_type=\"widget\" data-e-type=\"widget\" data-widget_type=\"image.default\">\n\t\t\t\t<div class=\"elementor-widget-container\">\n\t\t\t\t\t\t\t\t\t\t\t\t\t\t\t<img decoding=\"async\" width=\"1024\" height=\"1024\" src=\"https:\/\/visitreutlingen.de\/wp-content\/uploads\/2025\/09\/Reutlingen_Illu_Fotografin.png\" class=\"attachment-full size-full wp-image-107169\" alt=\"Reutlingen entdecken\" srcset=\"https:\/\/visitreutlingen.de\/wp-content\/uploads\/2025\/09\/Reutlingen_Illu_Fotografin.png 1024w, https:\/\/visitreutlingen.de\/wp-content\/uploads\/2025\/09\/Reutlingen_Illu_Fotografin-300x300.png 300w, https:\/\/visitreutlingen.de\/wp-content\/uploads\/2025\/09\/Reutlingen_Illu_Fotografin-150x150.png 150w, https:\/\/visitreutlingen.de\/wp-content\/uploads\/2025\/09\/Reutlingen_Illu_Fotografin-768x768.png 768w\" sizes=\"(max-width: 1024px) 100vw, 1024px\" title=\"Reutlingen. Kannst du nur lieben.\">\t\t\t\t\t\t\t\t\t\t\t\t\t\t\t<\/div>\n\t\t\t\t<\/div>\n\t\t\t\t<\/div>\n\t\t<div class=\"elementor-element elementor-element-568979e7 e-con-full animated-fast e-flex elementor-invisible e-con e-child\" data-id=\"568979e7\" data-element_type=\"container\" data-e-type=\"container\" data-settings=\"{&quot;animation&quot;:&quot;fadeInUp&quot;,&quot;animation_delay&quot;:400}\">\n\t\t\t\t<div class=\"elementor-element elementor-element-1a33eb8c elementor-widget elementor-widget-heading\" data-id=\"1a33eb8c\" data-element_type=\"widget\" data-e-type=\"widget\" data-widget_type=\"heading.default\">\n\t\t\t\t<div class=\"elementor-widget-container\">\n\t\t\t\t\t<h4 class=\"elementor-heading-title elementor-size-default\">Sabine Seume<\/h4>\t\t\t\t<\/div>\n\t\t\t\t<\/div>\n\t\t\t\t<div class=\"elementor-element elementor-element-55e45b3f elementor-widget elementor-widget-text-editor\" data-id=\"55e45b3f\" data-element_type=\"widget\" data-e-type=\"widget\" data-widget_type=\"text-editor.default\">\n\t\t\t\t<div class=\"elementor-widget-container\">\n\t\t\t\t\t\t\t\t\t<p>StaRT Stadtmarketing und Tourismus Reutlingen GmbH<br \/>Controlling \/ Buchhaltung<\/p><p><strong>T\u00a0\u00a0\u00a0\u00a0\u00a007121 93935326<\/strong><br \/><strong>E\u00a0\u00a0\u00a0\u00a0\u00a0<a href=\"mailto:seume@start-reutlingen.de\">seume@start-reutlingen.de<\/a><\/strong><\/p>\t\t\t\t\t\t\t\t<\/div>\n\t\t\t\t<\/div>\n\t\t\t\t<\/div>\n\t\t\t\t<\/div>\n\t\t\t\t\t<\/div>\n\t\t\t\t<\/div>\n\t\t\t\t<\/div>\n\t\t","protected":false},"excerpt":{"rendered":"<p>Das Reutlinger Jobk\u00e4rtle\u200b Der Arbeit&shy;geber&shy;gut&shy;schein f\u00fcr Reutlingen und die Region Zufriedene Mitarbeitende geh\u00f6ren zu den wichtigsten Potenzialen eines erfolgreichen Unternehmens. Mit dem Reutlinger Jobk\u00e4rtle bieten wir euch ein wertvolles Add-on, um in puncto Wertsch\u00e4tzung und Motivation eure Mitarbeitenden sowie im Wettbewerb um die besten Talente richtig zu punkten. Neben der Mitarbeiterbindung unterst\u00fctzt ihr die Reutlinger [&hellip;]<\/p>\n","protected":false},"author":1,"featured_media":0,"parent":102272,"menu_order":0,"comment_status":"closed","ping_status":"closed","template":"","meta":{"inline_featured_image":false,"footnotes":""},"class_list":["post-103088","page","type-page","status-publish","hentry"],"_links":{"self":[{"href":"https:\/\/visitreutlingen.de\/it\/wp-json\/wp\/v2\/pages\/103088","targetHints":{"allow":["GET"]}}],"collection":[{"href":"https:\/\/visitreutlingen.de\/it\/wp-json\/wp\/v2\/pages"}],"about":[{"href":"https:\/\/visitreutlingen.de\/it\/wp-json\/wp\/v2\/types\/page"}],"author":[{"embeddable":true,"href":"https:\/\/visitreutlingen.de\/it\/wp-json\/wp\/v2\/users\/1"}],"replies":[{"embeddable":true,"href":"https:\/\/visitreutlingen.de\/it\/wp-json\/wp\/v2\/comments?post=103088"}],"version-history":[{"count":0,"href":"https:\/\/visitreutlingen.de\/it\/wp-json\/wp\/v2\/pages\/103088\/revisions"}],"up":[{"embeddable":true,"href":"https:\/\/visitreutlingen.de\/it\/wp-json\/wp\/v2\/pages\/102272"}],"wp:attachment":[{"href":"https:\/\/visitreutlingen.de\/it\/wp-json\/wp\/v2\/media?parent=103088"}],"curies":[{"name":"wp","href":"https:\/\/api.w.org\/{rel}","templated":true}]}}