{"id":103800,"date":"2025-09-18T10:06:11","date_gmt":"2025-09-18T08:06:11","guid":{"rendered":"https:\/\/visit-rt.de\/?page_id=103800"},"modified":"2026-03-17T17:22:26","modified_gmt":"2026-03-17T16:22:26","slug":"buchen","status":"publish","type":"page","link":"https:\/\/visitreutlingen.de\/it\/buchen\/","title":{"rendered":"Buchen"},"content":{"rendered":"\t\t<div data-elementor-type=\"wp-page\" data-elementor-id=\"103800\" class=\"elementor elementor-103800\" data-elementor-post-type=\"page\">\n\t\t\t\t<div class=\"elementor-element elementor-element-298bf35c e-con-full e-flex e-con e-parent\" data-id=\"298bf35c\" data-element_type=\"container\" data-e-type=\"container\">\n\t\t<div class=\"elementor-element elementor-element-2557d7f5 e-con-full elementor-hidden-desktop elementor-hidden-tablet e-flex e-con e-child\" data-id=\"2557d7f5\" data-element_type=\"container\" data-e-type=\"container\" data-settings=\"{&quot;background_background&quot;:&quot;classic&quot;,&quot;animation&quot;:&quot;none&quot;}\">\n\t\t<div class=\"elementor-element elementor-element-60eaa7d0 e-con-full animated-fast e-flex e-con e-child\" data-id=\"60eaa7d0\" data-element_type=\"container\" data-e-type=\"container\" data-settings=\"{&quot;background_background&quot;:&quot;classic&quot;,&quot;animation&quot;:&quot;none&quot;}\">\n\t\t\t\t<div class=\"elementor-element elementor-element-5d45efaa elementor-widget elementor-widget-image\" data-id=\"5d45efaa\" data-element_type=\"widget\" data-e-type=\"widget\" data-widget_type=\"image.default\">\n\t\t\t\t<div class=\"elementor-widget-container\">\n\t\t\t\t\t\t\t\t\t\t\t\t\t\t\t<img fetchpriority=\"high\" decoding=\"async\" width=\"1024\" height=\"1536\" src=\"https:\/\/visitreutlingen.de\/wp-content\/uploads\/2025\/09\/Reutlingen_Illu_Buchen_Smartphone.png\" class=\"attachment-full size-full wp-image-107149\" alt=\"Reutlingen entdecken\" srcset=\"https:\/\/visitreutlingen.de\/wp-content\/uploads\/2025\/09\/Reutlingen_Illu_Buchen_Smartphone.png 1024w, https:\/\/visitreutlingen.de\/wp-content\/uploads\/2025\/09\/Reutlingen_Illu_Buchen_Smartphone-200x300.png 200w, https:\/\/visitreutlingen.de\/wp-content\/uploads\/2025\/09\/Reutlingen_Illu_Buchen_Smartphone-683x1024.png 683w, https:\/\/visitreutlingen.de\/wp-content\/uploads\/2025\/09\/Reutlingen_Illu_Buchen_Smartphone-768x1152.png 768w\" sizes=\"(max-width: 1024px) 100vw, 1024px\" title=\"Reutlingen. Kannst du nur lieben.\">\t\t\t\t\t\t\t\t\t\t\t\t\t\t\t<\/div>\n\t\t\t\t<\/div>\n\t\t\t\t<div class=\"elementor-element elementor-element-691e562d elementor-widget elementor-widget-heading\" data-id=\"691e562d\" data-element_type=\"widget\" data-e-type=\"widget\" data-widget_type=\"heading.default\">\n\t\t\t\t<div class=\"elementor-widget-container\">\n\t\t\t\t\t<h1 class=\"elementor-heading-title elementor-size-default\">Buchen<\/h1>\t\t\t\t<\/div>\n\t\t\t\t<\/div>\n\t\t\t\t<div class=\"elementor-element elementor-element-d0d117e elementor-widget elementor-widget-heading\" data-id=\"d0d117e\" data-element_type=\"widget\" data-e-type=\"widget\" data-widget_type=\"heading.default\">\n\t\t\t\t<div class=\"elementor-widget-container\">\n\t\t\t\t\t<h3 class=\"elementor-heading-title elementor-size-default\">Jetzt Aufenthalt planen und Erlebnisse sammeln<\/h3>\t\t\t\t<\/div>\n\t\t\t\t<\/div>\n\t\t\t\t<div class=\"elementor-element elementor-element-76e91c32 elementor-widget elementor-widget-text-editor\" data-id=\"76e91c32\" data-element_type=\"widget\" data-e-type=\"widget\" data-widget_type=\"text-editor.default\">\n\t\t\t\t<div class=\"elementor-widget-container\">\n\t\t\t\t\t\t\t\t\t<p>Hier findest du alles, was du f\u00fcr deinen Aufenthalt brauchst. Finde die ideale Unterkunft f\u00fcr dich und entdecke spannende Geschichten zu Reutlingen.<\/p>\t\t\t\t\t\t\t\t<\/div>\n\t\t\t\t<\/div>\n\t\t\t\t<\/div>\n\t\t\t\t<\/div>\n\t\t<div class=\"elementor-element elementor-element-6be6160f e-con-full elementor-hidden-mobile e-flex elementor-invisible e-con e-child\" data-id=\"6be6160f\" data-element_type=\"container\" data-e-type=\"container\" data-settings=\"{&quot;background_background&quot;:&quot;classic&quot;,&quot;animation&quot;:&quot;fadeIn&quot;}\">\n\t\t<div class=\"elementor-element elementor-element-3f61c630 e-flex e-con-boxed e-con e-child\" data-id=\"3f61c630\" data-element_type=\"container\" data-e-type=\"container\">\n\t\t\t\t\t<div class=\"e-con-inner\">\n\t\t<div class=\"elementor-element elementor-element-32d3c38d e-con-full animated-fast e-flex elementor-invisible e-con e-child\" data-id=\"32d3c38d\" data-element_type=\"container\" data-e-type=\"container\" data-settings=\"{&quot;background_background&quot;:&quot;classic&quot;,&quot;animation&quot;:&quot;fadeInDown&quot;,&quot;animation_mobile&quot;:&quot;none&quot;}\">\n\t\t<div class=\"elementor-element elementor-element-312012dd e-con-full e-flex e-con e-child\" data-id=\"312012dd\" data-element_type=\"container\" data-e-type=\"container\">\n\t\t\t\t<div class=\"elementor-element elementor-element-6daa5a4f elementor-widget elementor-widget-heading\" data-id=\"6daa5a4f\" data-element_type=\"widget\" data-e-type=\"widget\" data-widget_type=\"heading.default\">\n\t\t\t\t<div class=\"elementor-widget-container\">\n\t\t\t\t\t<h1 class=\"elementor-heading-title elementor-size-default\">Buchen<\/h1>\t\t\t\t<\/div>\n\t\t\t\t<\/div>\n\t\t\t\t<div class=\"elementor-element elementor-element-6edfef99 elementor-widget elementor-widget-heading\" data-id=\"6edfef99\" data-element_type=\"widget\" data-e-type=\"widget\" data-widget_type=\"heading.default\">\n\t\t\t\t<div class=\"elementor-widget-container\">\n\t\t\t\t\t<h3 class=\"elementor-heading-title elementor-size-default\">Jetzt Aufenthalt planen und Erlebnisse sammeln<\/h3>\t\t\t\t<\/div>\n\t\t\t\t<\/div>\n\t\t\t\t<div class=\"elementor-element elementor-element-61a98f57 elementor-widget elementor-widget-text-editor\" data-id=\"61a98f57\" data-element_type=\"widget\" data-e-type=\"widget\" data-widget_type=\"text-editor.default\">\n\t\t\t\t<div class=\"elementor-widget-container\">\n\t\t\t\t\t\t\t\t\t<p>Hier findest du alles, was du f\u00fcr deinen Aufenthalt brauchst. Finde die ideale Unterkunft f\u00fcr dich und entdecke spannende Geschichten zu Reutlingen.<\/p>\t\t\t\t\t\t\t\t<\/div>\n\t\t\t\t<\/div>\n\t\t\t\t<\/div>\n\t\t<div class=\"elementor-element elementor-element-335b0b51 e-con-full e-flex e-con e-child\" data-id=\"335b0b51\" data-element_type=\"container\" data-e-type=\"container\">\n\t\t\t\t<div class=\"elementor-element elementor-element-4ddc9126 elementor-widget elementor-widget-image\" data-id=\"4ddc9126\" data-element_type=\"widget\" data-e-type=\"widget\" data-widget_type=\"image.default\">\n\t\t\t\t<div class=\"elementor-widget-container\">\n\t\t\t\t\t\t\t\t\t\t\t\t\t\t\t<img decoding=\"async\" src=\"https:\/\/visitreutlingen.de\/wp-content\/uploads\/2025\/09\/Reutlingen_Illu_Koffer.png\" title=\"Reutlingen_Illu_Koffer\" alt=\"Reutlingen_Illu_Koffer\" loading=\"lazy\" \/>\t\t\t\t\t\t\t\t\t\t\t\t\t\t\t<\/div>\n\t\t\t\t<\/div>\n\t\t\t\t<\/div>\n\t\t\t\t<\/div>\n\t\t\t\t\t<\/div>\n\t\t\t\t<\/div>\n\t\t\t\t<\/div>\n\t\t\t\t<\/div>\n\t\t<div class=\"elementor-element elementor-element-6c0f1ddf e-flex e-con-boxed e-con e-parent\" data-id=\"6c0f1ddf\" data-element_type=\"container\" data-e-type=\"container\">\n\t\t\t\t\t<div class=\"e-con-inner\">\n\t\t\t\t<div class=\"elementor-element elementor-element-70ee5259 elementor-widget elementor-widget-spacer\" data-id=\"70ee5259\" data-element_type=\"widget\" data-e-type=\"widget\" data-widget_type=\"spacer.default\">\n\t\t\t\t<div class=\"elementor-widget-container\">\n\t\t\t\t\t\t\t<div class=\"elementor-spacer\">\n\t\t\t<div class=\"elementor-spacer-inner\"><\/div>\n\t\t<\/div>\n\t\t\t\t\t\t<\/div>\n\t\t\t\t<\/div>\n\t\t\t\t\t<\/div>\n\t\t\t\t<\/div>\n\t\t<div class=\"elementor-element elementor-element-cc7ea55 animated-fast e-flex e-con-boxed elementor-invisible e-con e-parent\" data-id=\"cc7ea55\" data-element_type=\"container\" data-e-type=\"container\" data-settings=\"{&quot;animation&quot;:&quot;fadeInUp&quot;}\">\n\t\t\t\t\t<div class=\"e-con-inner\">\n\t\t<div class=\"elementor-element elementor-element-c9014bc e-con-full e-flex e-con e-child\" data-id=\"c9014bc\" data-element_type=\"container\" data-e-type=\"container\">\n\t\t\t\t<div class=\"elementor-element elementor-element-8ee79b1 elementor-widget elementor-widget-image\" data-id=\"8ee79b1\" data-element_type=\"widget\" data-e-type=\"widget\" data-widget_type=\"image.default\">\n\t\t\t\t<div class=\"elementor-widget-container\">\n\t\t\t\t\t\t\t\t\t\t\t\t\t\t\t<img decoding=\"async\" width=\"2560\" height=\"1707\" src=\"https:\/\/visitreutlingen.de\/wp-content\/uploads\/2025\/10\/RT-Stadtfuehrung-scaled.jpg\" class=\"attachment-full size-full wp-image-108056\" alt=\"Reutlingen entdecken\" srcset=\"https:\/\/visitreutlingen.de\/wp-content\/uploads\/2025\/10\/RT-Stadtfuehrung-scaled.jpg 2560w, https:\/\/visitreutlingen.de\/wp-content\/uploads\/2025\/10\/RT-Stadtfuehrung-300x200.jpg 300w, https:\/\/visitreutlingen.de\/wp-content\/uploads\/2025\/10\/RT-Stadtfuehrung-1024x683.jpg 1024w, https:\/\/visitreutlingen.de\/wp-content\/uploads\/2025\/10\/RT-Stadtfuehrung-768x512.jpg 768w, https:\/\/visitreutlingen.de\/wp-content\/uploads\/2025\/10\/RT-Stadtfuehrung-1536x1024.jpg 1536w, https:\/\/visitreutlingen.de\/wp-content\/uploads\/2025\/10\/RT-Stadtfuehrung-2048x1365.jpg 2048w\" sizes=\"(max-width: 2560px) 100vw, 2560px\" title=\"Reutlingen. Kannst du nur lieben.\">\t\t\t\t\t\t\t\t\t\t\t\t\t\t\t<\/div>\n\t\t\t\t<\/div>\n\t\t\t\t<\/div>\n\t\t<div class=\"elementor-element elementor-element-318c08e e-con-full e-flex e-con e-child\" data-id=\"318c08e\" data-element_type=\"container\" data-e-type=\"container\">\n\t\t\t\t<div class=\"elementor-element elementor-element-2aa6512 elementor-widget elementor-widget-heading\" data-id=\"2aa6512\" data-element_type=\"widget\" data-e-type=\"widget\" data-widget_type=\"heading.default\">\n\t\t\t\t<div class=\"elementor-widget-container\">\n\t\t\t\t\t<h2 class=\"elementor-heading-title elementor-size-default\">Stadtf\u00fchrungen<\/h2>\t\t\t\t<\/div>\n\t\t\t\t<\/div>\n\t\t\t\t<div class=\"elementor-element elementor-element-7a422ec elementor-widget elementor-widget-text-editor\" data-id=\"7a422ec\" data-element_type=\"widget\" data-e-type=\"widget\" data-widget_type=\"text-editor.default\">\n\t\t\t\t<div class=\"elementor-widget-container\">\n\t\t\t\t\t\t\t\t\tStadtf\u00fchrungen machen Geschichte lebendig und lassen dich die Stadt mit anderen Augen sehen. Entdecke Reutlingens faszinierende Vergangenheit und Geschichten bei einer unserer Stadtf\u00fchrungen. Lerne, welches Techtelmechtel die Stadt in Tr\u00fcmmer verwandelte und warum du beim Besichtigen des Weltrekords den Bauch einziehen musst. Unsere abwechslungsreichen Themenf\u00fchrungen bieten dir spannende Einblicke, egal ob du allein oder in der Gruppe unterwegs bist.\t\t\t\t\t\t\t\t<\/div>\n\t\t\t\t<\/div>\n\t\t\t\t<div class=\"elementor-element elementor-element-39d294d elementor-widget elementor-widget-button\" data-id=\"39d294d\" data-element_type=\"widget\" data-e-type=\"widget\" data-widget_type=\"button.default\">\n\t\t\t\t<div class=\"elementor-widget-container\">\n\t\t\t\t\t\t\t\t\t<div class=\"elementor-button-wrapper\">\n\t\t\t\t\t<a class=\"elementor-button elementor-button-link elementor-size-sm\" href=\"https:\/\/visitreutlingen.de\/buchen\/stadtfuehrungen\/\">\n\t\t\t\t\t\t<span class=\"elementor-button-content-wrapper\">\n\t\t\t\t\t\t\t\t\t<span class=\"elementor-button-text\">Mehr \u00fcber Stadtf\u00fchrungen erfahren<\/span>\n\t\t\t\t\t<\/span>\n\t\t\t\t\t<\/a>\n\t\t\t\t<\/div>\n\t\t\t\t\t\t\t\t<\/div>\n\t\t\t\t<\/div>\n\t\t\t\t<\/div>\n\t\t\t\t\t<\/div>\n\t\t\t\t<\/div>\n\t\t<div class=\"elementor-element elementor-element-2e6c3c4 e-flex e-con-boxed e-con e-parent\" data-id=\"2e6c3c4\" data-element_type=\"container\" data-e-type=\"container\">\n\t\t\t\t\t<div class=\"e-con-inner\">\n\t\t\t\t<div class=\"elementor-element elementor-element-995fc2d elementor-widget elementor-widget-spacer\" data-id=\"995fc2d\" data-element_type=\"widget\" data-e-type=\"widget\" data-widget_type=\"spacer.default\">\n\t\t\t\t<div class=\"elementor-widget-container\">\n\t\t\t\t\t\t\t<div class=\"elementor-spacer\">\n\t\t\t<div class=\"elementor-spacer-inner\"><\/div>\n\t\t<\/div>\n\t\t\t\t\t\t<\/div>\n\t\t\t\t<\/div>\n\t\t\t\t\t<\/div>\n\t\t\t\t<\/div>\n\t\t<div class=\"elementor-element elementor-element-77a4eb1b animated-fast e-flex e-con-boxed elementor-invisible e-con e-parent\" data-id=\"77a4eb1b\" data-element_type=\"container\" data-e-type=\"container\" data-settings=\"{&quot;animation&quot;:&quot;fadeInUp&quot;}\">\n\t\t\t\t\t<div class=\"e-con-inner\">\n\t\t<div class=\"elementor-element elementor-element-317fc08c e-con-full e-flex e-con e-child\" data-id=\"317fc08c\" data-element_type=\"container\" data-e-type=\"container\">\n\t\t\t\t<div class=\"elementor-element elementor-element-505c6942 elementor-widget elementor-widget-heading\" data-id=\"505c6942\" data-element_type=\"widget\" data-e-type=\"widget\" data-widget_type=\"heading.default\">\n\t\t\t\t<div class=\"elementor-widget-container\">\n\t\t\t\t\t<h2 class=\"elementor-heading-title elementor-size-default\">Unterk\u00fcnfte<\/h2>\t\t\t\t<\/div>\n\t\t\t\t<\/div>\n\t\t\t\t<div class=\"elementor-element elementor-element-398c3108 elementor-widget elementor-widget-text-editor\" data-id=\"398c3108\" data-element_type=\"widget\" data-e-type=\"widget\" data-widget_type=\"text-editor.default\">\n\t\t\t\t<div class=\"elementor-widget-container\">\n\t\t\t\t\t\t\t\t\t<p>Ob St\u00e4dtetrip, Gesch\u00e4ftsreise oder l\u00e4ngerer Aufenthalt \u2013 in Reutlingen findest du eine Vielzahl an Unterk\u00fcnften, die zu deinen Bed\u00fcrfnissen passen. Von gem\u00fctlichen Pensionen \u00fcber moderne Hotels bis hin zu charmanten Ferienwohnungen ist f\u00fcr jeden Geschmack etwas dabei.<\/p>\t\t\t\t\t\t\t\t<\/div>\n\t\t\t\t<\/div>\n\t\t\t\t<div class=\"elementor-element elementor-element-56541726 elementor-widget elementor-widget-button\" data-id=\"56541726\" data-element_type=\"widget\" data-e-type=\"widget\" data-widget_type=\"button.default\">\n\t\t\t\t<div class=\"elementor-widget-container\">\n\t\t\t\t\t\t\t\t\t<div class=\"elementor-button-wrapper\">\n\t\t\t\t\t<a class=\"elementor-button elementor-button-link elementor-size-sm\" href=\"https:\/\/visitreutlingen.de\/buchen\/unterkuenfte\/\">\n\t\t\t\t\t\t<span class=\"elementor-button-content-wrapper\">\n\t\t\t\t\t\t\t\t\t<span class=\"elementor-button-text\">Unterk\u00fcnfte entdecken<\/span>\n\t\t\t\t\t<\/span>\n\t\t\t\t\t<\/a>\n\t\t\t\t<\/div>\n\t\t\t\t\t\t\t\t<\/div>\n\t\t\t\t<\/div>\n\t\t\t\t<\/div>\n\t\t<div class=\"elementor-element elementor-element-56ad8d25 e-con-full e-flex e-con e-child\" data-id=\"56ad8d25\" data-element_type=\"container\" data-e-type=\"container\">\n\t\t\t\t<div class=\"elementor-element elementor-element-a72afab elementor-widget elementor-widget-image\" data-id=\"a72afab\" data-element_type=\"widget\" data-e-type=\"widget\" data-widget_type=\"image.default\">\n\t\t\t\t<div class=\"elementor-widget-container\">\n\t\t\t\t\t\t\t\t\t\t\t\t\t\t\t<img decoding=\"async\" width=\"2500\" height=\"1667\" src=\"https:\/\/visitreutlingen.de\/wp-content\/uploads\/2025\/10\/RT_Unterkuenfte.jpg\" class=\"attachment-full size-full wp-image-108054\" alt=\"Reutlingen entdecken\" srcset=\"https:\/\/visitreutlingen.de\/wp-content\/uploads\/2025\/10\/RT_Unterkuenfte.jpg 2500w, https:\/\/visitreutlingen.de\/wp-content\/uploads\/2025\/10\/RT_Unterkuenfte-300x200.jpg 300w, https:\/\/visitreutlingen.de\/wp-content\/uploads\/2025\/10\/RT_Unterkuenfte-1024x683.jpg 1024w, https:\/\/visitreutlingen.de\/wp-content\/uploads\/2025\/10\/RT_Unterkuenfte-768x512.jpg 768w, https:\/\/visitreutlingen.de\/wp-content\/uploads\/2025\/10\/RT_Unterkuenfte-1536x1024.jpg 1536w, https:\/\/visitreutlingen.de\/wp-content\/uploads\/2025\/10\/RT_Unterkuenfte-2048x1366.jpg 2048w\" sizes=\"(max-width: 2500px) 100vw, 2500px\" title=\"Reutlingen. Kannst du nur lieben.\">\t\t\t\t\t\t\t\t\t\t\t\t\t\t\t<\/div>\n\t\t\t\t<\/div>\n\t\t\t\t<\/div>\n\t\t\t\t\t<\/div>\n\t\t\t\t<\/div>\n\t\t<div class=\"elementor-element elementor-element-337384fe e-flex e-con-boxed e-con e-parent\" data-id=\"337384fe\" data-element_type=\"container\" data-e-type=\"container\">\n\t\t\t\t\t<div class=\"e-con-inner\">\n\t\t\t\t<div class=\"elementor-element elementor-element-33fb4b06 elementor-widget elementor-widget-spacer\" data-id=\"33fb4b06\" data-element_type=\"widget\" data-e-type=\"widget\" data-widget_type=\"spacer.default\">\n\t\t\t\t<div class=\"elementor-widget-container\">\n\t\t\t\t\t\t\t<div class=\"elementor-spacer\">\n\t\t\t<div class=\"elementor-spacer-inner\"><\/div>\n\t\t<\/div>\n\t\t\t\t\t\t<\/div>\n\t\t\t\t<\/div>\n\t\t\t\t\t<\/div>\n\t\t\t\t<\/div>\n\t\t<div class=\"elementor-element elementor-element-7de8a10f animated-fast e-flex e-con-boxed elementor-invisible e-con e-parent\" data-id=\"7de8a10f\" data-element_type=\"container\" data-e-type=\"container\" data-settings=\"{&quot;animation&quot;:&quot;fadeInUp&quot;}\">\n\t\t\t\t\t<div class=\"e-con-inner\">\n\t\t<div class=\"elementor-element elementor-element-39463e6 e-con-full e-flex e-con e-child\" data-id=\"39463e6\" data-element_type=\"container\" data-e-type=\"container\">\n\t\t\t\t<div class=\"elementor-element elementor-element-2789963a elementor-widget elementor-widget-image\" data-id=\"2789963a\" data-element_type=\"widget\" data-e-type=\"widget\" data-widget_type=\"image.default\">\n\t\t\t\t<div class=\"elementor-widget-container\">\n\t\t\t\t\t\t\t\t\t\t\t\t\t\t\t<img loading=\"lazy\" decoding=\"async\" width=\"1080\" height=\"720\" src=\"https:\/\/visitreutlingen.de\/wp-content\/uploads\/2025\/09\/wohnmobile-camping-reutlingen.webp\" class=\"attachment-full size-full wp-image-102178\" alt=\"Reutlingen entdecken\" srcset=\"https:\/\/visitreutlingen.de\/wp-content\/uploads\/2025\/09\/wohnmobile-camping-reutlingen.webp 1080w, https:\/\/visitreutlingen.de\/wp-content\/uploads\/2025\/09\/wohnmobile-camping-reutlingen-300x200.webp 300w, https:\/\/visitreutlingen.de\/wp-content\/uploads\/2025\/09\/wohnmobile-camping-reutlingen-1024x683.webp 1024w, https:\/\/visitreutlingen.de\/wp-content\/uploads\/2025\/09\/wohnmobile-camping-reutlingen-768x512.webp 768w\" sizes=\"(max-width: 1080px) 100vw, 1080px\" title=\"Reutlingen. Kannst du nur lieben.\">\t\t\t\t\t\t\t\t\t\t\t\t\t\t\t<\/div>\n\t\t\t\t<\/div>\n\t\t\t\t<\/div>\n\t\t<div class=\"elementor-element elementor-element-49b17367 e-con-full e-flex e-con e-child\" data-id=\"49b17367\" data-element_type=\"container\" data-e-type=\"container\">\n\t\t\t\t<div class=\"elementor-element elementor-element-6c36b596 elementor-widget elementor-widget-heading\" data-id=\"6c36b596\" data-element_type=\"widget\" data-e-type=\"widget\" data-widget_type=\"heading.default\">\n\t\t\t\t<div class=\"elementor-widget-container\">\n\t\t\t\t\t<h2 class=\"elementor-heading-title elementor-size-default\">Wohnmobile &amp; Camping<\/h2>\t\t\t\t<\/div>\n\t\t\t\t<\/div>\n\t\t\t\t<div class=\"elementor-element elementor-element-6382e41f elementor-widget elementor-widget-text-editor\" data-id=\"6382e41f\" data-element_type=\"widget\" data-e-type=\"widget\" data-widget_type=\"text-editor.default\">\n\t\t\t\t<div class=\"elementor-widget-container\">\n\t\t\t\t\t\t\t\t\t<p>Entdecke die vielf\u00e4ltigen M\u00f6glichkeiten f\u00fcr Camping und Caravaning in Reutlingen! Die Region bietet zahlreiche idyllische Stellpl\u00e4tze und Campingpl\u00e4tze, die Naturfreunden und Abenteurern gleicherma\u00dfen gefallen. Genie\u00dfe die wundersch\u00f6ne Umgebung, erkunde die Schw\u00e4bische Alb und lass den Alltag hinter dir. Hier findest du alles was du zum Thema Camping und Caravaning in und um Reutlingen wissen musst.<\/p>\t\t\t\t\t\t\t\t<\/div>\n\t\t\t\t<\/div>\n\t\t\t\t<div class=\"elementor-element elementor-element-58aa3fde elementor-widget elementor-widget-button\" data-id=\"58aa3fde\" data-element_type=\"widget\" data-e-type=\"widget\" data-widget_type=\"button.default\">\n\t\t\t\t<div class=\"elementor-widget-container\">\n\t\t\t\t\t\t\t\t\t<div class=\"elementor-button-wrapper\">\n\t\t\t\t\t<a class=\"elementor-button elementor-button-link elementor-size-sm\" href=\"https:\/\/visitreutlingen.de\/buchen\/wohnmobile-camping\/\">\n\t\t\t\t\t\t<span class=\"elementor-button-content-wrapper\">\n\t\t\t\t\t\t\t\t\t<span class=\"elementor-button-text\">Mehr \u00fcber Wohnmobile &amp; Camping erfahren<\/span>\n\t\t\t\t\t<\/span>\n\t\t\t\t\t<\/a>\n\t\t\t\t<\/div>\n\t\t\t\t\t\t\t\t<\/div>\n\t\t\t\t<\/div>\n\t\t\t\t<\/div>\n\t\t\t\t\t<\/div>\n\t\t\t\t<\/div>\n\t\t\t\t<\/div>\n\t\t","protected":false},"excerpt":{"rendered":"<p>Buchen Jetzt Aufenthalt planen und Erlebnisse sammeln Hier findest du alles, was du f\u00fcr deinen Aufenthalt brauchst. Finde die ideale Unterkunft f\u00fcr dich und entdecke spannende Geschichten zu Reutlingen. Buchen Jetzt Aufenthalt planen und Erlebnisse sammeln Hier findest du alles, was du f\u00fcr deinen Aufenthalt brauchst. Finde die ideale Unterkunft f\u00fcr dich und entdecke spannende [&hellip;]<\/p>\n","protected":false},"author":1,"featured_media":0,"parent":0,"menu_order":0,"comment_status":"closed","ping_status":"closed","template":"","meta":{"inline_featured_image":false,"footnotes":""},"class_list":["post-103800","page","type-page","status-publish","hentry"],"_links":{"self":[{"href":"https:\/\/visitreutlingen.de\/it\/wp-json\/wp\/v2\/pages\/103800","targetHints":{"allow":["GET"]}}],"collection":[{"href":"https:\/\/visitreutlingen.de\/it\/wp-json\/wp\/v2\/pages"}],"about":[{"href":"https:\/\/visitreutlingen.de\/it\/wp-json\/wp\/v2\/types\/page"}],"author":[{"embeddable":true,"href":"https:\/\/visitreutlingen.de\/it\/wp-json\/wp\/v2\/users\/1"}],"replies":[{"embeddable":true,"href":"https:\/\/visitreutlingen.de\/it\/wp-json\/wp\/v2\/comments?post=103800"}],"version-history":[{"count":0,"href":"https:\/\/visitreutlingen.de\/it\/wp-json\/wp\/v2\/pages\/103800\/revisions"}],"wp:attachment":[{"href":"https:\/\/visitreutlingen.de\/it\/wp-json\/wp\/v2\/media?parent=103800"}],"curies":[{"name":"wp","href":"https:\/\/api.w.org\/{rel}","templated":true}]}}