{"id":105517,"date":"2025-09-19T17:57:46","date_gmt":"2025-09-19T15:57:46","guid":{"rendered":"https:\/\/visit-rt.de\/?page_id=105517"},"modified":"2026-03-17T17:22:45","modified_gmt":"2026-03-17T16:22:45","slug":"shopping","status":"publish","type":"page","link":"https:\/\/visitreutlingen.de\/it\/entdecken\/shopping\/","title":{"rendered":"Shopping"},"content":{"rendered":"\t\t<div data-elementor-type=\"wp-page\" data-elementor-id=\"105517\" class=\"elementor elementor-105517\" data-elementor-post-type=\"page\">\n\t\t\t\t<div class=\"elementor-element elementor-element-58c3031d animated-fast e-flex e-con-boxed elementor-invisible e-con e-parent\" data-id=\"58c3031d\" data-element_type=\"container\" data-e-type=\"container\" data-settings=\"{&quot;background_background&quot;:&quot;classic&quot;,&quot;animation&quot;:&quot;fadeIn&quot;}\">\n\t\t\t\t\t<div class=\"e-con-inner\">\n\t\t<div class=\"elementor-element elementor-element-334414e8 e-con-full animated-fast e-flex elementor-invisible e-con e-child\" data-id=\"334414e8\" data-element_type=\"container\" data-e-type=\"container\" data-settings=\"{&quot;animation&quot;:&quot;fadeInDown&quot;}\">\n\t\t\t\t<div class=\"elementor-element elementor-element-618f47f5 elementor-widget elementor-widget-heading\" data-id=\"618f47f5\" data-element_type=\"widget\" data-e-type=\"widget\" data-widget_type=\"heading.default\">\n\t\t\t\t<div class=\"elementor-widget-container\">\n\t\t\t\t\t<h1 class=\"elementor-heading-title elementor-size-default\">Shopping\u200b<\/h1>\t\t\t\t<\/div>\n\t\t\t\t<\/div>\n\t\t\t\t<div class=\"elementor-element elementor-element-213a6173 elementor-widget elementor-widget-heading\" data-id=\"213a6173\" data-element_type=\"widget\" data-e-type=\"widget\" data-widget_type=\"heading.default\">\n\t\t\t\t<div class=\"elementor-widget-container\">\n\t\t\t\t\t<h3 class=\"elementor-heading-title elementor-size-default\">Die Einkaufswelt\u200b in Reutlingen<\/h3>\t\t\t\t<\/div>\n\t\t\t\t<\/div>\n\t\t\t\t<div class=\"elementor-element elementor-element-75687f29 elementor-widget elementor-widget-text-editor\" data-id=\"75687f29\" data-element_type=\"widget\" data-e-type=\"widget\" data-widget_type=\"text-editor.default\">\n\t\t\t\t<div class=\"elementor-widget-container\">\n\t\t\t\t\t\t\t\t\t<p>Entdecke Reutlingens belebte Einkaufsstra\u00dfen, ges\u00e4umt von historischer Architektur und modernem Flair. Von stylischer Mode \u00fcber handgefertigte Kunstwerke bis hin zu delikaten kulinarischen Gen\u00fcssen \u2013 in Reutlingen findet jeder Shopper sein pers\u00f6nliches Paradies. Diese Seite ist dein virtueller Wegweiser durch die vielf\u00e4ltige Reutlinger Einkaufswelt!<\/p>\t\t\t\t\t\t\t\t<\/div>\n\t\t\t\t<\/div>\n\t\t\t\t<\/div>\n\t\t<div class=\"elementor-element elementor-element-19defbf e-con-full animated-fast e-flex elementor-invisible e-con e-child\" data-id=\"19defbf\" data-element_type=\"container\" data-e-type=\"container\" data-settings=\"{&quot;animation&quot;:&quot;fadeInDown&quot;,&quot;animation_delay&quot;:200}\">\n\t\t\t\t<div class=\"elementor-element elementor-element-1ab5afc5 elementor-widget elementor-widget-image\" data-id=\"1ab5afc5\" data-element_type=\"widget\" data-e-type=\"widget\" data-widget_type=\"image.default\">\n\t\t\t\t<div class=\"elementor-widget-container\">\n\t\t\t\t\t\t\t\t\t\t\t\t\t\t\t<img fetchpriority=\"high\" decoding=\"async\" width=\"2500\" height=\"1667\" src=\"https:\/\/visitreutlingen.de\/wp-content\/uploads\/2025\/10\/RT_Shopping.jpg\" class=\"attachment-full size-full wp-image-108012\" alt=\"Reutlingen entdecken\" srcset=\"https:\/\/visitreutlingen.de\/wp-content\/uploads\/2025\/10\/RT_Shopping.jpg 2500w, https:\/\/visitreutlingen.de\/wp-content\/uploads\/2025\/10\/RT_Shopping-300x200.jpg 300w, https:\/\/visitreutlingen.de\/wp-content\/uploads\/2025\/10\/RT_Shopping-1024x683.jpg 1024w, https:\/\/visitreutlingen.de\/wp-content\/uploads\/2025\/10\/RT_Shopping-768x512.jpg 768w, https:\/\/visitreutlingen.de\/wp-content\/uploads\/2025\/10\/RT_Shopping-1536x1024.jpg 1536w, https:\/\/visitreutlingen.de\/wp-content\/uploads\/2025\/10\/RT_Shopping-2048x1366.jpg 2048w\" sizes=\"(max-width: 2500px) 100vw, 2500px\" title=\"Reutlingen. Kannst du nur lieben.\">\t\t\t\t\t\t\t\t\t\t\t\t\t\t\t<\/div>\n\t\t\t\t<\/div>\n\t\t\t\t<\/div>\n\t\t\t\t\t<\/div>\n\t\t\t\t<\/div>\n\t\t<div class=\"elementor-element elementor-element-6ab9ec33 e-flex e-con-boxed e-con e-parent\" data-id=\"6ab9ec33\" data-element_type=\"container\" data-e-type=\"container\">\n\t\t\t\t\t<div class=\"e-con-inner\">\n\t\t\t\t<div class=\"elementor-element elementor-element-5298ac69 elementor-widget elementor-widget-spacer\" data-id=\"5298ac69\" data-element_type=\"widget\" data-e-type=\"widget\" data-widget_type=\"spacer.default\">\n\t\t\t\t<div class=\"elementor-widget-container\">\n\t\t\t\t\t\t\t<div class=\"elementor-spacer\">\n\t\t\t<div class=\"elementor-spacer-inner\"><\/div>\n\t\t<\/div>\n\t\t\t\t\t\t<\/div>\n\t\t\t\t<\/div>\n\t\t\t\t\t<\/div>\n\t\t\t\t<\/div>\n\t\t<div class=\"elementor-element elementor-element-36f625c5 animated-fast e-flex e-con-boxed elementor-invisible e-con e-parent\" data-id=\"36f625c5\" data-element_type=\"container\" data-e-type=\"container\" data-settings=\"{&quot;animation&quot;:&quot;fadeInUp&quot;}\">\n\t\t\t\t\t<div class=\"e-con-inner\">\n\t\t<div class=\"elementor-element elementor-element-6da91bb1 e-con-full e-flex e-con e-child\" data-id=\"6da91bb1\" data-element_type=\"container\" data-e-type=\"container\">\n\t\t\t\t<div class=\"elementor-element elementor-element-5774e523 elementor-widget elementor-widget-heading\" data-id=\"5774e523\" data-element_type=\"widget\" data-e-type=\"widget\" data-widget_type=\"heading.default\">\n\t\t\t\t<div class=\"elementor-widget-container\">\n\t\t\t\t\t<h2 class=\"elementor-heading-title elementor-size-default\">Shopping in Reutlingen<\/h2>\t\t\t\t<\/div>\n\t\t\t\t<\/div>\n\t\t\t\t<\/div>\n\t\t\t\t\t<\/div>\n\t\t\t\t<\/div>\n\t\t<div class=\"elementor-element elementor-element-12113591 e-flex e-con-boxed e-con e-parent\" data-id=\"12113591\" data-element_type=\"container\" data-e-type=\"container\">\n\t\t\t\t\t<div class=\"e-con-inner\">\n\t\t\t\t<div class=\"elementor-element elementor-element-55d8c886 elementor-widget elementor-widget-spacer\" data-id=\"55d8c886\" data-element_type=\"widget\" data-e-type=\"widget\" data-widget_type=\"spacer.default\">\n\t\t\t\t<div class=\"elementor-widget-container\">\n\t\t\t\t\t\t\t<div class=\"elementor-spacer\">\n\t\t\t<div class=\"elementor-spacer-inner\"><\/div>\n\t\t<\/div>\n\t\t\t\t\t\t<\/div>\n\t\t\t\t<\/div>\n\t\t\t\t\t<\/div>\n\t\t\t\t<\/div>\n\t\t<div class=\"elementor-element elementor-element-10e6e7d animated-fast e-flex e-con-boxed elementor-invisible e-con e-parent\" data-id=\"10e6e7d\" data-element_type=\"container\" data-e-type=\"container\" data-settings=\"{&quot;animation&quot;:&quot;fadeInUp&quot;}\">\n\t\t\t\t\t<div class=\"e-con-inner\">\n\t\t\t\t<div class=\"elementor-element elementor-element-fbd772b elementor-widget elementor-widget-html\" data-id=\"fbd772b\" data-element_type=\"widget\" data-e-type=\"widget\" data-widget_type=\"html.default\">\n\t\t\t\t<div class=\"elementor-widget-container\">\n\t\t\t\t\t<div class=\"mpm-widgets\" \r\n     data-typ=\"suche\" \r\n     data-modul=\"akteure\" \r\n     data-gruppe=\"einzelhandel\" \r\n     data-sortierfeld=\"\" \r\n     data-sortiertyp=\"zufaellig\" \r\n     data-ergebnislimit=\"\" \r\n     data-initial-kartenanzeige=\"9\"\r\n     data-initial-filteranzeige-desktop=\"5\"\r\n     data-initial-filteranzeige-mobile=\"2\"\r\n<\/div>\t\t\t\t<\/div>\n\t\t\t\t<\/div>\n\t\t\t\t\t<\/div>\n\t\t\t\t<\/div>\n\t\t\t\t<\/div>\n\t\t","protected":false},"excerpt":{"rendered":"<p>Shopping\u200b Die Einkaufswelt\u200b in Reutlingen Entdecke Reutlingens belebte Einkaufsstra\u00dfen, ges\u00e4umt von historischer Architektur und modernem Flair. Von stylischer Mode \u00fcber handgefertigte Kunstwerke bis hin zu delikaten kulinarischen Gen\u00fcssen \u2013 in Reutlingen findet jeder Shopper sein pers\u00f6nliches Paradies. Diese Seite ist dein virtueller Wegweiser durch die vielf\u00e4ltige Reutlinger Einkaufswelt! Shopping in Reutlingen<\/p>\n","protected":false},"author":1,"featured_media":0,"parent":102255,"menu_order":0,"comment_status":"closed","ping_status":"closed","template":"","meta":{"inline_featured_image":false,"footnotes":""},"class_list":["post-105517","page","type-page","status-publish","hentry"],"_links":{"self":[{"href":"https:\/\/visitreutlingen.de\/it\/wp-json\/wp\/v2\/pages\/105517","targetHints":{"allow":["GET"]}}],"collection":[{"href":"https:\/\/visitreutlingen.de\/it\/wp-json\/wp\/v2\/pages"}],"about":[{"href":"https:\/\/visitreutlingen.de\/it\/wp-json\/wp\/v2\/types\/page"}],"author":[{"embeddable":true,"href":"https:\/\/visitreutlingen.de\/it\/wp-json\/wp\/v2\/users\/1"}],"replies":[{"embeddable":true,"href":"https:\/\/visitreutlingen.de\/it\/wp-json\/wp\/v2\/comments?post=105517"}],"version-history":[{"count":1,"href":"https:\/\/visitreutlingen.de\/it\/wp-json\/wp\/v2\/pages\/105517\/revisions"}],"predecessor-version":[{"id":112948,"href":"https:\/\/visitreutlingen.de\/it\/wp-json\/wp\/v2\/pages\/105517\/revisions\/112948"}],"up":[{"embeddable":true,"href":"https:\/\/visitreutlingen.de\/it\/wp-json\/wp\/v2\/pages\/102255"}],"wp:attachment":[{"href":"https:\/\/visitreutlingen.de\/it\/wp-json\/wp\/v2\/media?parent=105517"}],"curies":[{"name":"wp","href":"https:\/\/api.w.org\/{rel}","templated":true}]}}