{"id":109998,"date":"2025-11-13T04:39:53","date_gmt":"2025-11-13T03:39:53","guid":{"rendered":"https:\/\/visit-rt.de\/impressum-_kopie\/"},"modified":"2026-03-17T17:22:53","modified_gmt":"2026-03-17T16:22:53","slug":"widerrufsrecht","status":"publish","type":"page","link":"https:\/\/visitreutlingen.de\/it\/widerrufsrecht\/","title":{"rendered":"Widerrufsrecht"},"content":{"rendered":"\t\t<div data-elementor-type=\"wp-page\" data-elementor-id=\"109998\" class=\"elementor elementor-109998\" data-elementor-post-type=\"page\">\n\t\t\t\t<div class=\"elementor-element elementor-element-782dd964 e-flex e-con-boxed e-con e-parent\" data-id=\"782dd964\" data-element_type=\"container\" data-e-type=\"container\">\n\t\t\t\t\t<div class=\"e-con-inner\">\n\t\t<div class=\"elementor-element elementor-element-598abec7 e-con-full animated-fast e-flex elementor-invisible e-con e-child\" data-id=\"598abec7\" data-element_type=\"container\" data-e-type=\"container\" data-settings=\"{&quot;animation&quot;:&quot;fadeInDown&quot;}\">\n\t\t\t\t<div class=\"elementor-element elementor-element-3912a847 elementor-widget elementor-widget-heading\" data-id=\"3912a847\" data-element_type=\"widget\" data-e-type=\"widget\" data-widget_type=\"heading.default\">\n\t\t\t\t<div class=\"elementor-widget-container\">\n\t\t\t\t\t<h1 class=\"elementor-heading-title elementor-size-default\">Widerrufsrecht<\/h1>\t\t\t\t<\/div>\n\t\t\t\t<\/div>\n\t\t\t\t<div class=\"elementor-element elementor-element-5d28281f elementor-widget elementor-widget-heading\" data-id=\"5d28281f\" data-element_type=\"widget\" data-e-type=\"widget\" data-widget_type=\"heading.default\">\n\t\t\t\t<div class=\"elementor-widget-container\">\n\t\t\t\t\t<h3 class=\"elementor-heading-title elementor-size-default\">und Widerufsbelehrung<\/h3>\t\t\t\t<\/div>\n\t\t\t\t<\/div>\n\t\t\t\t<div class=\"elementor-element elementor-element-3750b233 elementor-widget elementor-widget-text-editor\" data-id=\"3750b233\" data-element_type=\"widget\" data-e-type=\"widget\" data-widget_type=\"text-editor.default\">\n\t\t\t\t<div class=\"elementor-widget-container\">\n\t\t\t\t\t\t\t\t\t<p>Stadtmarketing und Tourismus Reutlingen GmbH <br \/>Albtorplatz 3<br \/>72764 Reutlingen<br \/>T: 07121 93 93 53 00<br \/>F: 07121 93 93 53 10<br \/>E: <a href=\"mailto:info@start-reutlingen.de\">info@start-reutlingen.de<\/a><\/p>\t\t\t\t\t\t\t\t<\/div>\n\t\t\t\t<\/div>\n\t\t\t\t<\/div>\n\t\t<div class=\"elementor-element elementor-element-7dc50aa5 e-con-full animated-fast e-flex elementor-invisible e-con e-child\" data-id=\"7dc50aa5\" data-element_type=\"container\" data-e-type=\"container\" data-settings=\"{&quot;animation&quot;:&quot;fadeInDown&quot;,&quot;animation_delay&quot;:200}\">\n\t\t\t\t<div class=\"elementor-element elementor-element-39a4cca6 elementor-widget elementor-widget-image\" data-id=\"39a4cca6\" data-element_type=\"widget\" data-e-type=\"widget\" data-widget_type=\"image.default\">\n\t\t\t\t<div class=\"elementor-widget-container\">\n\t\t\t\t\t\t\t\t\t\t\t\t\t\t\t<img fetchpriority=\"high\" decoding=\"async\" width=\"1024\" height=\"1024\" src=\"https:\/\/visitreutlingen.de\/wp-content\/uploads\/2025\/11\/Reutlingen_Illu_Postkarte.png\" class=\"attachment-full size-full wp-image-110394\" alt=\"Reutlingen entdecken\" srcset=\"https:\/\/visitreutlingen.de\/wp-content\/uploads\/2025\/11\/Reutlingen_Illu_Postkarte.png 1024w, https:\/\/visitreutlingen.de\/wp-content\/uploads\/2025\/11\/Reutlingen_Illu_Postkarte-300x300.png 300w, https:\/\/visitreutlingen.de\/wp-content\/uploads\/2025\/11\/Reutlingen_Illu_Postkarte-150x150.png 150w, https:\/\/visitreutlingen.de\/wp-content\/uploads\/2025\/11\/Reutlingen_Illu_Postkarte-768x768.png 768w\" sizes=\"(max-width: 1024px) 100vw, 1024px\" title=\"Reutlingen. Kannst du nur lieben.\">\t\t\t\t\t\t\t\t\t\t\t\t\t\t\t<\/div>\n\t\t\t\t<\/div>\n\t\t\t\t<\/div>\n\t\t\t\t\t<\/div>\n\t\t\t\t<\/div>\n\t\t<div class=\"elementor-element elementor-element-df46bd7 e-flex e-con-boxed e-con e-parent\" data-id=\"df46bd7\" data-element_type=\"container\" data-e-type=\"container\">\n\t\t\t\t\t<div class=\"e-con-inner\">\n\t\t\t\t<div class=\"elementor-element elementor-element-6ba3b18 animated-fast elementor-widget-divider--view-line elementor-invisible elementor-widget elementor-widget-global elementor-global-106411 elementor-widget-divider\" data-id=\"6ba3b18\" data-element_type=\"widget\" data-e-type=\"widget\" data-settings=\"{&quot;_animation&quot;:&quot;fadeInDown&quot;,&quot;_animation_delay&quot;:400}\" data-widget_type=\"divider.default\">\n\t\t\t\t<div class=\"elementor-widget-container\">\n\t\t\t\t\t\t\t<div class=\"elementor-divider\">\n\t\t\t<span class=\"elementor-divider-separator\">\n\t\t\t\t\t\t<\/span>\n\t\t<\/div>\n\t\t\t\t\t\t<\/div>\n\t\t\t\t<\/div>\n\t\t\t\t\t<\/div>\n\t\t\t\t<\/div>\n\t\t<div class=\"elementor-element elementor-element-311db15d animated-fast e-flex e-con-boxed elementor-invisible e-con e-parent\" data-id=\"311db15d\" data-element_type=\"container\" data-e-type=\"container\" data-settings=\"{&quot;animation&quot;:&quot;fadeInUp&quot;}\">\n\t\t\t\t\t<div class=\"e-con-inner\">\n\t\t<div class=\"elementor-element elementor-element-2faf19be e-con-full e-flex e-con e-child\" data-id=\"2faf19be\" data-element_type=\"container\" data-e-type=\"container\">\n\t\t\t\t<div class=\"elementor-element elementor-element-1492bca4 elementor-widget elementor-widget-text-editor\" data-id=\"1492bca4\" data-element_type=\"widget\" data-e-type=\"widget\" data-widget_type=\"text-editor.default\">\n\t\t\t\t<div class=\"elementor-widget-container\">\n\t\t\t\t\t\t\t\t\t<p class=\"Text_text__Fg5jn\">Ist der Kunde Verbraucher im Sinne von \u00a7 13 BGB steht ihm im Falle eines Vertragsschlusses folgendes Widerrufsrecht zu:<\/p><p>Sie haben das Recht, binnen vierzehn Tagen ohne Angabe von Gr\u00fcnden diesen Vertrag zu widerrufen.<\/p><p>Die Widerrufsfrist betr\u00e4gt vierzehn Tage ab dem Tag, an dem Sie oder ein von Ihnen benannter Dritter, der nicht der Bef\u00f6rderer ist, die letzte Ware in Besitz genommen hat.<\/p><p>Um Ihr Widerrufsrecht auszu\u00fcben, m\u00fcssen Sie uns,\u00a0der StaRT Stadtmarketing und Tourismus Reutlingen GmbH, Albtorplatz 3, 72764 Reutlingen, Telefon: 07121\/93935300, Telefax: 07121\/93935310, E-Mail: <a href=\"mailto:info@start-reutlingen.de\" target=\"_blank\" rel=\"noopener noreferrer\"><b>info@start-reutlingen.de<\/b><\/a> mittels einer eindeutigen Erkl\u00e4rung (z.B. ein mit der Post versandter Brief, Telefax oder E-Mail) \u00fcber Ihren Entschluss, diesen Vertrag zu widerrufen, informieren.<\/p><p>Sie k\u00f6nnen daf\u00fcr das <a href=\"https:\/\/visitreutlingen.de\/wp-content\/uploads\/2025\/11\/Widerrufsformular_StaRT.pdf\">Muster-Widerrufsformular<\/a> verwenden, das jedoch nicht vorgeschrieben ist.<\/p><p>Zur Wahrung der Widerrufsfrist reicht es aus, dass Sie die Mitteilung \u00fcber die Aus\u00fcbung des Widerrufsrechts vor Ablauf der Widerrufsfrist absenden.<\/p><h4><u>Folgen des Widerrufs:<\/u><\/h4><p>Wenn Sie diesen Vertrag widerrufen, haben wir Ihnen alle Zahlungen, die wir von Ihnen erhalten haben, einschlie\u00dflich der Lieferkosten (Mit Ausnahme der zus\u00e4tzlichen Kosten, die sich daraus ergeben, dass Sie eine andere Art der Lieferung als die von uns angebotene, g\u00fcnstigste Standardlieferung gew\u00e4hlt haben), unverz\u00fcglich und sp\u00e4testens binnen 14 Tagen ab dem Tag zur\u00fcck zu zahlen, an dem die Mitteilung \u00fcber Ihren Widerruf dieses Vertrages bei uns eingegangen ist. F\u00fcr diese R\u00fcckzahlung verwenden wir dasselbe Zahlungsmittel, dass Sie bei der urspr\u00fcnglichen Transaktion eingesetzt haben, es sei denn, mit Ihnen wurde ausdr\u00fccklich etwas anders vereinbart. In keinem Fall werden Ihnen wegen dieser R\u00fcckzahlung Entgelte berechnet.<\/p><p>Wir k\u00f6nnen die R\u00fcckzahlung verweigern, bis wir die Waren wieder zur\u00fcckerhalten haben oder bis Sie den Nachweis erbracht haben, dass Sie die Waren zur\u00fcckgesandt haben, je nachdem welches der fr\u00fchere Zeitpunkt ist.<\/p><p>Sie haben die Waren unverz\u00fcglich und in jedem Fall sp\u00e4testens binnen vierzehn Tagen ab dem Tag, an dem Sie uns \u00fcber den Widerruf dieses Vertrags unterrichten, an uns zur\u00fcckzusenden oder zu \u00fcbergeben. Die Frist ist gewahrt, wenn Sie die Waren vor Ablauf von vierzehn Tagen absenden.<\/p><p>Sie m\u00fcssen f\u00fcr einen etwaigen Wertverlust der Waren nur aufkommen, wenn dieser Wertverlust auf einen zur Pr\u00fcfung der Beschaffenheit, Eigenschaften und Funktionsweise der Ware nicht notwendigen Umgang mit Ihnen zur\u00fcckzuf\u00fchren ist.\u00a0<\/p>\t\t\t\t\t\t\t\t<\/div>\n\t\t\t\t<\/div>\n\t\t\t\t<\/div>\n\t\t\t\t\t<\/div>\n\t\t\t\t<\/div>\n\t\t\t\t<\/div>\n\t\t","protected":false},"excerpt":{"rendered":"<p>Widerrufsrecht und Widerufsbelehrung Stadtmarketing und Tourismus Reutlingen GmbH Albtorplatz 372764 ReutlingenT: 07121 93 93 53 00F: 07121 93 93 53 10E: info@start-reutlingen.de Ist der Kunde Verbraucher im Sinne von \u00a7 13 BGB steht ihm im Falle eines Vertragsschlusses folgendes Widerrufsrecht zu: Sie haben das Recht, binnen vierzehn Tagen ohne Angabe von Gr\u00fcnden diesen Vertrag zu [&hellip;]<\/p>\n","protected":false},"author":1,"featured_media":0,"parent":0,"menu_order":0,"comment_status":"closed","ping_status":"closed","template":"","meta":{"inline_featured_image":false,"footnotes":""},"class_list":["post-109998","page","type-page","status-publish","hentry"],"_links":{"self":[{"href":"https:\/\/visitreutlingen.de\/it\/wp-json\/wp\/v2\/pages\/109998","targetHints":{"allow":["GET"]}}],"collection":[{"href":"https:\/\/visitreutlingen.de\/it\/wp-json\/wp\/v2\/pages"}],"about":[{"href":"https:\/\/visitreutlingen.de\/it\/wp-json\/wp\/v2\/types\/page"}],"author":[{"embeddable":true,"href":"https:\/\/visitreutlingen.de\/it\/wp-json\/wp\/v2\/users\/1"}],"replies":[{"embeddable":true,"href":"https:\/\/visitreutlingen.de\/it\/wp-json\/wp\/v2\/comments?post=109998"}],"version-history":[{"count":0,"href":"https:\/\/visitreutlingen.de\/it\/wp-json\/wp\/v2\/pages\/109998\/revisions"}],"wp:attachment":[{"href":"https:\/\/visitreutlingen.de\/it\/wp-json\/wp\/v2\/media?parent=109998"}],"curies":[{"name":"wp","href":"https:\/\/api.w.org\/{rel}","templated":true}]}}