{"id":110400,"date":"2025-11-19T11:12:37","date_gmt":"2025-11-19T10:12:37","guid":{"rendered":"https:\/\/visit-rt.de\/widerrufsrecht-_kopie\/"},"modified":"2026-03-17T17:22:26","modified_gmt":"2026-03-17T16:22:26","slug":"agb-kaertle","status":"publish","type":"page","link":"https:\/\/visitreutlingen.de\/it\/agb-kaertle\/","title":{"rendered":"AGB Kaertle"},"content":{"rendered":"\t\t<div data-elementor-type=\"wp-page\" data-elementor-id=\"110400\" class=\"elementor elementor-110400\" data-elementor-post-type=\"page\">\n\t\t\t\t<div class=\"elementor-element elementor-element-782dd964 e-flex e-con-boxed e-con e-parent\" data-id=\"782dd964\" data-element_type=\"container\" data-e-type=\"container\">\n\t\t\t\t\t<div class=\"e-con-inner\">\n\t\t<div class=\"elementor-element elementor-element-598abec7 e-con-full animated-fast e-flex elementor-invisible e-con e-child\" data-id=\"598abec7\" data-element_type=\"container\" data-e-type=\"container\" data-settings=\"{&quot;animation&quot;:&quot;fadeInDown&quot;}\">\n\t\t\t\t<div class=\"elementor-element elementor-element-3912a847 elementor-widget elementor-widget-heading\" data-id=\"3912a847\" data-element_type=\"widget\" data-e-type=\"widget\" data-widget_type=\"heading.default\">\n\t\t\t\t<div class=\"elementor-widget-container\">\n\t\t\t\t\t<h1 class=\"elementor-heading-title elementor-size-default\">AGB<\/h1>\t\t\t\t<\/div>\n\t\t\t\t<\/div>\n\t\t\t\t<div class=\"elementor-element elementor-element-5d28281f elementor-widget elementor-widget-heading\" data-id=\"5d28281f\" data-element_type=\"widget\" data-e-type=\"widget\" data-widget_type=\"heading.default\">\n\t\t\t\t<div class=\"elementor-widget-container\">\n\t\t\t\t\t<h3 class=\"elementor-heading-title elementor-size-default\">Bedingungen f\u00fcr die Gutscheinkarten Reutlinger K\u00e4rtle<\/h3>\t\t\t\t<\/div>\n\t\t\t\t<\/div>\n\t\t\t\t<div class=\"elementor-element elementor-element-3750b233 elementor-widget elementor-widget-text-editor\" data-id=\"3750b233\" data-element_type=\"widget\" data-e-type=\"widget\" data-widget_type=\"text-editor.default\">\n\t\t\t\t<div class=\"elementor-widget-container\">\n\t\t\t\t\t\t\t\t\t<p>Stadtmarketing und Tourismus Reutlingen GmbH <br \/>Albtorplatz 3<br \/>72764 Reutlingen<br \/>T: 07121 93 93 53 00<br \/>F: 07121 93 93 53 10<br \/>E: <a href=\"mailto:info@start-reutlingen.de\">info@start-reutlingen.de<\/a><\/p>\t\t\t\t\t\t\t\t<\/div>\n\t\t\t\t<\/div>\n\t\t\t\t<\/div>\n\t\t<div class=\"elementor-element elementor-element-7dc50aa5 e-con-full animated-fast e-flex elementor-invisible e-con e-child\" data-id=\"7dc50aa5\" data-element_type=\"container\" data-e-type=\"container\" data-settings=\"{&quot;animation&quot;:&quot;fadeInDown&quot;,&quot;animation_delay&quot;:200}\">\n\t\t\t\t<div class=\"elementor-element elementor-element-39a4cca6 elementor-widget elementor-widget-image\" data-id=\"39a4cca6\" data-element_type=\"widget\" data-e-type=\"widget\" data-widget_type=\"image.default\">\n\t\t\t\t<div class=\"elementor-widget-container\">\n\t\t\t\t\t\t\t\t\t\t\t\t\t\t\t<img fetchpriority=\"high\" decoding=\"async\" width=\"1024\" height=\"1024\" src=\"https:\/\/visitreutlingen.de\/wp-content\/uploads\/2025\/09\/Reutlingen_Illu_Kaertle_02.png\" class=\"attachment-full size-full wp-image-107406\" alt=\"Reutlingen entdecken: Das Reutlinger K\u00e4rtle\" srcset=\"https:\/\/visitreutlingen.de\/wp-content\/uploads\/2025\/09\/Reutlingen_Illu_Kaertle_02.png 1024w, https:\/\/visitreutlingen.de\/wp-content\/uploads\/2025\/09\/Reutlingen_Illu_Kaertle_02-300x300.png 300w, https:\/\/visitreutlingen.de\/wp-content\/uploads\/2025\/09\/Reutlingen_Illu_Kaertle_02-150x150.png 150w, https:\/\/visitreutlingen.de\/wp-content\/uploads\/2025\/09\/Reutlingen_Illu_Kaertle_02-768x768.png 768w\" sizes=\"(max-width: 1024px) 100vw, 1024px\" title=\"Reutlingen. Kannst du nur lieben.\">\t\t\t\t\t\t\t\t\t\t\t\t\t\t\t<\/div>\n\t\t\t\t<\/div>\n\t\t\t\t<\/div>\n\t\t\t\t\t<\/div>\n\t\t\t\t<\/div>\n\t\t<div class=\"elementor-element elementor-element-df46bd7 e-flex e-con-boxed e-con e-parent\" data-id=\"df46bd7\" data-element_type=\"container\" data-e-type=\"container\">\n\t\t\t\t\t<div class=\"e-con-inner\">\n\t\t\t\t<div class=\"elementor-element elementor-element-6ba3b18 animated-fast elementor-widget-divider--view-line elementor-invisible elementor-widget elementor-widget-global elementor-global-106411 elementor-widget-divider\" data-id=\"6ba3b18\" data-element_type=\"widget\" data-e-type=\"widget\" data-settings=\"{&quot;_animation&quot;:&quot;fadeInDown&quot;,&quot;_animation_delay&quot;:400}\" data-widget_type=\"divider.default\">\n\t\t\t\t<div class=\"elementor-widget-container\">\n\t\t\t\t\t\t\t<div class=\"elementor-divider\">\n\t\t\t<span class=\"elementor-divider-separator\">\n\t\t\t\t\t\t<\/span>\n\t\t<\/div>\n\t\t\t\t\t\t<\/div>\n\t\t\t\t<\/div>\n\t\t\t\t\t<\/div>\n\t\t\t\t<\/div>\n\t\t<div class=\"elementor-element elementor-element-311db15d animated-fast e-flex e-con-boxed elementor-invisible e-con e-parent\" data-id=\"311db15d\" data-element_type=\"container\" data-e-type=\"container\" data-settings=\"{&quot;animation&quot;:&quot;fadeInUp&quot;}\">\n\t\t\t\t\t<div class=\"e-con-inner\">\n\t\t<div class=\"elementor-element elementor-element-2faf19be e-con-full e-flex e-con e-child\" data-id=\"2faf19be\" data-element_type=\"container\" data-e-type=\"container\">\n\t\t\t\t<div class=\"elementor-element elementor-element-1492bca4 elementor-widget elementor-widget-text-editor\" data-id=\"1492bca4\" data-element_type=\"widget\" data-e-type=\"widget\" data-widget_type=\"text-editor.default\">\n\t\t\t\t<div class=\"elementor-widget-container\">\n\t\t\t\t\t\t\t\t\t<section class=\"bedingungen\"><p><\/p>\n<h2>Bedingungen f\u00fcr das Reutlinger K\u00e4rtle und die Papiergutscheine<\/h2>\n<p>Die folgenden Bedingungen gelten sowohl f\u00fcr die von der<\/p>\n<p>StaRT Stadtmarketing<br>und Tourismus Reutlingen GmbH<br>Albtorplatz 3<br>72764 Reutlingen<br>07121 93 93 53 00<\/p>\n<p>(\u201eHerausgeber\u201c) ausgegebenen digitalen Gutscheinkarten (\u201eReutlinger K\u00e4rtle\u201c \/ \u201eKarte\u201c)&nbsp;als auch f\u00fcr die in der Vergangenheit ausgegebenen Gutscheine in Papierform&nbsp;(\u201ePapiergutscheine\u201c).<\/p>\n<ol>\n<li>Die Karte kann bei den teilnehmenden Verkaufsstellen erworben werden. Die \u00dcbersicht&nbsp;der Verkaufsstellen ist unter&nbsp;<a href=\"https:\/\/www.visitreutlingen.de\" target=\"_blank\" rel=\"noopener\">www.visitreutlingen.de<\/a> einsehbar. Beim Verkauf handelt die Verkaufsstelle im Auftrag&nbsp;und Namen des Herausgebers.\n<p><\/p><\/li>\n<li>Karte und Papiergutschein k\u00f6nnen zur Bezahlung von Waren und Dienstleistungen in Euro&nbsp;in den teilnehmenden Ladengesch\u00e4ften (\u201eAkzeptanzstellen\u201c) genutzt werden. Die Liste der&nbsp;Akzeptanzstellen ist unter&nbsp;<a href=\"https:\/\/www.visitreutlingen.de\" target=\"_blank\" rel=\"noopener\">www.visitreutlingen.de<\/a> verf\u00fcgbar.\n<p><\/p><\/li>\n<li>Der Herausgeber kann die Liste der Akzeptanzstellen jederzeit \u00e4ndern. Ein Anspruch auf&nbsp;Einl\u00f6sung in einem bestimmten Betrieb besteht nicht.\n<p><\/p><\/li>\n<li>Eine Auszahlung des Guthabens (auch Teilbetr\u00e4ge) ist ausgeschlossen.\n<p><\/p><\/li>\n<li>Papiergutscheine k\u00f6nnen nur in den Akzeptanzstellen eingel\u00f6st werden, die dies&nbsp;ausdr\u00fccklich erm\u00f6glichen (siehe Website). Eine Einl\u00f6sung nach dem 31.12.2026 ist&nbsp;ausgeschlossen.\n<p><\/p><\/li>\n<li>Die Karte kann mit maximal 250,- Euro aufgeladen werden, der Mindestbetrag betr\u00e4gt&nbsp;5,- Euro. Die Karte ist nicht wiederaufladbar.<br><br><\/li>\n<li>Das verf\u00fcgbare Guthaben kann am Terminal der Akzeptanzstelle oder online unter&nbsp;<a href=\"https:\/\/www.visitreutlingen.de\" target=\"_blank\" rel=\"noopener\">www.visitreutlingen.de<\/a>&nbsp;abgefragt werden.<br><br><\/li>\n<li>F\u00fcr Verlust, Diebstahl, Besch\u00e4digung, Unlesbarkeit oder unbefugte Nutzung \u00fcbernimmt der&nbsp;Herausgeber keine Haftung. Eine Sperrung der Karte ist nicht m\u00f6glich.<br><br><\/li>\n<li>Einwendungen oder Beanstandungen, die sich aus dem Vertragsverh\u00e4ltnis mit einer&nbsp;Akzeptanzstelle ergeben, sind direkt dort geltend zu machen.<br><br><\/li>\n<li>Karte und Papiergutschein sind nicht personalisiert und frei \u00fcbertragbar.<br><br><\/li>\n<li>Die Karte ist drei Jahre ab Ende des Kaufjahres g\u00fcltig. Danach verf\u00e4llt das Guthaben.&nbsp;Abweichende Angaben (z.B. auf Kassenbelegen) sind ung\u00fcltig.<br><br><\/li>\n<li>Es gilt deutsches Recht.<\/li>\n<\/ol>\n<p><strong><br>Stand:<\/strong> 18.12.2023<\/p>\n<\/section>\t\t\t\t\t\t\t\t<\/div>\n\t\t\t\t<\/div>\n\t\t\t\t<\/div>\n\t\t\t\t\t<\/div>\n\t\t\t\t<\/div>\n\t\t\t\t<\/div>\n\t\t","protected":false},"excerpt":{"rendered":"<p>AGB Bedingungen f\u00fcr die Gutscheinkarten Reutlinger K\u00e4rtle Stadtmarketing und Tourismus Reutlingen GmbH Albtorplatz 372764 ReutlingenT: 07121 93 93 53 00F: 07121 93 93 53 10E: info@start-reutlingen.de Bedingungen f\u00fcr das Reutlinger K\u00e4rtle und die Papiergutscheine Die folgenden Bedingungen gelten sowohl f\u00fcr die von der StaRT Stadtmarketingund Tourismus Reutlingen GmbHAlbtorplatz 372764 Reutlingen07121 93 93 53 00 (\u201eHerausgeber\u201c) [&hellip;]<\/p>\n","protected":false},"author":5,"featured_media":0,"parent":0,"menu_order":0,"comment_status":"closed","ping_status":"closed","template":"","meta":{"inline_featured_image":false,"footnotes":""},"class_list":["post-110400","page","type-page","status-publish","hentry"],"_links":{"self":[{"href":"https:\/\/visitreutlingen.de\/it\/wp-json\/wp\/v2\/pages\/110400","targetHints":{"allow":["GET"]}}],"collection":[{"href":"https:\/\/visitreutlingen.de\/it\/wp-json\/wp\/v2\/pages"}],"about":[{"href":"https:\/\/visitreutlingen.de\/it\/wp-json\/wp\/v2\/types\/page"}],"author":[{"embeddable":true,"href":"https:\/\/visitreutlingen.de\/it\/wp-json\/wp\/v2\/users\/5"}],"replies":[{"embeddable":true,"href":"https:\/\/visitreutlingen.de\/it\/wp-json\/wp\/v2\/comments?post=110400"}],"version-history":[{"count":1,"href":"https:\/\/visitreutlingen.de\/it\/wp-json\/wp\/v2\/pages\/110400\/revisions"}],"predecessor-version":[{"id":112921,"href":"https:\/\/visitreutlingen.de\/it\/wp-json\/wp\/v2\/pages\/110400\/revisions\/112921"}],"wp:attachment":[{"href":"https:\/\/visitreutlingen.de\/it\/wp-json\/wp\/v2\/media?parent=110400"}],"curies":[{"name":"wp","href":"https:\/\/api.w.org\/{rel}","templated":true}]}}