{"id":105522,"date":"2025-09-19T17:58:11","date_gmt":"2025-09-19T15:58:11","guid":{"rendered":"https:\/\/visit-rt.de\/?page_id=105522"},"modified":"2026-03-17T17:22:40","modified_gmt":"2026-03-17T16:22:40","slug":"dienstleistung","status":"publish","type":"page","link":"https:\/\/visitreutlingen.de\/tr\/entdecken\/dienstleistung\/","title":{"rendered":"Dienstleistung"},"content":{"rendered":"\t\t<div data-elementor-type=\"wp-page\" data-elementor-id=\"105522\" class=\"elementor elementor-105522\" data-elementor-post-type=\"page\">\n\t\t\t\t<div class=\"elementor-element elementor-element-654abea7 animated-fast e-flex e-con-boxed elementor-invisible e-con e-parent\" data-id=\"654abea7\" data-element_type=\"container\" data-e-type=\"container\" data-settings=\"{&quot;background_background&quot;:&quot;classic&quot;,&quot;animation&quot;:&quot;fadeIn&quot;}\">\n\t\t\t\t\t<div class=\"e-con-inner\">\n\t\t<div class=\"elementor-element elementor-element-1726f7bd e-con-full animated-fast e-flex elementor-invisible e-con e-child\" data-id=\"1726f7bd\" data-element_type=\"container\" data-e-type=\"container\" data-settings=\"{&quot;animation&quot;:&quot;fadeInDown&quot;}\">\n\t\t\t\t<div class=\"elementor-element elementor-element-67ac1903 elementor-widget elementor-widget-heading\" data-id=\"67ac1903\" data-element_type=\"widget\" data-e-type=\"widget\" data-widget_type=\"heading.default\">\n\t\t\t\t<div class=\"elementor-widget-container\">\n\t\t\t\t\t<h1 class=\"elementor-heading-title elementor-size-default\">Dienst&shy;leistung<\/h1>\t\t\t\t<\/div>\n\t\t\t\t<\/div>\n\t\t\t\t<div class=\"elementor-element elementor-element-18c6386f elementor-widget elementor-widget-heading\" data-id=\"18c6386f\" data-element_type=\"widget\" data-e-type=\"widget\" data-widget_type=\"heading.default\">\n\t\t\t\t<div class=\"elementor-widget-container\">\n\t\t\t\t\t<h3 class=\"elementor-heading-title elementor-size-default\">Von A \u2013 Z versorgt<\/h3>\t\t\t\t<\/div>\n\t\t\t\t<\/div>\n\t\t\t\t<div class=\"elementor-element elementor-element-2802d284 elementor-widget elementor-widget-text-editor\" data-id=\"2802d284\" data-element_type=\"widget\" data-e-type=\"widget\" data-widget_type=\"text-editor.default\">\n\t\t\t\t<div class=\"elementor-widget-container\">\n\t\t\t\t\t\t\t\t\t<p>Reutlingens Innenstadt ist auf dich eingestellt. Neben interessanten Gesch\u00e4ften und gem\u00fctlicher Gastronomie findest du eine Vielzahl an Dienstleistungen \u2013 von Kopf (Friseur) bis Fu\u00df (Orthop\u00e4de). Und f\u00fcr deine baumelnde Seele gibt es herausfordernde Freizeitangebote, die auf dich warten.<\/p>\t\t\t\t\t\t\t\t<\/div>\n\t\t\t\t<\/div>\n\t\t\t\t<\/div>\n\t\t<div class=\"elementor-element elementor-element-14dc91ef e-con-full animated-fast e-flex elementor-invisible e-con e-child\" data-id=\"14dc91ef\" data-element_type=\"container\" data-e-type=\"container\" data-settings=\"{&quot;animation&quot;:&quot;fadeInDown&quot;,&quot;animation_delay&quot;:200}\">\n\t\t\t\t<div class=\"elementor-element elementor-element-216dbab1 elementor-widget elementor-widget-image\" data-id=\"216dbab1\" data-element_type=\"widget\" data-e-type=\"widget\" data-widget_type=\"image.default\">\n\t\t\t\t<div class=\"elementor-widget-container\">\n\t\t\t\t\t\t\t\t\t\t\t\t\t\t\t<img fetchpriority=\"high\" decoding=\"async\" width=\"2560\" height=\"1708\" src=\"https:\/\/visitreutlingen.de\/wp-content\/uploads\/2025\/09\/pexels-enginakyurt-3065209-scaled.jpg\" class=\"attachment-full size-full wp-image-105604\" alt=\"Reutlingen entdecken\" srcset=\"https:\/\/visitreutlingen.de\/wp-content\/uploads\/2025\/09\/pexels-enginakyurt-3065209-scaled.jpg 2560w, https:\/\/visitreutlingen.de\/wp-content\/uploads\/2025\/09\/pexels-enginakyurt-3065209-300x200.jpg 300w, https:\/\/visitreutlingen.de\/wp-content\/uploads\/2025\/09\/pexels-enginakyurt-3065209-1024x683.jpg 1024w, https:\/\/visitreutlingen.de\/wp-content\/uploads\/2025\/09\/pexels-enginakyurt-3065209-768x512.jpg 768w, https:\/\/visitreutlingen.de\/wp-content\/uploads\/2025\/09\/pexels-enginakyurt-3065209-1536x1025.jpg 1536w, https:\/\/visitreutlingen.de\/wp-content\/uploads\/2025\/09\/pexels-enginakyurt-3065209-2048x1366.jpg 2048w\" sizes=\"(max-width: 2560px) 100vw, 2560px\" title=\"Reutlingen. Kannst du nur lieben.\">\t\t\t\t\t\t\t\t\t\t\t\t\t\t\t<\/div>\n\t\t\t\t<\/div>\n\t\t\t\t<\/div>\n\t\t\t\t\t<\/div>\n\t\t\t\t<\/div>\n\t\t<div class=\"elementor-element elementor-element-1ad7f837 e-flex e-con-boxed e-con e-parent\" data-id=\"1ad7f837\" data-element_type=\"container\" data-e-type=\"container\">\n\t\t\t\t\t<div class=\"e-con-inner\">\n\t\t\t\t<div class=\"elementor-element elementor-element-7fe121d9 elementor-widget elementor-widget-spacer\" data-id=\"7fe121d9\" data-element_type=\"widget\" data-e-type=\"widget\" data-widget_type=\"spacer.default\">\n\t\t\t\t<div class=\"elementor-widget-container\">\n\t\t\t\t\t\t\t<div class=\"elementor-spacer\">\n\t\t\t<div class=\"elementor-spacer-inner\"><\/div>\n\t\t<\/div>\n\t\t\t\t\t\t<\/div>\n\t\t\t\t<\/div>\n\t\t\t\t\t<\/div>\n\t\t\t\t<\/div>\n\t\t<div class=\"elementor-element elementor-element-36f625c5 animated-fast e-flex e-con-boxed elementor-invisible e-con e-parent\" data-id=\"36f625c5\" data-element_type=\"container\" data-e-type=\"container\" data-settings=\"{&quot;animation&quot;:&quot;fadeInUp&quot;}\">\n\t\t\t\t\t<div class=\"e-con-inner\">\n\t\t<div class=\"elementor-element elementor-element-6da91bb1 e-con-full e-flex e-con e-child\" data-id=\"6da91bb1\" data-element_type=\"container\" data-e-type=\"container\">\n\t\t\t\t<div class=\"elementor-element elementor-element-5774e523 elementor-widget elementor-widget-heading\" data-id=\"5774e523\" data-element_type=\"widget\" data-e-type=\"widget\" data-widget_type=\"heading.default\">\n\t\t\t\t<div class=\"elementor-widget-container\">\n\t\t\t\t\t<h2 class=\"elementor-heading-title elementor-size-default\">Dienstleister in Reutlingen<\/h2>\t\t\t\t<\/div>\n\t\t\t\t<\/div>\n\t\t\t\t<\/div>\n\t\t\t\t\t<\/div>\n\t\t\t\t<\/div>\n\t\t<div class=\"elementor-element elementor-element-697216f8 e-flex e-con-boxed e-con e-parent\" data-id=\"697216f8\" data-element_type=\"container\" data-e-type=\"container\">\n\t\t\t\t\t<div class=\"e-con-inner\">\n\t\t\t\t<div class=\"elementor-element elementor-element-34415638 elementor-widget elementor-widget-spacer\" data-id=\"34415638\" data-element_type=\"widget\" data-e-type=\"widget\" data-widget_type=\"spacer.default\">\n\t\t\t\t<div class=\"elementor-widget-container\">\n\t\t\t\t\t\t\t<div class=\"elementor-spacer\">\n\t\t\t<div class=\"elementor-spacer-inner\"><\/div>\n\t\t<\/div>\n\t\t\t\t\t\t<\/div>\n\t\t\t\t<\/div>\n\t\t\t\t\t<\/div>\n\t\t\t\t<\/div>\n\t\t<div class=\"elementor-element elementor-element-10e6e7d animated-fast e-flex e-con-boxed elementor-invisible e-con e-parent\" data-id=\"10e6e7d\" data-element_type=\"container\" data-e-type=\"container\" data-settings=\"{&quot;animation&quot;:&quot;fadeInUp&quot;}\">\n\t\t\t\t\t<div class=\"e-con-inner\">\n\t\t\t\t<div class=\"elementor-element elementor-element-fbd772b elementor-widget elementor-widget-html\" data-id=\"fbd772b\" data-element_type=\"widget\" data-e-type=\"widget\" data-widget_type=\"html.default\">\n\t\t\t\t<div class=\"elementor-widget-container\">\n\t\t\t\t\t<div class=\"mpm-widgets\" \r\n     data-typ=\"suche\" \r\n     data-modul=\"akteure\" \r\n     data-gruppe=\"dienstleistung\" \r\n     data-sortierfeld=\"\" \r\n     data-sortiertyp=\"zufaellig\" \r\n     data-ergebnislimit=\"\" \r\n     data-initial-kartenanzeige=\"9\"\r\n     data-initial-filteranzeige-desktop=\"5\"\r\n     data-initial-filteranzeige-mobile=\"2\"\r\n<\/div>\t\t\t\t<\/div>\n\t\t\t\t<\/div>\n\t\t\t\t\t<\/div>\n\t\t\t\t<\/div>\n\t\t\t\t<\/div>\n\t\t","protected":false},"excerpt":{"rendered":"<p>Dienst&shy;leistung Von A \u2013 Z versorgt Reutlingens Innenstadt ist auf dich eingestellt. Neben interessanten Gesch\u00e4ften und gem\u00fctlicher Gastronomie findest du eine Vielzahl an Dienstleistungen \u2013 von Kopf (Friseur) bis Fu\u00df (Orthop\u00e4de). Und f\u00fcr deine baumelnde Seele gibt es herausfordernde Freizeitangebote, die auf dich warten. Dienstleister in Reutlingen<\/p>\n","protected":false},"author":1,"featured_media":0,"parent":102255,"menu_order":0,"comment_status":"closed","ping_status":"closed","template":"","meta":{"inline_featured_image":false,"footnotes":""},"class_list":["post-105522","page","type-page","status-publish","hentry"],"_links":{"self":[{"href":"https:\/\/visitreutlingen.de\/tr\/wp-json\/wp\/v2\/pages\/105522","targetHints":{"allow":["GET"]}}],"collection":[{"href":"https:\/\/visitreutlingen.de\/tr\/wp-json\/wp\/v2\/pages"}],"about":[{"href":"https:\/\/visitreutlingen.de\/tr\/wp-json\/wp\/v2\/types\/page"}],"author":[{"embeddable":true,"href":"https:\/\/visitreutlingen.de\/tr\/wp-json\/wp\/v2\/users\/1"}],"replies":[{"embeddable":true,"href":"https:\/\/visitreutlingen.de\/tr\/wp-json\/wp\/v2\/comments?post=105522"}],"version-history":[{"count":0,"href":"https:\/\/visitreutlingen.de\/tr\/wp-json\/wp\/v2\/pages\/105522\/revisions"}],"up":[{"embeddable":true,"href":"https:\/\/visitreutlingen.de\/tr\/wp-json\/wp\/v2\/pages\/102255"}],"wp:attachment":[{"href":"https:\/\/visitreutlingen.de\/tr\/wp-json\/wp\/v2\/media?parent=105522"}],"curies":[{"name":"wp","href":"https:\/\/api.w.org\/{rel}","templated":true}]}}