{"id":112404,"date":"2026-02-04T14:48:38","date_gmt":"2026-02-04T13:48:38","guid":{"rendered":"https:\/\/visitreutlingen.de\/informieren\/das-reutlinger-kaertle-_kopie\/"},"modified":"2026-03-17T17:22:50","modified_gmt":"2026-03-17T16:22:50","slug":"reutlinger-gutschein","status":"publish","type":"page","link":"https:\/\/visitreutlingen.de\/tr\/informieren\/reutlinger-gutschein\/","title":{"rendered":"Der Reutlinger Gutschein"},"content":{"rendered":"\t\t<div data-elementor-type=\"wp-page\" data-elementor-id=\"112404\" class=\"elementor elementor-112404\" data-elementor-post-type=\"page\">\n\t\t\t\t<div class=\"elementor-element elementor-element-6918e88b e-flex e-con-boxed e-con e-parent\" data-id=\"6918e88b\" data-element_type=\"container\" data-e-type=\"container\">\n\t\t\t\t\t<div class=\"e-con-inner\">\n\t\t<div class=\"elementor-element elementor-element-2ad272c6 e-con-full animated-fast e-flex elementor-invisible e-con e-child\" data-id=\"2ad272c6\" data-element_type=\"container\" data-e-type=\"container\" data-settings=\"{&quot;animation&quot;:&quot;fadeInDown&quot;}\">\n\t\t\t\t<div class=\"elementor-element elementor-element-2b03c6a4 elementor-widget elementor-widget-heading\" data-id=\"2b03c6a4\" data-element_type=\"widget\" data-e-type=\"widget\" data-widget_type=\"heading.default\">\n\t\t\t\t<div class=\"elementor-widget-container\">\n\t\t\t\t\t<h1 class=\"elementor-heading-title elementor-size-default\">Gut zu wissen: Dein Reutlinger Gutschein<\/h1>\t\t\t\t<\/div>\n\t\t\t\t<\/div>\n\t\t\t\t<div class=\"elementor-element elementor-element-6705d74a elementor-widget elementor-widget-text-editor\" data-id=\"6705d74a\" data-element_type=\"widget\" data-e-type=\"widget\" data-widget_type=\"text-editor.default\">\n\t\t\t\t<div class=\"elementor-widget-container\">\n\t\t\t\t\t\t\t\t\t<p data-start=\"182\" data-end=\"301\">Mit dem <strong data-start=\"190\" data-end=\"214\">Reutlinger Gutschein<\/strong> kannst du in vielen Reutlinger Gesch\u00e4ften, Caf\u00e9s und Betrieben einkaufen und genie\u00dfen.<\/p><p data-start=\"303\" data-end=\"499\">Bitte beachte:<br data-start=\"317\" data-end=\"320\" \/>Der Gutschein ist noch <strong data-start=\"343\" data-end=\"379\">bis zum 31. Dezember 2026 g\u00fcltig<\/strong>. Danach kann er leider nicht mehr eingel\u00f6st werden. Nutze ihn also am besten rechtzeitig \u2013 so hast du am meisten davon.<\/p>\t\t\t\t\t\t\t\t<\/div>\n\t\t\t\t<\/div>\n\t\t\t\t<\/div>\n\t\t<div class=\"elementor-element elementor-element-2c267dd5 e-con-full animated-fast e-flex elementor-invisible e-con e-child\" data-id=\"2c267dd5\" data-element_type=\"container\" data-e-type=\"container\" data-settings=\"{&quot;animation&quot;:&quot;fadeInDown&quot;,&quot;animation_delay&quot;:200}\">\n\t\t\t\t<div class=\"elementor-element elementor-element-1156ce70 elementor-widget elementor-widget-image\" data-id=\"1156ce70\" data-element_type=\"widget\" data-e-type=\"widget\" data-widget_type=\"image.default\">\n\t\t\t\t<div class=\"elementor-widget-container\">\n\t\t\t\t\t\t\t\t\t\t\t\t\t\t\t<img fetchpriority=\"high\" decoding=\"async\" width=\"2560\" height=\"1722\" src=\"https:\/\/visitreutlingen.de\/wp-content\/uploads\/2026\/02\/Faecher-gross-scaled.jpg\" class=\"attachment-full size-full wp-image-112641\" alt=\"Reutlingen entdecken\" srcset=\"https:\/\/visitreutlingen.de\/wp-content\/uploads\/2026\/02\/Faecher-gross-scaled.jpg 2560w, https:\/\/visitreutlingen.de\/wp-content\/uploads\/2026\/02\/Faecher-gross-300x202.jpg 300w, https:\/\/visitreutlingen.de\/wp-content\/uploads\/2026\/02\/Faecher-gross-1024x689.jpg 1024w, https:\/\/visitreutlingen.de\/wp-content\/uploads\/2026\/02\/Faecher-gross-768x517.jpg 768w, https:\/\/visitreutlingen.de\/wp-content\/uploads\/2026\/02\/Faecher-gross-1536x1033.jpg 1536w, https:\/\/visitreutlingen.de\/wp-content\/uploads\/2026\/02\/Faecher-gross-2048x1377.jpg 2048w\" sizes=\"(max-width: 2560px) 100vw, 2560px\" title=\"Reutlingen. Kannst du nur lieben.\">\t\t\t\t\t\t\t\t\t\t\t\t\t\t\t<\/div>\n\t\t\t\t<\/div>\n\t\t\t\t<\/div>\n\t\t\t\t\t<\/div>\n\t\t\t\t<\/div>\n\t\t<div class=\"elementor-element elementor-element-6658a74d e-flex e-con-boxed e-con e-parent\" data-id=\"6658a74d\" data-element_type=\"container\" data-e-type=\"container\">\n\t\t\t\t\t<div class=\"e-con-inner\">\n\t\t\t\t<div class=\"elementor-element elementor-element-195416c0 elementor-widget elementor-widget-spacer\" data-id=\"195416c0\" data-element_type=\"widget\" data-e-type=\"widget\" data-widget_type=\"spacer.default\">\n\t\t\t\t<div class=\"elementor-widget-container\">\n\t\t\t\t\t\t\t<div class=\"elementor-spacer\">\n\t\t\t<div class=\"elementor-spacer-inner\"><\/div>\n\t\t<\/div>\n\t\t\t\t\t\t<\/div>\n\t\t\t\t<\/div>\n\t\t\t\t\t<\/div>\n\t\t\t\t<\/div>\n\t\t<div class=\"elementor-element elementor-element-3c44c2aa animated-fast e-flex e-con-boxed elementor-invisible e-con e-parent\" data-id=\"3c44c2aa\" data-element_type=\"container\" data-e-type=\"container\" data-settings=\"{&quot;background_background&quot;:&quot;classic&quot;,&quot;animation&quot;:&quot;fadeIn&quot;}\">\n\t\t\t\t\t<div class=\"e-con-inner\">\n\t\t<div class=\"elementor-element elementor-element-5708a247 e-con-full animated-fast e-flex elementor-invisible e-con e-child\" data-id=\"5708a247\" data-element_type=\"container\" data-e-type=\"container\" data-settings=\"{&quot;animation&quot;:&quot;fadeInLeft&quot;}\">\n\t\t\t\t<div class=\"elementor-element elementor-element-38341ffd elementor-widget elementor-widget-heading\" data-id=\"38341ffd\" data-element_type=\"widget\" data-e-type=\"widget\" data-widget_type=\"heading.default\">\n\t\t\t\t<div class=\"elementor-widget-container\">\n\t\t\t\t\t<h2 class=\"elementor-heading-title elementor-size-default\">Wichtig f\u00fcr dich:\n<\/h2>\t\t\t\t<\/div>\n\t\t\t\t<\/div>\n\t\t\t\t<div class=\"elementor-element elementor-element-1c42ebb elementor-widget elementor-widget-text-editor\" data-id=\"1c42ebb\" data-element_type=\"widget\" data-e-type=\"widget\" data-widget_type=\"text-editor.default\">\n\t\t\t\t<div class=\"elementor-widget-container\">\n\t\t\t\t\t\t\t\t\t<p data-start=\"501\" data-end=\"582\">Der Reutlinger Gutschein ist <strong data-start=\"550\" data-end=\"559\">nicht<\/strong> das Reutlinger K\u00e4rtle.<\/p><p data-start=\"584\" data-end=\"728\">Beide Angebote funktionieren unterschiedlich und gelten nicht in den gleichen Gesch\u00e4ften. Das hei\u00dft: Nicht jede Annahmestelle nimmt beides an.<\/p><p data-start=\"584\" data-end=\"728\">Damit dein Einkauf f\u00fcr dich entspannt und unkompliziert bleibt, haben wir hier alle <strong>Annahmestellen des Reutlinger Gutscheins <\/strong>f\u00fcr dich zusammengestellt. So wei\u00dft du immer, wo du ihn einl\u00f6sen kannst \u2013 und vermeidest Missverst\u00e4ndnisse.\u00a0<\/p><p data-start=\"584\" data-end=\"728\">Hier findest du eine Auflistung aller Annahmestellen.\u00a0<\/p><p data-start=\"584\" data-end=\"728\">\u00a0<\/p>\t\t\t\t\t\t\t\t<\/div>\n\t\t\t\t<\/div>\n\t\t\t\t<\/div>\n\t\t<div class=\"elementor-element elementor-element-dcc4741 e-con-full animated-fast e-flex elementor-invisible e-con e-child\" data-id=\"dcc4741\" data-element_type=\"container\" data-e-type=\"container\" data-settings=\"{&quot;animation&quot;:&quot;fadeInLeft&quot;}\">\n\t\t\t\t<div class=\"elementor-element elementor-element-e8ea1e0 e-transform elementor-widget elementor-widget-image\" data-id=\"e8ea1e0\" data-element_type=\"widget\" data-e-type=\"widget\" data-settings=\"{&quot;_transform_rotateZ_effect&quot;:{&quot;unit&quot;:&quot;px&quot;,&quot;size&quot;:-5,&quot;sizes&quot;:[]},&quot;_transform_rotateZ_effect_tablet&quot;:{&quot;unit&quot;:&quot;deg&quot;,&quot;size&quot;:&quot;&quot;,&quot;sizes&quot;:[]},&quot;_transform_rotateZ_effect_mobile&quot;:{&quot;unit&quot;:&quot;deg&quot;,&quot;size&quot;:&quot;&quot;,&quot;sizes&quot;:[]}}\" data-widget_type=\"image.default\">\n\t\t\t\t<div class=\"elementor-widget-container\">\n\t\t\t\t\t\t\t\t\t\t\t\t\t\t\t<img decoding=\"async\" src=\"https:\/\/visitreutlingen.de\/wp-content\/uploads\/2025\/11\/Reutlingen_Illu_Tourist-Info2.png\" title=\"Reutlingen_Illu_Tourist-Info2\" alt=\"Reutlingen_Illu_Tourist-Info2\" loading=\"lazy\" \/>\t\t\t\t\t\t\t\t\t\t\t\t\t\t\t<\/div>\n\t\t\t\t<\/div>\n\t\t\t\t<\/div>\n\t\t\t\t\t<\/div>\n\t\t\t\t<\/div>\n\t\t<div class=\"elementor-element elementor-element-5b5a6bd e-flex e-con-boxed e-con e-parent\" data-id=\"5b5a6bd\" data-element_type=\"container\" data-e-type=\"container\">\n\t\t\t\t\t<div class=\"e-con-inner\">\n\t\t\t\t<div class=\"elementor-element elementor-element-d4daa5e elementor-widget elementor-widget-spacer\" data-id=\"d4daa5e\" data-element_type=\"widget\" data-e-type=\"widget\" data-widget_type=\"spacer.default\">\n\t\t\t\t<div class=\"elementor-widget-container\">\n\t\t\t\t\t\t\t<div class=\"elementor-spacer\">\n\t\t\t<div class=\"elementor-spacer-inner\"><\/div>\n\t\t<\/div>\n\t\t\t\t\t\t<\/div>\n\t\t\t\t<\/div>\n\t\t\t\t\t<\/div>\n\t\t\t\t<\/div>\n\t\t<div class=\"elementor-element elementor-element-bbf11a9 animated-fast e-flex e-con-boxed elementor-invisible e-con e-parent\" data-id=\"bbf11a9\" data-element_type=\"container\" data-e-type=\"container\" data-settings=\"{&quot;animation&quot;:&quot;fadeInUp&quot;}\">\n\t\t\t\t\t<div class=\"e-con-inner\">\n\t\t<div class=\"elementor-element elementor-element-7422908 e-con-full e-flex e-con e-child\" data-id=\"7422908\" data-element_type=\"container\" data-e-type=\"container\">\n\t\t\t\t<div class=\"elementor-element elementor-element-87dd429 elementor-widget elementor-widget-heading\" data-id=\"87dd429\" data-element_type=\"widget\" data-e-type=\"widget\" data-widget_type=\"heading.default\">\n\t\t\t\t<div class=\"elementor-widget-container\">\n\t\t\t\t\t<h2 class=\"elementor-heading-title elementor-size-default\">Gutschein Annahmestellen<\/h2>\t\t\t\t<\/div>\n\t\t\t\t<\/div>\n\t\t\t\t<\/div>\n\t\t\t\t\t<\/div>\n\t\t\t\t<\/div>\n\t\t<div class=\"elementor-element elementor-element-32ed3c29 e-flex e-con-boxed e-con e-parent\" data-id=\"32ed3c29\" data-element_type=\"container\" data-e-type=\"container\">\n\t\t\t\t\t<div class=\"e-con-inner\">\n\t\t\t\t<div class=\"elementor-element elementor-element-54778643 elementor-widget elementor-widget-spacer\" data-id=\"54778643\" data-element_type=\"widget\" data-e-type=\"widget\" data-widget_type=\"spacer.default\">\n\t\t\t\t<div class=\"elementor-widget-container\">\n\t\t\t\t\t\t\t<div class=\"elementor-spacer\">\n\t\t\t<div class=\"elementor-spacer-inner\"><\/div>\n\t\t<\/div>\n\t\t\t\t\t\t<\/div>\n\t\t\t\t<\/div>\n\t\t\t\t\t<\/div>\n\t\t\t\t<\/div>\n\t\t<div class=\"elementor-element elementor-element-29fb797 animated-fast e-flex e-con-boxed elementor-invisible e-con e-parent\" data-id=\"29fb797\" data-element_type=\"container\" data-e-type=\"container\" data-settings=\"{&quot;animation&quot;:&quot;fadeInUp&quot;}\">\n\t\t\t\t\t<div class=\"e-con-inner\">\n\t\t\t\t<div class=\"elementor-element elementor-element-3c6afa1 elementor-widget elementor-widget-html\" data-id=\"3c6afa1\" data-element_type=\"widget\" data-e-type=\"widget\" data-widget_type=\"html.default\">\n\t\t\t\t<div class=\"elementor-widget-container\">\n\t\t\t\t\t<div class=\"mpm-widgets\" \r\n     data-typ=\"eigenschaftssuche\" \r\n     data-modul=\"\"\r\n     data-eigenschaft=\"Reutlinger Gutschein\"\r\n     data-sortiertyp=\"zufaellig\"\r\n     data-ergebnislimit=\"\"\r\n     data-initial-kartenanzeige=\"3\">\r\n<\/div>\t\t\t\t<\/div>\n\t\t\t\t<\/div>\n\t\t\t\t\t<\/div>\n\t\t\t\t<\/div>\n\t\t<div class=\"elementor-element elementor-element-f64d3e4 e-flex e-con-boxed e-con e-parent\" data-id=\"f64d3e4\" data-element_type=\"container\" data-e-type=\"container\">\n\t\t\t\t\t<div class=\"e-con-inner\">\n\t\t\t\t<div class=\"elementor-element elementor-element-6058545 elementor-widget elementor-widget-spacer\" data-id=\"6058545\" data-element_type=\"widget\" data-e-type=\"widget\" data-widget_type=\"spacer.default\">\n\t\t\t\t<div class=\"elementor-widget-container\">\n\t\t\t\t\t\t\t<div class=\"elementor-spacer\">\n\t\t\t<div class=\"elementor-spacer-inner\"><\/div>\n\t\t<\/div>\n\t\t\t\t\t\t<\/div>\n\t\t\t\t<\/div>\n\t\t\t\t\t<\/div>\n\t\t\t\t<\/div>\n\t\t\t\t<\/div>\n\t\t","protected":false},"excerpt":{"rendered":"<p>Gut zu wissen: Dein Reutlinger Gutschein Mit dem Reutlinger Gutschein kannst du in vielen Reutlinger Gesch\u00e4ften, Caf\u00e9s und Betrieben einkaufen und genie\u00dfen. Bitte beachte:Der Gutschein ist noch bis zum 31. Dezember 2026 g\u00fcltig. Danach kann er leider nicht mehr eingel\u00f6st werden. Nutze ihn also am besten rechtzeitig \u2013 so hast du am meisten davon. Wichtig [&hellip;]<\/p>\n","protected":false},"author":6,"featured_media":0,"parent":102265,"menu_order":0,"comment_status":"closed","ping_status":"closed","template":"","meta":{"inline_featured_image":false,"footnotes":""},"class_list":["post-112404","page","type-page","status-publish","hentry"],"_links":{"self":[{"href":"https:\/\/visitreutlingen.de\/tr\/wp-json\/wp\/v2\/pages\/112404","targetHints":{"allow":["GET"]}}],"collection":[{"href":"https:\/\/visitreutlingen.de\/tr\/wp-json\/wp\/v2\/pages"}],"about":[{"href":"https:\/\/visitreutlingen.de\/tr\/wp-json\/wp\/v2\/types\/page"}],"author":[{"embeddable":true,"href":"https:\/\/visitreutlingen.de\/tr\/wp-json\/wp\/v2\/users\/6"}],"replies":[{"embeddable":true,"href":"https:\/\/visitreutlingen.de\/tr\/wp-json\/wp\/v2\/comments?post=112404"}],"version-history":[{"count":4,"href":"https:\/\/visitreutlingen.de\/tr\/wp-json\/wp\/v2\/pages\/112404\/revisions"}],"predecessor-version":[{"id":112644,"href":"https:\/\/visitreutlingen.de\/tr\/wp-json\/wp\/v2\/pages\/112404\/revisions\/112644"}],"up":[{"embeddable":true,"href":"https:\/\/visitreutlingen.de\/tr\/wp-json\/wp\/v2\/pages\/102265"}],"wp:attachment":[{"href":"https:\/\/visitreutlingen.de\/tr\/wp-json\/wp\/v2\/media?parent=112404"}],"curies":[{"name":"wp","href":"https:\/\/api.w.org\/{rel}","templated":true}]}}